{"id":999,"date":"2021-06-06T09:19:11","date_gmt":"2021-06-06T07:19:11","guid":{"rendered":"http:\/\/nagibel.com\/?page_id=999"},"modified":"2021-06-06T09:19:11","modified_gmt":"2021-06-06T07:19:11","slug":"ecole-parc-malou-2010","status":"publish","type":"page","link":"http:\/\/nagibel.com\/index.php\/ecole-parc-malou-2010\/","title":{"rendered":"Ecole parc Malou (2010)"},"content":{"rendered":"\n<p>Le fils de David a fait sa conf\u00e9rence sur le Naginata..Rien de mieux pour illustrer tout cela qu&#8217;une d\u00e9monstration! David, Jonathan, Pascale et le petit David s&#8217;y sont donc retrouv\u00e9 pour faire d\u00e9couvrir aux enfants leur passion..<img decoding=\"async\" loading=\"lazy\" width=\"534\" height=\"356\" src=\"https:\/\/web.archive.org\/web\/20181214185916im_\/http:\/\/www.nagibel.be\/uploads\/images\/Evenement\/300744_10150401686213455_531118454_10457179_1826803028_n.jpg\" alt=\"\"><img decoding=\"async\" loading=\"lazy\" width=\"530\" height=\"364\" src=\"https:\/\/web.archive.org\/web\/20181214185916im_\/http:\/\/www.nagibel.be\/uploads\/images\/Evenement\/320019_10150401685878455_531118454_10457176_376316088_n.jpg\" alt=\"\"><\/p>\n","protected":false},"excerpt":{"rendered":"<p>Le fils de David a fait sa conf\u00e9rence sur le Naginata..Rien de mieux pour illustrer tout cela qu&#8217;une d\u00e9monstration! David, Jonathan, Pascale et le petit David s&#8217;y sont donc retrouv\u00e9 pour faire d\u00e9couvrir aux enfants leur passion..<\/p>\n","protected":false},"author":1,"featured_media":0,"parent":0,"menu_order":0,"comment_status":"closed","ping_status":"closed","template":"","meta":[],"_links":{"self":[{"href":"http:\/\/nagibel.com\/index.php\/wp-json\/wp\/v2\/pages\/999"}],"collection":[{"href":"http:\/\/nagibel.com\/index.php\/wp-json\/wp\/v2\/pages"}],"about":[{"href":"http:\/\/nagibel.com\/index.php\/wp-json\/wp\/v2\/types\/page"}],"author":[{"embeddable":true,"href":"http:\/\/nagibel.com\/index.php\/wp-json\/wp\/v2\/users\/1"}],"replies":[{"embeddable":true,"href":"http:\/\/nagibel.com\/index.php\/wp-json\/wp\/v2\/comments?post=999"}],"version-history":[{"count":1,"href":"http:\/\/nagibel.com\/index.php\/wp-json\/wp\/v2\/pages\/999\/revisions"}],"predecessor-version":[{"id":1000,"href":"http:\/\/nagibel.com\/index.php\/wp-json\/wp\/v2\/pages\/999\/revisions\/1000"}],"wp:attachment":[{"href":"http:\/\/nagibel.com\/index.php\/wp-json\/wp\/v2\/media?parent=999"}],"curies":[{"name":"wp","href":"https:\/\/api.w.org\/{rel}","templated":true}]}}