{"id":991,"date":"2021-06-06T08:18:03","date_gmt":"2021-06-06T06:18:03","guid":{"rendered":"http:\/\/nagibel.com\/?page_id=991"},"modified":"2021-06-06T09:04:15","modified_gmt":"2021-06-06T07:04:15","slug":"materiel","status":"publish","type":"page","link":"http:\/\/nagibel.com\/index.php\/materiel\/","title":{"rendered":"Mat\u00e9riel"},"content":{"rendered":"\n<p>Le mat\u00e9riel ad\u00e9quat de naginata n&#8217;est pas toujours facile \u00e0 trouver. Voici les bonnes adresses:<\/p>\n\n\n\n<p><strong>La naginata<\/strong>: Le club pr\u00eate et vend des naginata enti\u00e8re ainsi que des lames de naginata. En ligne, elles sont particuli\u00e8rement ch\u00e8res et ne peuvent se trouver qu&#8217;au Japon.<\/p>\n\n\n\n<p><strong>La tenue:<\/strong> Les d\u00e9butants ne sont pas tenu d&#8217;acheter directement la tenue r\u00e9glementaire du naginata. Celle-ci se compose d&#8217;un <em>hakama<\/em> bleu fonc\u00e9 ou noir et d&#8217;un <em>keikogi <\/em>blanc l\u00e9ger \u00e0 courte manche.<\/p>\n\n\n\n<p>A Bruxelles, le magasin &#8220;<a href=\"https:\/\/www.budohouse.com\/fr\/\">Budo House<\/a>&#8221; vend ce mat\u00e9riel (n&#8217;h\u00e9sitez pas \u00e0 dire que vous faites partie du club, vous aurez 15% ! ).<\/p>\n\n\n\n<p><strong>L&#8217;armure:<\/strong> Le <em>bogu<\/em> est un investissement plus important mais, bien entretenu, il peut \u00eatre utilis\u00e9 durant une dizaine d&#8217;ann\u00e9es (il est donc plus judicieux de l&#8217;acheter quand la croissance du participant est plus ou moins achev\u00e9e.). Attention, il existe plusieurs diff\u00e9rences entre l&#8217;armure de kendo et celle de naginata: le bogu de Naginata poss\u00e8de une paire de <em>sune<\/em>; nos <em>kote<\/em> ont 3 doigts pour une meilleure prise et le <em>men<\/em> est plus petit.<\/p>\n\n\n\n<p>Le club peut pr\u00eater des parties d&#8217;armures, mais celle-ci ne seront pas parfaitement adapt\u00e9e et sont en nombre limit\u00e9. Une armure peut s&#8217;acheter en ligne ou directement au Japon.<\/p>\n\n\n\n<p>Voici diff\u00e9rents sites web vendant du mat\u00e9riel de Naginata:<\/p>\n\n\n\n<ul><li><a href=\"https:\/\/tozandoshop.com\/\">Tozando<\/a><\/li><li><a href=\"https:\/\/www.ninecircles.co.uk\/\">Nine circles<\/a><\/li><li><a href=\"http:\/\/mazkiya.net\/shop\/location.php\">Mazkiya<\/a><\/li><li><a href=\"https:\/\/www.yamatobudogu.com\/\">Yamato budogu<\/a><\/li><li><a href=\"https:\/\/www.kendo24.com\/\">Kendo24<\/a><\/li><li><a href=\"https:\/\/zennihonbudogu.com\/all-japan\/\">Zen Nihon budogu<\/a><\/li><li><a href=\"https:\/\/www.e-bogu.com\/\">E-bogu<\/a><\/li><li><a href=\"http:\/\/eurokendo.com\/\">Eurokendo<\/a><\/li><li><a href=\"https:\/\/www.kiyotacompany.com\/products.html\">Kiyota company<\/a><\/li><\/ul>\n\n\n\n<p><\/p>\n","protected":false},"excerpt":{"rendered":"<p>Le mat\u00e9riel ad\u00e9quat de naginata n&#8217;est pas toujours facile \u00e0 trouver. Voici les bonnes adresses: La naginata: Le club pr\u00eate et vend des naginata enti\u00e8re ainsi que des lames de naginata. En ligne, elles sont particuli\u00e8rement ch\u00e8res et ne peuvent <a class=\"more-link\" href=\"http:\/\/nagibel.com\/index.php\/materiel\/\">Continue reading <span class=\"screen-reader-text\">  Mat\u00e9riel<\/span><span class=\"meta-nav\">&rarr;<\/span><\/a><\/p>\n","protected":false},"author":1,"featured_media":0,"parent":0,"menu_order":0,"comment_status":"closed","ping_status":"closed","template":"","meta":[],"_links":{"self":[{"href":"http:\/\/nagibel.com\/index.php\/wp-json\/wp\/v2\/pages\/991"}],"collection":[{"href":"http:\/\/nagibel.com\/index.php\/wp-json\/wp\/v2\/pages"}],"about":[{"href":"http:\/\/nagibel.com\/index.php\/wp-json\/wp\/v2\/types\/page"}],"author":[{"embeddable":true,"href":"http:\/\/nagibel.com\/index.php\/wp-json\/wp\/v2\/users\/1"}],"replies":[{"embeddable":true,"href":"http:\/\/nagibel.com\/index.php\/wp-json\/wp\/v2\/comments?post=991"}],"version-history":[{"count":6,"href":"http:\/\/nagibel.com\/index.php\/wp-json\/wp\/v2\/pages\/991\/revisions"}],"predecessor-version":[{"id":998,"href":"http:\/\/nagibel.com\/index.php\/wp-json\/wp\/v2\/pages\/991\/revisions\/998"}],"wp:attachment":[{"href":"http:\/\/nagibel.com\/index.php\/wp-json\/wp\/v2\/media?parent=991"}],"curies":[{"name":"wp","href":"https:\/\/api.w.org\/{rel}","templated":true}]}}