{"id":988,"date":"2021-06-04T14:35:03","date_gmt":"2021-06-04T12:35:03","guid":{"rendered":"http:\/\/nagibel.com\/?page_id=988"},"modified":"2021-06-13T20:03:19","modified_gmt":"2021-06-13T18:03:19","slug":"confinement-mai-2021","status":"publish","type":"page","link":"http:\/\/nagibel.com\/index.php\/confinement-mai-2021\/","title":{"rendered":"D\u00e9confinement 2 (mai 2021)"},"content":{"rendered":"\n<div class=\"wp-block-image\"><figure class=\"alignright is-resized\"><img decoding=\"async\" loading=\"lazy\" src=\"https:\/\/scontent-bru2-1.xx.fbcdn.net\/v\/t1.6435-9\/s960x960\/183663615_2102507019890972_1243256540281193351_n.jpg?_nc_cat=111&amp;ccb=1-3&amp;_nc_sid=8bfeb9&amp;_nc_ohc=zppEFbc78JcAX-T-89b&amp;_nc_ht=scontent-bru2-1.xx&amp;tp=7&amp;oh=e51486ee9577d0a9cebc4b463b8d6b41&amp;oe=60DE0C5A\" alt=\"Peut \u00eatre une image de plein air et texte qui dit \u2019509:41 Essayez &quot;station-service... maison du Meunier Abbaye du Rouge-Clo\u00eetr RueduRouge-Clo\u00eetre Rue du Clo\u00eetre &quot;dojo&quot; Th\u00e9\u00e2tre dela parole Rue du Rouge-Clo\u00eetre4 o\u00eetre Rouge- Consult\u00e9 r\u00e9cemment parking Google\u2019\" width=\"163\" height=\"305\"\/><\/figure><\/div>\n\n\n\n<p>Le confinement ayant repris de plus belle, notre activit\u00e9 \u00e0 d\u00fb se mettre sur pause..les cours ont toujours lieu en ligne les vendredis soir, mais il y a peu, nous avons repris les cours au Rouge-Clo\u00eetre entre 13h30 et 15h30.<\/p>\n\n\n\n<figure class=\"wp-block-image\"><img decoding=\"async\" src=\"https:\/\/scontent-bru2-1.xx.fbcdn.net\/v\/t1.6435-0\/s600x600\/181324933_2096965153778492_8508141186641248023_n.jpg?_nc_cat=106&amp;ccb=1-3&amp;_nc_sid=8bfeb9&amp;_nc_ohc=X8FsHyDmdmYAX9dXyOA&amp;_nc_oc=AQnDH9_iD7B3Z8THCi1GBt0suo30SlQL1K4DHg_BVSouhNO0KJ9OAQB4gU-AdJIgrw0&amp;_nc_ht=scontent-bru2-1.xx&amp;tp=7&amp;oh=0059b9fa90d083c5a00a5d1cea48d88d&amp;oe=60DED46D\" alt=\"\"\/><\/figure>\n","protected":false},"excerpt":{"rendered":"<p>Le confinement ayant repris de plus belle, notre activit\u00e9 \u00e0 d\u00fb se mettre sur pause..les cours ont toujours lieu en ligne les vendredis soir, mais il y a peu, nous avons repris les cours au Rouge-Clo\u00eetre entre 13h30 et 15h30.<\/p>\n","protected":false},"author":1,"featured_media":0,"parent":0,"menu_order":0,"comment_status":"closed","ping_status":"closed","template":"","meta":[],"_links":{"self":[{"href":"http:\/\/nagibel.com\/index.php\/wp-json\/wp\/v2\/pages\/988"}],"collection":[{"href":"http:\/\/nagibel.com\/index.php\/wp-json\/wp\/v2\/pages"}],"about":[{"href":"http:\/\/nagibel.com\/index.php\/wp-json\/wp\/v2\/types\/page"}],"author":[{"embeddable":true,"href":"http:\/\/nagibel.com\/index.php\/wp-json\/wp\/v2\/users\/1"}],"replies":[{"embeddable":true,"href":"http:\/\/nagibel.com\/index.php\/wp-json\/wp\/v2\/comments?post=988"}],"version-history":[{"count":2,"href":"http:\/\/nagibel.com\/index.php\/wp-json\/wp\/v2\/pages\/988\/revisions"}],"predecessor-version":[{"id":1156,"href":"http:\/\/nagibel.com\/index.php\/wp-json\/wp\/v2\/pages\/988\/revisions\/1156"}],"wp:attachment":[{"href":"http:\/\/nagibel.com\/index.php\/wp-json\/wp\/v2\/media?parent=988"}],"curies":[{"name":"wp","href":"https:\/\/api.w.org\/{rel}","templated":true}]}}