{"id":967,"date":"2021-06-04T13:03:57","date_gmt":"2021-06-04T11:03:57","guid":{"rendered":"http:\/\/nagibel.com\/?page_id=967"},"modified":"2021-06-04T14:30:48","modified_gmt":"2021-06-04T12:30:48","slug":"newslettre-europeene-2021","status":"publish","type":"page","link":"http:\/\/nagibel.com\/index.php\/newslettre-europeene-2021\/","title":{"rendered":"Newsletter europ\u00e9enne (2021)"},"content":{"rendered":"\n<p>Chaque mois, un pays est mis \u00e0 l&#8217;honneur dans la newsletter europ\u00e9enne. Il lui est alors demand\u00e9 d&#8217;\u00e9crire des articles: cela peut-\u00eatre sur la pratique, une exp\u00e9rience \u00e0 partager, un \u00e9v\u00e8nement \u00e0 promouvoir,&#8230;<\/p>\n\n\n\n<p>En mai, c&#8217;\u00e9tait \u00e0 notre tour! Nous avons d\u00e9cid\u00e9 de mettre en avant le savoir faire de nos pratiquants et avons \u00e9crit des articles DIY sur le th\u00e8me du Naginata.<\/p>\n\n\n\n<p>Ainsi, Ga\u00eblle et Laurence ont cr\u00e9\u00e9e une vid\u00e9o sur la r\u00e9paration des kote<a href=\"https:\/\/naginata-federation.eu\/how-to-repair-a-good-kote\/\"> https:\/\/naginata-federation.eu\/how-to-repair-a-good-kote\/<\/a><\/p>\n\n\n\n<p>Dylan et Laurence ont fait un article et une vid\u00e9o sur la r\u00e9paration du sune \u00e0 partir d&#8217;une lame: <a href=\"https:\/\/naginata-federation.eu\/how-to-repair-a-sune-with-a-naginata-habu\/\">https:\/\/naginata-federation.eu\/how-to-repair-a-sune-with-a-naginata-habu\/<\/a><\/p>\n\n\n\n<p>Et Pascale nous explique pas \u00e0 pas comment coudre une petite pochette pour ranger notre mat\u00e9riel de naginata: <a href=\"https:\/\/naginata-federation.eu\/little-bag-made-yourself\/\">https:\/\/naginata-federation.eu\/little-bag-made-yourself\/<\/a><\/p>\n\n\n\n<p><\/p>\n","protected":false},"excerpt":{"rendered":"<p>Chaque mois, un pays est mis \u00e0 l&#8217;honneur dans la newsletter europ\u00e9enne. Il lui est alors demand\u00e9 d&#8217;\u00e9crire des articles: cela peut-\u00eatre sur la pratique, une exp\u00e9rience \u00e0 partager, un \u00e9v\u00e8nement \u00e0 promouvoir,&#8230; En mai, c&#8217;\u00e9tait \u00e0 notre tour! Nous <a class=\"more-link\" href=\"http:\/\/nagibel.com\/index.php\/newslettre-europeene-2021\/\">Continue reading <span class=\"screen-reader-text\">  Newsletter europ\u00e9enne (2021)<\/span><span class=\"meta-nav\">&rarr;<\/span><\/a><\/p>\n","protected":false},"author":1,"featured_media":0,"parent":0,"menu_order":0,"comment_status":"closed","ping_status":"closed","template":"","meta":[],"_links":{"self":[{"href":"http:\/\/nagibel.com\/index.php\/wp-json\/wp\/v2\/pages\/967"}],"collection":[{"href":"http:\/\/nagibel.com\/index.php\/wp-json\/wp\/v2\/pages"}],"about":[{"href":"http:\/\/nagibel.com\/index.php\/wp-json\/wp\/v2\/types\/page"}],"author":[{"embeddable":true,"href":"http:\/\/nagibel.com\/index.php\/wp-json\/wp\/v2\/users\/1"}],"replies":[{"embeddable":true,"href":"http:\/\/nagibel.com\/index.php\/wp-json\/wp\/v2\/comments?post=967"}],"version-history":[{"count":4,"href":"http:\/\/nagibel.com\/index.php\/wp-json\/wp\/v2\/pages\/967\/revisions"}],"predecessor-version":[{"id":987,"href":"http:\/\/nagibel.com\/index.php\/wp-json\/wp\/v2\/pages\/967\/revisions\/987"}],"wp:attachment":[{"href":"http:\/\/nagibel.com\/index.php\/wp-json\/wp\/v2\/media?parent=967"}],"curies":[{"name":"wp","href":"https:\/\/api.w.org\/{rel}","templated":true}]}}