{"id":962,"date":"2021-06-04T12:54:37","date_gmt":"2021-06-04T10:54:37","guid":{"rendered":"http:\/\/nagibel.com\/?page_id=962"},"modified":"2021-06-04T12:54:38","modified_gmt":"2021-06-04T10:54:38","slug":"comment-reparer-un-sune","status":"publish","type":"page","link":"http:\/\/nagibel.com\/index.php\/comment-reparer-un-sune\/","title":{"rendered":"Comment r\u00e9parer un sune"},"content":{"rendered":"\n<figure class=\"wp-block-embed-youtube wp-block-embed is-type-video is-provider-youtube wp-embed-aspect-16-9 wp-has-aspect-ratio\"><div class=\"wp-block-embed__wrapper\">\n<iframe loading=\"lazy\" title=\"SUNE\" width=\"530\" height=\"298\" src=\"https:\/\/www.youtube.com\/embed\/3seOhlNaa2Y?feature=oembed\" frameborder=\"0\" allow=\"accelerometer; autoplay; clipboard-write; encrypted-media; gyroscope; picture-in-picture\" allowfullscreen><\/iframe>\n<\/div><figcaption>Par Laurence et Dylan<br><\/figcaption><\/figure>\n\n\n\n<p>R\u00e9parer une lame de sune \u00e0 l\u2019aide d\u2019une lame de naginata \u00e9tape par \u00e9tape : <\/p>\n\n\n\n<p>1) Bien choisir sa lame : celle-ci peut-\u00eatre us\u00e9e et pleine d\u2019\u00e9chardes mais ne doit pas \u00eatre cass\u00e9e. Par exemple, ci-contre, cette partie de lame est trop ab\u00eem\u00e9e pour \u00eatre utilis\u00e9e. Il faut utiliser la partie la plus plate de la lame et \u00e9viter les n\u0153uds de celle-ci. La partie courbe de la lame, le Sori, n\u2019est donc pas utilis\u00e9. <\/p>\n\n\n\n<p>2) Avant de scier, mesurez pr\u00e9alablement la taille de la lame n\u00e9cessaire, tous les sune ne sont pas pareil : il vaux mieux prendre la mesure exacte de la latte que vous remplacez. Attention avant de scier votre latte, prot\u00e9ger vous : utiliser des lunettes pour \u00e9viter d\u2019\u00e9ventuels \u00e9clats. <\/p>\n\n\n\n<p>3) Tracer les quatre trous permettant d\u2019attacher la latte au sune. Vous aurez besoin d\u2019une perceuse avec une m\u00e8che de taille 5 pour percer ceux-ci. Pour percer une planche en bois sans la fendre, il faut placer une 2\u00e8me planche en dessous et percer de mani\u00e8re bien verticale. Votre plan de travail doit \u00eatre bien stable. <\/p>\n\n\n\n<p>4) Poncer la latte en portant particuli\u00e8rement attention aux angles et aux trous que vous avez cr\u00e9\u00e9. Id\u00e9alement, les coins de votre latte doivent \u00eatre arrondis. Poncer l\u2019enti\u00e8ret\u00e9 de la latte, cela permettra par la suite une meilleur adh\u00e9rence \u00e0 la peinture. <\/p>\n\n\n\n<p>5) Peindre la lame en noir \u00e0 l\u2019aide d\u2019une bombe de peinture et laisser reposer. Pr\u00e9f\u00e9rez la bombe de peinture \u00e0 la peinture \u00e0 appliquer au pinceau : celle-ci r\u00e9agira mieux face aux futurs coups que vous lui infligerons vos adversaires.<\/p>\n\n\n\n<p> 6) Attacher la lame au sune \u00e0 l\u2019aide d\u2019un cordon de cuir ou d\u2019un lacet de chaussure de couleur fonc\u00e9. Le cordon doit \u00eatre bien tendu et droit. T\u00e2chez de faire le n\u0153ud le plus plat possible. Pour \u00e9viter que celui-ci vous blesse lorsque vous porter le sune, vous pouvez le recouvrir \u00e0 l\u2019aide d\u2019une bande de fixation de pansements.<\/p>\n","protected":false},"excerpt":{"rendered":"<p>R\u00e9parer une lame de sune \u00e0 l\u2019aide d\u2019une lame de naginata \u00e9tape par \u00e9tape : 1) Bien choisir sa lame : celle-ci peut-\u00eatre us\u00e9e et pleine d\u2019\u00e9chardes mais ne doit pas \u00eatre cass\u00e9e. Par exemple, ci-contre, cette partie de lame <a class=\"more-link\" href=\"http:\/\/nagibel.com\/index.php\/comment-reparer-un-sune\/\">Continue reading <span class=\"screen-reader-text\">  Comment r\u00e9parer un sune<\/span><span class=\"meta-nav\">&rarr;<\/span><\/a><\/p>\n","protected":false},"author":1,"featured_media":0,"parent":0,"menu_order":0,"comment_status":"closed","ping_status":"closed","template":"","meta":[],"_links":{"self":[{"href":"http:\/\/nagibel.com\/index.php\/wp-json\/wp\/v2\/pages\/962"}],"collection":[{"href":"http:\/\/nagibel.com\/index.php\/wp-json\/wp\/v2\/pages"}],"about":[{"href":"http:\/\/nagibel.com\/index.php\/wp-json\/wp\/v2\/types\/page"}],"author":[{"embeddable":true,"href":"http:\/\/nagibel.com\/index.php\/wp-json\/wp\/v2\/users\/1"}],"replies":[{"embeddable":true,"href":"http:\/\/nagibel.com\/index.php\/wp-json\/wp\/v2\/comments?post=962"}],"version-history":[{"count":1,"href":"http:\/\/nagibel.com\/index.php\/wp-json\/wp\/v2\/pages\/962\/revisions"}],"predecessor-version":[{"id":963,"href":"http:\/\/nagibel.com\/index.php\/wp-json\/wp\/v2\/pages\/962\/revisions\/963"}],"wp:attachment":[{"href":"http:\/\/nagibel.com\/index.php\/wp-json\/wp\/v2\/media?parent=962"}],"curies":[{"name":"wp","href":"https:\/\/api.w.org\/{rel}","templated":true}]}}