{"id":956,"date":"2020-12-05T08:44:22","date_gmt":"2020-12-05T07:44:22","guid":{"rendered":"http:\/\/nagibel.com\/?page_id=956"},"modified":"2020-12-05T08:48:49","modified_gmt":"2020-12-05T07:48:49","slug":"interview-par-tokushikai-2020","status":"publish","type":"page","link":"http:\/\/nagibel.com\/index.php\/interview-par-tokushikai-2020\/","title":{"rendered":"Interview par Tokushikai (2020)"},"content":{"rendered":"\n<p>Durant le confinement de novembre 2020, David s&#8217;est fait interview\u00e9 par Tokushikai Canada, une organisation d\u00e9di\u00e9e \u00e0 la promotion et le d\u00e9veloppement des arts martiaux japonais, en particulier l&#8217;Iaido, le Kendo, le Kyudo, le Jodo, et bien s\u00fbr, le Naginata.<\/p>\n\n\n\n<figure class=\"wp-block-embed-youtube wp-block-embed is-type-video is-provider-youtube wp-embed-aspect-16-9 wp-has-aspect-ratio\"><div class=\"wp-block-embed__wrapper\">\n<iframe loading=\"lazy\" title=\"#043 David D&#039;hose (Naginata) - Belgium\" width=\"530\" height=\"298\" src=\"https:\/\/www.youtube.com\/embed\/PCWSa1aSvyA?feature=oembed\" frameborder=\"0\" allow=\"accelerometer; autoplay; clipboard-write; encrypted-media; gyroscope; picture-in-picture\" allowfullscreen><\/iframe>\n<\/div><\/figure>\n\n\n\n<p>Charlotte et d&#8217;autres praticants se sont ensuite aussi essay\u00e9s \u00e0 l&#8217;exercices..<\/p>\n\n\n\n<figure class=\"wp-block-embed-youtube wp-block-embed is-type-video is-provider-youtube wp-embed-aspect-16-9 wp-has-aspect-ratio\"><div class=\"wp-block-embed__wrapper\">\n<iframe loading=\"lazy\" title=\"#027 Charlotte Vandersleyen (Naginata) - Belgium\/UK\" width=\"530\" height=\"298\" src=\"https:\/\/www.youtube.com\/embed\/videoseries?list=PLG_7wgiVju-Hjoj6Ey16hFCzZ6HOw5eUV\" frameborder=\"0\" allow=\"accelerometer; autoplay; clipboard-write; encrypted-media; gyroscope; picture-in-picture\" allowfullscreen><\/iframe>\n<\/div><\/figure>\n","protected":false},"excerpt":{"rendered":"<p>Durant le confinement de novembre 2020, David s&#8217;est fait interview\u00e9 par Tokushikai Canada, une organisation d\u00e9di\u00e9e \u00e0 la promotion et le d\u00e9veloppement des arts martiaux japonais, en particulier l&#8217;Iaido, le Kendo, le Kyudo, le Jodo, et bien s\u00fbr, le Naginata. <a class=\"more-link\" href=\"http:\/\/nagibel.com\/index.php\/interview-par-tokushikai-2020\/\">Continue reading <span class=\"screen-reader-text\">  Interview par Tokushikai (2020)<\/span><span class=\"meta-nav\">&rarr;<\/span><\/a><\/p>\n","protected":false},"author":1,"featured_media":0,"parent":0,"menu_order":0,"comment_status":"closed","ping_status":"closed","template":"","meta":[],"_links":{"self":[{"href":"http:\/\/nagibel.com\/index.php\/wp-json\/wp\/v2\/pages\/956"}],"collection":[{"href":"http:\/\/nagibel.com\/index.php\/wp-json\/wp\/v2\/pages"}],"about":[{"href":"http:\/\/nagibel.com\/index.php\/wp-json\/wp\/v2\/types\/page"}],"author":[{"embeddable":true,"href":"http:\/\/nagibel.com\/index.php\/wp-json\/wp\/v2\/users\/1"}],"replies":[{"embeddable":true,"href":"http:\/\/nagibel.com\/index.php\/wp-json\/wp\/v2\/comments?post=956"}],"version-history":[{"count":2,"href":"http:\/\/nagibel.com\/index.php\/wp-json\/wp\/v2\/pages\/956\/revisions"}],"predecessor-version":[{"id":960,"href":"http:\/\/nagibel.com\/index.php\/wp-json\/wp\/v2\/pages\/956\/revisions\/960"}],"wp:attachment":[{"href":"http:\/\/nagibel.com\/index.php\/wp-json\/wp\/v2\/media?parent=956"}],"curies":[{"name":"wp","href":"https:\/\/api.w.org\/{rel}","templated":true}]}}