{"id":928,"date":"2020-08-31T15:46:24","date_gmt":"2020-08-31T13:46:24","guid":{"rendered":"http:\/\/nagibel.com\/?page_id=928"},"modified":"2020-08-31T15:46:24","modified_gmt":"2020-08-31T13:46:24","slug":"stage-national-2020","status":"publish","type":"page","link":"http:\/\/nagibel.com\/index.php\/stage-national-2020\/","title":{"rendered":"Stage national (2020)"},"content":{"rendered":"\n<figure class=\"wp-block-image size-large\"><img decoding=\"async\" loading=\"lazy\" width=\"1024\" height=\"768\" src=\"http:\/\/nagibel.com\/wp-content\/uploads\/2020\/08\/Stage-1024x768.jpg\" alt=\"\" class=\"wp-image-929\" srcset=\"http:\/\/nagibel.com\/wp-content\/uploads\/2020\/08\/Stage-1024x768.jpg 1024w, http:\/\/nagibel.com\/wp-content\/uploads\/2020\/08\/Stage-300x225.jpg 300w, http:\/\/nagibel.com\/wp-content\/uploads\/2020\/08\/Stage-768x576.jpg 768w, http:\/\/nagibel.com\/wp-content\/uploads\/2020\/08\/Stage-1536x1152.jpg 1536w, http:\/\/nagibel.com\/wp-content\/uploads\/2020\/08\/Stage.jpg 1919w\" sizes=\"(max-width: 1024px) 100vw, 1024px\" \/><\/figure>\n\n\n\n<p>Apr\u00e8s une longue p\u00e9riode de confinement, nous sommes naturellement heureux de pratiquer \u00e0 nouveau ensemble et organisons rapidement une journ\u00e9e de pratique. <\/p>\n\n\n\n<figure class=\"wp-block-image size-large\"><img decoding=\"async\" loading=\"lazy\" width=\"1024\" height=\"768\" src=\"http:\/\/nagibel.com\/wp-content\/uploads\/2020\/08\/Stage_groupe-1024x768.jpg\" alt=\"\" class=\"wp-image-931\" srcset=\"http:\/\/nagibel.com\/wp-content\/uploads\/2020\/08\/Stage_groupe-1024x768.jpg 1024w, http:\/\/nagibel.com\/wp-content\/uploads\/2020\/08\/Stage_groupe-300x225.jpg 300w, http:\/\/nagibel.com\/wp-content\/uploads\/2020\/08\/Stage_groupe-768x576.jpg 768w, http:\/\/nagibel.com\/wp-content\/uploads\/2020\/08\/Stage_groupe-1536x1152.jpg 1536w, http:\/\/nagibel.com\/wp-content\/uploads\/2020\/08\/Stage_groupe.jpg 1919w\" sizes=\"(max-width: 1024px) 100vw, 1024px\" \/><\/figure>\n\n\n\n<figure class=\"wp-block-image size-large\"><img decoding=\"async\" loading=\"lazy\" width=\"1024\" height=\"768\" src=\"http:\/\/nagibel.com\/wp-content\/uploads\/2020\/08\/Stage_kata-1024x768.jpg\" alt=\"\" class=\"wp-image-930\" srcset=\"http:\/\/nagibel.com\/wp-content\/uploads\/2020\/08\/Stage_kata-1024x768.jpg 1024w, http:\/\/nagibel.com\/wp-content\/uploads\/2020\/08\/Stage_kata-300x225.jpg 300w, http:\/\/nagibel.com\/wp-content\/uploads\/2020\/08\/Stage_kata-768x576.jpg 768w, http:\/\/nagibel.com\/wp-content\/uploads\/2020\/08\/Stage_kata-1536x1152.jpg 1536w, http:\/\/nagibel.com\/wp-content\/uploads\/2020\/08\/Stage_kata.jpg 1919w\" sizes=\"(max-width: 1024px) 100vw, 1024px\" \/><\/figure>\n\n\n\n<figure class=\"wp-block-image size-large\"><img decoding=\"async\" loading=\"lazy\" width=\"1024\" height=\"768\" src=\"http:\/\/nagibel.com\/wp-content\/uploads\/2020\/08\/Stage_combat-1024x768.jpg\" alt=\"\" class=\"wp-image-932\" srcset=\"http:\/\/nagibel.com\/wp-content\/uploads\/2020\/08\/Stage_combat-1024x768.jpg 1024w, http:\/\/nagibel.com\/wp-content\/uploads\/2020\/08\/Stage_combat-300x225.jpg 300w, http:\/\/nagibel.com\/wp-content\/uploads\/2020\/08\/Stage_combat-768x576.jpg 768w, http:\/\/nagibel.com\/wp-content\/uploads\/2020\/08\/Stage_combat-1536x1152.jpg 1536w, http:\/\/nagibel.com\/wp-content\/uploads\/2020\/08\/Stage_combat.jpg 1919w\" sizes=\"(max-width: 1024px) 100vw, 1024px\" \/><\/figure>\n","protected":false},"excerpt":{"rendered":"<p>Apr\u00e8s une longue p\u00e9riode de confinement, nous sommes naturellement heureux de pratiquer \u00e0 nouveau ensemble et organisons rapidement une journ\u00e9e de pratique.<\/p>\n","protected":false},"author":1,"featured_media":0,"parent":0,"menu_order":0,"comment_status":"closed","ping_status":"closed","template":"","meta":[],"_links":{"self":[{"href":"http:\/\/nagibel.com\/index.php\/wp-json\/wp\/v2\/pages\/928"}],"collection":[{"href":"http:\/\/nagibel.com\/index.php\/wp-json\/wp\/v2\/pages"}],"about":[{"href":"http:\/\/nagibel.com\/index.php\/wp-json\/wp\/v2\/types\/page"}],"author":[{"embeddable":true,"href":"http:\/\/nagibel.com\/index.php\/wp-json\/wp\/v2\/users\/1"}],"replies":[{"embeddable":true,"href":"http:\/\/nagibel.com\/index.php\/wp-json\/wp\/v2\/comments?post=928"}],"version-history":[{"count":1,"href":"http:\/\/nagibel.com\/index.php\/wp-json\/wp\/v2\/pages\/928\/revisions"}],"predecessor-version":[{"id":933,"href":"http:\/\/nagibel.com\/index.php\/wp-json\/wp\/v2\/pages\/928\/revisions\/933"}],"wp:attachment":[{"href":"http:\/\/nagibel.com\/index.php\/wp-json\/wp\/v2\/media?parent=928"}],"curies":[{"name":"wp","href":"https:\/\/api.w.org\/{rel}","templated":true}]}}