{"id":90,"date":"2019-07-18T18:12:37","date_gmt":"2019-07-18T16:12:37","guid":{"rendered":"http:\/\/nagibel.com\/?page_id=90"},"modified":"2024-08-28T10:30:28","modified_gmt":"2024-08-28T08:30:28","slug":"les-cours","status":"publish","type":"page","link":"http:\/\/nagibel.com\/index.php\/les-cours\/","title":{"rendered":"Les cours"},"content":{"rendered":"\n<ul>\n<li>Le club de la For\u00eat de Soignes propose des cours:<ul><li>Le lundi de 20h30 \u00e0 22h00 \u00e0 l&#8217;ULB dans le b\u00e2timent E (Av. Franklin Roosevelt, 1050 Bruxelles)<\/li><\/ul>\n<ul>\n<li>Le mardi de 20h30 \u00e0 22h au centre sportif Delta (214-216 Bd des Invalides, 1160 Audergem).<\/li>\n\n\n\n<li>Le vendredi de 20h \u00e0 22h \u00e0 l&#8217;ULB dans le b\u00e2timent E (Av. Franklin Roosevelt, 1050 Bruxelles).<\/li>\n<\/ul>\n<\/li>\n<\/ul>\n\n\n\n<figure class=\"wp-block-image size-large\"><img decoding=\"async\" loading=\"lazy\" width=\"758\" height=\"557\" src=\"http:\/\/nagibel.com\/wp-content\/uploads\/2020\/02\/image-3.png\" alt=\"\" class=\"wp-image-513\" srcset=\"http:\/\/nagibel.com\/wp-content\/uploads\/2020\/02\/image-3.png 758w, http:\/\/nagibel.com\/wp-content\/uploads\/2020\/02\/image-3-300x220.png 300w\" sizes=\"(max-width: 758px) 100vw, 758px\" \/><\/figure>\n\n\n\n<p><\/p>\n\n\n\n<p><\/p>\n","protected":false},"excerpt":{"rendered":"","protected":false},"author":1,"featured_media":0,"parent":0,"menu_order":0,"comment_status":"closed","ping_status":"closed","template":"","meta":[],"_links":{"self":[{"href":"http:\/\/nagibel.com\/index.php\/wp-json\/wp\/v2\/pages\/90"}],"collection":[{"href":"http:\/\/nagibel.com\/index.php\/wp-json\/wp\/v2\/pages"}],"about":[{"href":"http:\/\/nagibel.com\/index.php\/wp-json\/wp\/v2\/types\/page"}],"author":[{"embeddable":true,"href":"http:\/\/nagibel.com\/index.php\/wp-json\/wp\/v2\/users\/1"}],"replies":[{"embeddable":true,"href":"http:\/\/nagibel.com\/index.php\/wp-json\/wp\/v2\/comments?post=90"}],"version-history":[{"count":12,"href":"http:\/\/nagibel.com\/index.php\/wp-json\/wp\/v2\/pages\/90\/revisions"}],"predecessor-version":[{"id":1486,"href":"http:\/\/nagibel.com\/index.php\/wp-json\/wp\/v2\/pages\/90\/revisions\/1486"}],"wp:attachment":[{"href":"http:\/\/nagibel.com\/index.php\/wp-json\/wp\/v2\/media?parent=90"}],"curies":[{"name":"wp","href":"https:\/\/api.w.org\/{rel}","templated":true}]}}