{"id":880,"date":"2020-05-26T21:05:12","date_gmt":"2020-05-26T19:05:12","guid":{"rendered":"http:\/\/nagibel.com\/?page_id=880"},"modified":"2021-06-06T11:37:21","modified_gmt":"2021-06-06T09:37:21","slug":"manga","status":"publish","type":"page","link":"http:\/\/nagibel.com\/index.php\/manga\/","title":{"rendered":"Manga"},"content":{"rendered":"\n<p>Impossible de ne pas citer le manga &#8220;Asahinagu&#8221; qui suit les aventures d&#8217;une lyc\u00e9enne dans son apprentissage du naginata (le manga a d&#8217;ailleur \u00e9t\u00e9 adapt\u00e9 au cin\u00e9ma)! Mais il existe aussi de nombreux autres manga dont un personnage est arm\u00e9e de notre lance favorite.<\/p>\n\n\n\n<figure class=\"wp-block-image is-resized\"><img decoding=\"async\" loading=\"lazy\" src=\"https:\/\/2.bp.blogspot.com\/-ZOinYma46UM\/WK2Z3fct6mI\/AAAAAAAAFjE\/8YCXPB8OezUZIpKhgtHDnTXE5snvQ26PgCLcB\/s1600\/asahi-nagu-3160663.jpg\" alt=\"Borrador Azulado: febrero 2017\" width=\"341\" height=\"245\"\/><figcaption>Asahinagu<\/figcaption><\/figure>\n\n\n\n<figure class=\"wp-block-image is-resized\"><img decoding=\"async\" loading=\"lazy\" src=\"https:\/\/static.zerochan.net\/Ushiromiya.Natsuhi.full.402992.jpg\" alt=\"\" width=\"340\" height=\"340\"\/><figcaption>Ushiromiya Natsuhi dans le manga &#8220;Umineko no Naku Koro ni&#8221;<\/figcaption><\/figure>\n\n\n\n<figure class=\"wp-block-image\"><img decoding=\"async\" src=\"http:\/\/4.bp.blogspot.com\/_dQvEnKZVSOg\/TOIK-zdwbzI\/AAAAAAAAC-8\/wxLmaXXNDW8\/s320\/2-5.jpg\" alt=\"PirateOnepiece: One Piece \u0e27\u0e31\u0e19\u0e1e\u0e35\u0e0a ...\"\/><figcaption>Le pirate Hannyabal dans &#8220;One piece&#8221;<\/figcaption><\/figure>\n\n\n\n<p><\/p>\n","protected":false},"excerpt":{"rendered":"<p>Impossible de ne pas citer le manga &#8220;Asahinagu&#8221; qui suit les aventures d&#8217;une lyc\u00e9enne dans son apprentissage du naginata (le manga a d&#8217;ailleur \u00e9t\u00e9 adapt\u00e9 au cin\u00e9ma)! Mais il existe aussi de nombreux autres manga dont un personnage est arm\u00e9e <a class=\"more-link\" href=\"http:\/\/nagibel.com\/index.php\/manga\/\">Continue reading <span class=\"screen-reader-text\">  Manga<\/span><span class=\"meta-nav\">&rarr;<\/span><\/a><\/p>\n","protected":false},"author":1,"featured_media":0,"parent":0,"menu_order":0,"comment_status":"closed","ping_status":"closed","template":"","meta":[],"_links":{"self":[{"href":"http:\/\/nagibel.com\/index.php\/wp-json\/wp\/v2\/pages\/880"}],"collection":[{"href":"http:\/\/nagibel.com\/index.php\/wp-json\/wp\/v2\/pages"}],"about":[{"href":"http:\/\/nagibel.com\/index.php\/wp-json\/wp\/v2\/types\/page"}],"author":[{"embeddable":true,"href":"http:\/\/nagibel.com\/index.php\/wp-json\/wp\/v2\/users\/1"}],"replies":[{"embeddable":true,"href":"http:\/\/nagibel.com\/index.php\/wp-json\/wp\/v2\/comments?post=880"}],"version-history":[{"count":3,"href":"http:\/\/nagibel.com\/index.php\/wp-json\/wp\/v2\/pages\/880\/revisions"}],"predecessor-version":[{"id":1034,"href":"http:\/\/nagibel.com\/index.php\/wp-json\/wp\/v2\/pages\/880\/revisions\/1034"}],"wp:attachment":[{"href":"http:\/\/nagibel.com\/index.php\/wp-json\/wp\/v2\/media?parent=880"}],"curies":[{"name":"wp","href":"https:\/\/api.w.org\/{rel}","templated":true}]}}