{"id":871,"date":"2020-05-26T20:32:19","date_gmt":"2020-05-26T18:32:19","guid":{"rendered":"http:\/\/nagibel.com\/?page_id=871"},"modified":"2020-05-27T22:11:27","modified_gmt":"2020-05-27T20:11:27","slug":"art","status":"publish","type":"page","link":"http:\/\/nagibel.com\/index.php\/art\/","title":{"rendered":"Art"},"content":{"rendered":"\n<p>Qu&#8217;ils soient professionnels ou juste passionn\u00e9, le Naginata a inspir\u00e9 de nombreux artistes. Venez d\u00e9couvrir le naginata dans les arts!<\/p>\n\n\n\n<div class=\"wp-block-image\"><figure class=\"aligncenter size-large\"><img decoding=\"async\" loading=\"lazy\" width=\"400\" height=\"300\" src=\"http:\/\/nagibel.com\/wp-content\/uploads\/2020\/05\/image-7.png\" alt=\"\" class=\"wp-image-872\" srcset=\"http:\/\/nagibel.com\/wp-content\/uploads\/2020\/05\/image-7.png 400w, http:\/\/nagibel.com\/wp-content\/uploads\/2020\/05\/image-7-300x225.png 300w\" sizes=\"(max-width: 400px) 100vw, 400px\" \/><figcaption>Par David d&#8217;Hose<\/figcaption><\/figure><\/div>\n\n\n\n<p><\/p>\n","protected":false},"excerpt":{"rendered":"<p>Qu&#8217;ils soient professionnels ou juste passionn\u00e9, le Naginata a inspir\u00e9 de nombreux artistes. Venez d\u00e9couvrir le naginata dans les arts!<\/p>\n","protected":false},"author":1,"featured_media":0,"parent":0,"menu_order":0,"comment_status":"closed","ping_status":"closed","template":"","meta":[],"_links":{"self":[{"href":"http:\/\/nagibel.com\/index.php\/wp-json\/wp\/v2\/pages\/871"}],"collection":[{"href":"http:\/\/nagibel.com\/index.php\/wp-json\/wp\/v2\/pages"}],"about":[{"href":"http:\/\/nagibel.com\/index.php\/wp-json\/wp\/v2\/types\/page"}],"author":[{"embeddable":true,"href":"http:\/\/nagibel.com\/index.php\/wp-json\/wp\/v2\/users\/1"}],"replies":[{"embeddable":true,"href":"http:\/\/nagibel.com\/index.php\/wp-json\/wp\/v2\/comments?post=871"}],"version-history":[{"count":4,"href":"http:\/\/nagibel.com\/index.php\/wp-json\/wp\/v2\/pages\/871\/revisions"}],"predecessor-version":[{"id":891,"href":"http:\/\/nagibel.com\/index.php\/wp-json\/wp\/v2\/pages\/871\/revisions\/891"}],"wp:attachment":[{"href":"http:\/\/nagibel.com\/index.php\/wp-json\/wp\/v2\/media?parent=871"}],"curies":[{"name":"wp","href":"https:\/\/api.w.org\/{rel}","templated":true}]}}