{"id":865,"date":"2020-05-26T20:20:07","date_gmt":"2020-05-26T18:20:07","guid":{"rendered":"http:\/\/nagibel.com\/?page_id=865"},"modified":"2020-05-26T20:20:07","modified_gmt":"2020-05-26T18:20:07","slug":"jonathan-au-japon-2006","status":"publish","type":"page","link":"http:\/\/nagibel.com\/index.php\/jonathan-au-japon-2006\/","title":{"rendered":"Jonathan au Japon (2006)"},"content":{"rendered":"\n<p>Salut les gens!\u00a0<\/p>\n\n\n\n<p>Pour ceux qui se plaignent de ne pas avoir assez de news de leur wombat pr\u00e9f\u00e9r\u00e9, voici de quoi vous mettre sous la dent.<\/p>\n\n\n\n<p><strong>Naginata \u00e0&nbsp;Kyoto<\/strong><\/p>\n\n\n\n<p>\u00ab&nbsp;Un an au Japon? T\u2019as trop de la veine&nbsp;!&nbsp;\u00bb, \u00ab&nbsp;T\u2019as le cul bord\u00e9 d\u2019nouilles&nbsp;!&nbsp;\u00bb, ou encore \u00ab&nbsp;T\u2019as vraiment une moule de cocu&nbsp;!&nbsp;\u00bb furent les r\u00e9actions de&nbsp;mes amis en apprenant que je partais \u00e0&nbsp;<strong>Kyoto<\/strong>, un an, pour \u00e9tudier le japonais dans une des plus anciennes universit\u00e9s bouddhiques du Japon.<br>De la \u00ab&nbsp;moule&nbsp;\u00bb&nbsp;, comme ils disent, c\u2019est vrai que j\u2019en ai pas mal\u2026depuis que je suis au Japon, on peut dire que la chance me sourit. En effet, j\u2019y ai rencontr\u00e9 la femme de ma vie, un boulot m\u2019est tomb\u00e9 dessus par hasard, je brille dans les \u00e9tudes sans lever le gros orteil, j\u2019ai pu participer avec Baptiste (un gars aussi \u00ab&nbsp;moulu&nbsp;\u00bb que moi) \u00e0 un stage de tendoryu \u00e0 Katsuura, j\u2019ai d\u00e9couvert un magasin d\u2019alcool avec de vraies bi\u00e8res belges,&nbsp;made in Belgium&nbsp;! Et cerise sur le g\u00e2teau, il se trouve que ce magasin magique se situe juste \u00e0 c\u00f4t\u00e9 du dojo o\u00f9 je pratique, aller aux entra\u00eenements de naginata est devenu un r\u00e9el bonheur.<br>Bref, jusqu\u2019\u00e0 pr\u00e9sent, tout baigne&nbsp;! J\u2019ai pas \u00e0 me plaindre de la \u00ab&nbsp;malmoule&nbsp;\u00bb.<\/p>\n\n\n\n<p>Ca va bient\u00f4t faire 6 mois que je suis \u00e0&nbsp;<strong>Kyoto<\/strong>, pourtant j\u2019ai toujours l\u2019impression d\u2019\u00eatre ce touriste de \u00ab&nbsp;gaijin&nbsp;\u00bb venant de d\u00e9barquer au Japon. Le temps passe trop vite, chaque jour est une nouvelle journ\u00e9e riche en aventure, en rire, et en chocapics. Bref, depuis que je suis ici, je n\u2019ai pas encore eu le temps de m\u2019ennuyer.<br>Une fois bien install\u00e9 dans mon petit nid douillet, je me suis mis \u00e0 la recherche d\u2019un club de naginata ayant la bont\u00e9 d\u2019accepter un blaireau comme moi.<br>Ca n\u2019a pas \u00e9t\u00e9 facile, mais avec l\u2019aide de monsieur Kondo et de madame Tamaki, j\u2019ai pu rapidement t\u00e2ter de la naginata, et pratiquer dans le club de madame HIGASHI.<\/p>\n\n\n\n<p>Les cours de naginata ont lieu au Budo center, non loin du temple Heian jingu, dans un vieux dojo construit en 1899, le fameux Butokuden (le palais des vertus martiales).&nbsp;<\/p>\n\n\n\n<p>Dojo Butokuden&nbsp;<br>Comme diraient mes amis, c\u2019est un dojo qui \u00ab&nbsp;poutre&nbsp;grave! \u00bb, non pas parce qu\u2019il est tout en bois, mais parce qu\u2019il a trop la classe!<br>A c\u00f4t\u00e9 du Butokuden, il y a \u00e9galement un dojo r\u00e9serv\u00e9 au Kyudo, et un autre \u00e0 nos amis les sumo. L\u2019endroit est vraiment magnifique, \u00e7a vaut le coup d\u2019oeil.<\/p>\n\n\n\n<p>Lors des entra\u00eenements de naginata, toutes les portes du dojo sont grandes ouvertes. Certe, en \u00e9t\u00e9 c\u2019est plut\u00f4t agr\u00e9able, mais en hiver quand il fait moins 10 dehors, \u00e7a le fait moins. Le sol est glac\u00e9, lors des ji geiko il est pas rare de voir des combattants glisser sur des plaques de verglas, un peu comme les pingouins sur la banquise.<br>Parfois j\u2019ai l\u2019impression d\u2019\u00eatre dans la peau de Rocky, quand il s\u2019entra\u00eene nu dans la neige, avant l\u2019ultime combat.<\/p>\n\n\n\n<p>Tout \u00e7a pour dire qu\u2019en hiver, nous pratiquons dans des conditions assez rudes, g\u00e9n\u00e9ralement apr\u00e8s le keiko, nous avons tous les pieds bleus et le nez rouge, comme des schtroumpfs alcoolos.<\/p>\n\n\n\n<p>L\u2019entra\u00eenement en lui m\u00eame est surtout ax\u00e9 combat. Apr\u00e8s le salut et l\u2019\u00e9chauffement, on fait un rapide kihon, donn\u00e9 \u00e0 tour de r\u00f4le par les \u00e9l\u00e8ves. Ensuite on fait 10 minutes de engi, puis on met directement le bogu. Une fois en armure, on travaille la pr\u00e9cision avec des frappes du kihon, ensuite on fait quelques exercices de techniques de combat, puis c\u2019est au choix, on se met d\u2019accord avec son partenaire, chacun est libre de travailler la technique qu\u2019il veut.&nbsp;<br>On termine par un bon 20 minutes de kakari geiko et ji geiko, avec de temps \u00e0 autre des combats arbitr\u00e9s.<br>Ensuite on enl\u00e8ve le men et les sune, on se met en place pour le salut, puis d\u00e9bute l\u2019entra\u00eenement des warriors, seul les plus fous et les plus avanc\u00e9s peuvent y participer.<br>Au total, \u00e7a fait 3 heures de cours.&nbsp;<\/p>\n\n\n\n<p>La plupart des pratiquants sont des lyc\u00e9enes, elles ne sont pas haut grad\u00e9es, mais elles ont du punch, de vraies furies&nbsp;! Leurs combats sont beaux \u00e0 voir, c\u2019est rapide, propre, \u00e7a encha\u00eene bien, c\u2019est pr\u00e9cis&#8230; rien \u00e0 dire.<br>A part les lyc\u00e9enes il y a 2 japonais 2\u00e8me dan, et un fran\u00e7ais qui vit au Japon depuis 5 ans, \u00e7a fait 2 ans qu\u2019il fait du naginata \u00e0&nbsp;<strong>Kyoto<\/strong>. Il y a \u00e9galement une jeune am\u00e9ricaine au look asiatique qui d\u00e9bute.<\/p>\n\n\n\n<p>Les plus avanc\u00e9s arrivent en g\u00e9n\u00e9ral \u00e0 la fin du premier cours, pour l\u2019entra\u00eenement des warriors. C\u2019est \u00e0 ce moment l\u00e0 que madame HIGASHI (la sensei), les lyc\u00e9enes et les moins grad\u00e9s quittent le dojo. Cet entra\u00eenement sp\u00e9cial est donn\u00e9 par les 2 soeurs TANAKA, c\u2019est cens\u00e9 \u00eatre un entra\u00eenement libre, mais jusqu\u2019ici on fait que du bogu. Une des 2 soeurs \u00e9tait pr\u00e9sente aux championnats du monde de naginata \u00e0 Paris en 1999. En combat elle fait peur, on ne voit pas les frappes arriver. On dirait qu\u2019elle reste bloqu\u00e9e en mode acc\u00e9l\u00e9r\u00e9&nbsp;! Vraiment tr\u00e8s impressionnant.&nbsp;<\/p>\n\n\n\n<p>Sinon en ce moment pour les \u00e9tudiants ce sont les vacances du printemps. Dans les universit\u00e9s l\u2019ann\u00e9e scolaire prend fin au d\u00e9but du mois de f\u00e9vrier, et recommence d\u00e9but avril avec l\u2019arriv\u00e9e du printemps. Bref, je passe en mode hibernation pour 2 bons mois.<br>Ca fait 4 ans que mon amie et moi sommes ensemble, nous avons pris la d\u00e9cision de nous marier. Ainsi nous avons profit\u00e9 des vacances pour faire un petit voyage dans le Kanto, afin de convaincre ses parents, qui habitent pas loin de Tokyo. J\u2019en ai \u00e9galement profit\u00e9 pour passer \u00e0 Katsuura faire la bise \u00e0 madame KIMURA et aux gens de la Budai (Budo daigaku). Par chance, justement \u00e0 ce moment l\u00e0 se tenait un stage de tendoryu, auquel j\u2019ai pu participer. C\u2019\u00e9tait vraiment un stage int\u00e9ressant, j\u2019ai appris des nouveaux kata et des techniques bougrement vicieuses, qui m\u2019ont \u00e9t\u00e9 d\u2019une grande utilit\u00e9 pour convaincre le p\u00e8re de mon amie.<\/p>\n\n\n\n<p>Avant de retourner dans le Kansai, j\u2019ai pu pratiquer un peu avec les \u00e9l\u00e8ves de la Budai. Encore une fois, j\u2019ai \u00e9t\u00e9 surpris par la qualit\u00e9 de leur naginata.<br>Il y a vraiment un foss\u00e9 entre leur niveau et le mien, mais je ne d\u00e9sesp\u00e8re pas.&nbsp;<br>Comme le dit mon dicton tch\u00e9tch\u00e8ne pr\u00e9f\u00e9r\u00e9&nbsp;:&nbsp;<br>\u00ab&nbsp;Le petit scarab\u00e9e a encore un long chemin \u00e0 parcourir avant d\u2019atteindre la sagesse du zen h\u00e2o. Mais \u00e0 force de pers\u00e9v\u00e9rer, il reviendra plus fort que le grizzly, plus rapide que le fennec et plus bal\u00e8ze que Bruce Lee&nbsp;\u00bb.<\/p>\n\n\n\n<p>&#8230;compl\u00e8tement illumin\u00e9 ce scarab\u00e9e&nbsp;!<\/p>\n\n\n\n<p>Jonathan D\u2019hose<\/p>\n","protected":false},"excerpt":{"rendered":"<p>Salut les gens!\u00a0 Pour ceux qui se plaignent de ne pas avoir assez de news de leur wombat pr\u00e9f\u00e9r\u00e9, voici de quoi vous mettre sous la dent. Naginata \u00e0&nbsp;Kyoto \u00ab&nbsp;Un an au Japon? T\u2019as trop de la veine&nbsp;!&nbsp;\u00bb, \u00ab&nbsp;T\u2019as le <a class=\"more-link\" href=\"http:\/\/nagibel.com\/index.php\/jonathan-au-japon-2006\/\">Continue reading <span class=\"screen-reader-text\">  Jonathan au Japon (2006)<\/span><span class=\"meta-nav\">&rarr;<\/span><\/a><\/p>\n","protected":false},"author":1,"featured_media":0,"parent":0,"menu_order":0,"comment_status":"closed","ping_status":"closed","template":"","meta":[],"_links":{"self":[{"href":"http:\/\/nagibel.com\/index.php\/wp-json\/wp\/v2\/pages\/865"}],"collection":[{"href":"http:\/\/nagibel.com\/index.php\/wp-json\/wp\/v2\/pages"}],"about":[{"href":"http:\/\/nagibel.com\/index.php\/wp-json\/wp\/v2\/types\/page"}],"author":[{"embeddable":true,"href":"http:\/\/nagibel.com\/index.php\/wp-json\/wp\/v2\/users\/1"}],"replies":[{"embeddable":true,"href":"http:\/\/nagibel.com\/index.php\/wp-json\/wp\/v2\/comments?post=865"}],"version-history":[{"count":2,"href":"http:\/\/nagibel.com\/index.php\/wp-json\/wp\/v2\/pages\/865\/revisions"}],"predecessor-version":[{"id":867,"href":"http:\/\/nagibel.com\/index.php\/wp-json\/wp\/v2\/pages\/865\/revisions\/867"}],"wp:attachment":[{"href":"http:\/\/nagibel.com\/index.php\/wp-json\/wp\/v2\/media?parent=865"}],"curies":[{"name":"wp","href":"https:\/\/api.w.org\/{rel}","templated":true}]}}