{"id":849,"date":"2020-05-26T19:58:00","date_gmt":"2020-05-26T17:58:00","guid":{"rendered":"http:\/\/nagibel.com\/?page_id=849"},"modified":"2020-05-26T20:14:15","modified_gmt":"2020-05-26T18:14:15","slug":"timbre","status":"publish","type":"page","link":"http:\/\/nagibel.com\/index.php\/timbre\/","title":{"rendered":"Timbres"},"content":{"rendered":"\n<img decoding=\"async\" loading=\"lazy\" src=\"http:\/\/nagibel.com\/wp-content\/uploads\/2020\/05\/Pz-ma705.jpg\" alt=\"Pz-ma705\" itemprop=\"image\" title=\"Pz-ma705\" onerror=\"this.style.display='none'\" width=\"216\" height=\"150\">\n\t\t\t\t<img decoding=\"async\" loading=\"lazy\" src=\"http:\/\/nagibel.com\/wp-content\/uploads\/2020\/05\/image-6.png\" alt=\"image-6\" itemprop=\"image\" title=\"image-6\" onerror=\"this.style.display='none'\" width=\"164\" height=\"220\">\n\t\t\t\t<img decoding=\"async\" loading=\"lazy\" src=\"http:\/\/nagibel.com\/wp-content\/uploads\/2020\/05\/image-5.png\" alt=\"image-5\" itemprop=\"image\" title=\"image-5\" onerror=\"this.style.display='none'\" width=\"180\" height=\"240\">\n\t<p>C\u2019est un site stup\u00e9fiant que j\u2019ai d\u00e9couvert au cours de mes p\u00e9r\u00e9grinations sur le net.<\/p>\n<p>Le site de Piet Van Hool, est une incroyable collection de timbres et autres objets en rapport avec les arts martiaux. Cet anversois de 70 ans, pratique le judo depuis 50 ans mais en plus de ses deux entra\u00eenements par semaine, Piet est un collectionneur dans l\u2019\u00e2me.<\/p>\n<p>Il poss\u00e8de \u00e9galement une collection d\u2019objets arch\u00e9ologiques, de fossiles et de min\u00e9raux qu\u2019il a d\u00e9couverts au cours de fouilles. Revenons \u00e0 sa collection sur les arts martiaux, comment lui est venue cette passion? Je lui ai pos\u00e9 la question et il a eut la gentillesse de me r\u00e9pondre: un jour il d\u00e9couvrit un vieux timbre allemand avec des pratiquants de judo. Il fut tellement \u00e9tonn\u00e9 et heureux de d\u00e9couvrir un timbre reprenant son art martial favori qu\u2019il tent\u00e2t d\u2019en trouver d\u2019autres. Ainsi il trouva rapidement un timbre fran\u00e7ais et un timbre autrichien, ce qui l\u2019encouragea \u00e0 continuer \u00e0 chercher. Croyant que peu de timbres devaient reprendre des sujets en rapport avec les arts martiaux, il d\u00e9cida d\u2019\u00e9tendre sa collection \u00e0 tous les arts martiaux extr\u00eames orientaux. Rechercher de nouveaux timbres pour \u00e9tendre sa collection est un travail digne d\u2019un d\u00e9tective, mais c\u2019est une passion qu\u2019il partage maintenant avec bien d\u2019autres personnes dans le monde.<\/p>\n<figure><\/figure>\n\t\t\t\t<img decoding=\"async\" loading=\"lazy\" src=\"http:\/\/nagibel.com\/wp-content\/uploads\/2020\/05\/07-1.jpg\" alt=\"07\" itemprop=\"image\" title=\"07\" onerror=\"this.style.display='none'\" width=\"500\" height=\"161\">\n\t\t\t\t<img decoding=\"async\" loading=\"lazy\" src=\"http:\/\/nagibel.com\/wp-content\/uploads\/2020\/05\/PZ-MA1426.jpg\" alt=\"PZ-MA1426\" itemprop=\"image\" title=\"PZ-MA1426\" onerror=\"this.style.display='none'\" width=\"450\" height=\"282\">\n\t\t\t\t<img decoding=\"async\" loading=\"lazy\" src=\"http:\/\/nagibel.com\/wp-content\/uploads\/2020\/05\/02.jpg\" alt=\"02\" itemprop=\"image\" title=\"02\" onerror=\"this.style.display='none'\" width=\"200\" height=\"314\">\n\t\t\t\t<img decoding=\"async\" loading=\"lazy\" src=\"http:\/\/nagibel.com\/wp-content\/uploads\/2020\/05\/PZ-MA1617.jpg\" alt=\"PZ-MA1617\" itemprop=\"image\" title=\"PZ-MA1617\" onerror=\"this.style.display='none'\" width=\"300\" height=\"469\">\n","protected":false},"excerpt":{"rendered":"<p>C\u2019est un site stup\u00e9fiant que j\u2019ai d\u00e9couvert au cours de mes p\u00e9r\u00e9grinations sur le net. Le site de Piet Van Hool, est une incroyable collection de timbres et autres objets en rapport avec les arts martiaux. Cet anversois de 70 <a class=\"more-link\" href=\"http:\/\/nagibel.com\/index.php\/timbre\/\">Continue reading <span class=\"screen-reader-text\">  Timbres<\/span><span class=\"meta-nav\">&rarr;<\/span><\/a><\/p>\n","protected":false},"author":1,"featured_media":0,"parent":0,"menu_order":0,"comment_status":"closed","ping_status":"closed","template":"","meta":[],"_links":{"self":[{"href":"http:\/\/nagibel.com\/index.php\/wp-json\/wp\/v2\/pages\/849"}],"collection":[{"href":"http:\/\/nagibel.com\/index.php\/wp-json\/wp\/v2\/pages"}],"about":[{"href":"http:\/\/nagibel.com\/index.php\/wp-json\/wp\/v2\/types\/page"}],"author":[{"embeddable":true,"href":"http:\/\/nagibel.com\/index.php\/wp-json\/wp\/v2\/users\/1"}],"replies":[{"embeddable":true,"href":"http:\/\/nagibel.com\/index.php\/wp-json\/wp\/v2\/comments?post=849"}],"version-history":[{"count":6,"href":"http:\/\/nagibel.com\/index.php\/wp-json\/wp\/v2\/pages\/849\/revisions"}],"predecessor-version":[{"id":863,"href":"http:\/\/nagibel.com\/index.php\/wp-json\/wp\/v2\/pages\/849\/revisions\/863"}],"wp:attachment":[{"href":"http:\/\/nagibel.com\/index.php\/wp-json\/wp\/v2\/media?parent=849"}],"curies":[{"name":"wp","href":"https:\/\/api.w.org\/{rel}","templated":true}]}}