{"id":835,"date":"2020-04-30T15:30:59","date_gmt":"2020-04-30T13:30:59","guid":{"rendered":"http:\/\/nagibel.com\/?page_id=835"},"modified":"2021-06-06T13:59:09","modified_gmt":"2021-06-06T11:59:09","slug":"stage-zen-nihon-kata-2018","status":"publish","type":"page","link":"http:\/\/nagibel.com\/index.php\/stage-zen-nihon-kata-2018\/","title":{"rendered":"Stage Zen Nihon Kata (2018)"},"content":{"rendered":"\n<p>En juin 2018, deux stages \u00e9taient organis\u00e9s: 2 jours de pratique intensives pour l&#8217;\u00e9quipe belge (21 et 22 juin) suivit par un cours international sur les zen nihon kata (23 et 24 juin), le tout sous la supervision de Narita sensei.<\/p>\n\n\n\n<div class=\"wp-block-image\"><figure class=\"aligncenter is-resized\"><img decoding=\"async\" loading=\"lazy\" src=\"https:\/\/scontent-bru2-1.xx.fbcdn.net\/v\/t1.18169-9\/29572504_10155405179492816_1541106484233090485_n.jpg?_nc_cat=102&amp;ccb=1-3&amp;_nc_sid=8bfeb9&amp;_nc_ohc=e7fYrSgbJagAX8vrfKx&amp;_nc_ht=scontent-bru2-1.xx&amp;oh=411576d7a4ec7859fe98bc115891bb40&amp;oe=60E2BAE7\" alt=\"Aucune description de photo disponible.\" width=\"202\" height=\"257\"\/><\/figure><\/div>\n\n\n\n<p>Les stages sont toujours un moment pr\u00e9cieux, d&#8217;\u00e9change et de partage. C&#8217;\u00e9tait aussi un moment tr\u00e8s familial avec Narita sensei qui a visit\u00e9 le mus\u00e9e Folon ou particip\u00e9 \u00e0 un barbecue d&#8217;au-revoir.  <\/p>\n\n\n\n<figure class=\"wp-block-image\"><img decoding=\"async\" src=\"https:\/\/scontent-bru2-1.xx.fbcdn.net\/v\/t1.0-9\/36358459_968076093375194_1163676085536161792_o.jpg?_nc_cat=106&amp;_nc_sid=e007fa&amp;_nc_oc=AQmoE6F0KRXjHj69XoqCT_wt1qJVtdMOZkVjOvJblgt-X9hwgJ2J1Qv6tUHeydrekws&amp;_nc_ht=scontent-bru2-1.xx&amp;oh=3b631b80d824a80abfd2f6472e990b1b&amp;oe=5ED0A774\" alt=\"L\u2019image contient peut-\u00eatre\u00a0: 17 personnes, dont Laurence Damoncy, Charlotte Vandersleyen et Naginata-Kendo Yo, personnes souriantes, personnes debout\"\/><figcaption><br><br><img decoding=\"async\" alt=\"L\u2019image contient peut-\u00eatre&nbsp;: une personne ou plus et terrain de basketball\" src=\"https:\/\/scontent-bru2-1.xx.fbcdn.net\/v\/t1.0-9\/36359650_968076820041788_6222091294622089216_o.jpg?_nc_cat=110&amp;_nc_sid=e007fa&amp;_nc_oc=AQnt4GNlukeaYvznOryide9OGmcjUQaqmqK4JODpY3SgNDdce-Ilq7rFmQYPW_V1zk0&amp;_nc_ht=scontent-bru2-1.xx&amp;oh=6eb29d0727a094d613533e92c3eba97f&amp;oe=5ED0A1C1\"><br><img decoding=\"async\" alt=\"L\u2019image contient peut-\u00eatre&nbsp;: 24 personnes, dont Naginata-Kendo Yo, Sar Ah Trillet, Charlotte Vandersleyen et Laurence Damoncy, personnes souriantes, personnes debout et plein air\" src=\"https:\/\/scontent-bru2-1.xx.fbcdn.net\/v\/t1.0-9\/s960x960\/36372409_968078680041602_5809622843335376896_o.jpg?_nc_cat=102&amp;_nc_sid=e007fa&amp;_nc_oc=AQklv-9HGmK-jV7VVqisijQx7bYZS5a96eQb5qUb2CWn38mwKyF0BYiNKYHHlMLjZEQ&amp;_nc_ht=scontent-bru2-1.xx&amp;_nc_tp=7&amp;oh=c27283f2117a406836118d97b29d4abb&amp;oe=5ED13CCA\"><\/figcaption><\/figure>\n\n\n\n<figure class=\"wp-block-image\"><img decoding=\"async\" src=\"https:\/\/scontent-bru2-1.xx.fbcdn.net\/v\/t1.0-9\/s960x960\/36383589_968080260041444_6716130752636911616_o.jpg?_nc_cat=104&amp;_nc_sid=e007fa&amp;_nc_oc=AQkvgppxe2u8Y1UxUzIRR0AunluxfAVwXGdFNpb4dRLKExW3AohjGrnurX9aDFrQyVc&amp;_nc_ht=scontent-bru2-1.xx&amp;_nc_tp=7&amp;oh=4f48add0c9af298b8521ace2b6b3dc9e&amp;oe=5ED16867\" alt=\"L\u2019image contient peut-\u00eatre\u00a0: 4 personnes, dont Naginata-Kendo Yo et Laurence Damoncy, personnes souriantes, personnes debout et plein air\"\/><\/figure>\n","protected":false},"excerpt":{"rendered":"<p>En juin 2018, deux stages \u00e9taient organis\u00e9s: 2 jours de pratique intensives pour l&#8217;\u00e9quipe belge (21 et 22 juin) suivit par un cours international sur les zen nihon kata (23 et 24 juin), le tout sous la supervision de Narita <a class=\"more-link\" href=\"http:\/\/nagibel.com\/index.php\/stage-zen-nihon-kata-2018\/\">Continue reading <span class=\"screen-reader-text\">  Stage Zen Nihon Kata (2018)<\/span><span class=\"meta-nav\">&rarr;<\/span><\/a><\/p>\n","protected":false},"author":1,"featured_media":0,"parent":0,"menu_order":0,"comment_status":"closed","ping_status":"closed","template":"","meta":[],"_links":{"self":[{"href":"http:\/\/nagibel.com\/index.php\/wp-json\/wp\/v2\/pages\/835"}],"collection":[{"href":"http:\/\/nagibel.com\/index.php\/wp-json\/wp\/v2\/pages"}],"about":[{"href":"http:\/\/nagibel.com\/index.php\/wp-json\/wp\/v2\/types\/page"}],"author":[{"embeddable":true,"href":"http:\/\/nagibel.com\/index.php\/wp-json\/wp\/v2\/users\/1"}],"replies":[{"embeddable":true,"href":"http:\/\/nagibel.com\/index.php\/wp-json\/wp\/v2\/comments?post=835"}],"version-history":[{"count":2,"href":"http:\/\/nagibel.com\/index.php\/wp-json\/wp\/v2\/pages\/835\/revisions"}],"predecessor-version":[{"id":1127,"href":"http:\/\/nagibel.com\/index.php\/wp-json\/wp\/v2\/pages\/835\/revisions\/1127"}],"wp:attachment":[{"href":"http:\/\/nagibel.com\/index.php\/wp-json\/wp\/v2\/media?parent=835"}],"curies":[{"name":"wp","href":"https:\/\/api.w.org\/{rel}","templated":true}]}}