{"id":825,"date":"2020-04-16T21:52:15","date_gmt":"2020-04-16T19:52:15","guid":{"rendered":"http:\/\/nagibel.com\/?page_id=825"},"modified":"2021-06-04T14:27:30","modified_gmt":"2021-06-04T12:27:30","slug":"40-ans-du-club-de-versailles-2019","status":"publish","type":"page","link":"http:\/\/nagibel.com\/index.php\/40-ans-du-club-de-versailles-2019\/","title":{"rendered":"40 ans du club de Versailles (2019)"},"content":{"rendered":"\n<div class=\"wp-block-image\"><figure class=\"alignleft is-resized\"><img decoding=\"async\" loading=\"lazy\" src=\"https:\/\/versailles-budo.sportsregions.fr\/media\/uploaded\/sites\/9601\/association\/5df8db0a64532_7811A9A72F854D35AE31C6C3D95E2C02.jpeg\" alt=\"Logo\" width=\"145\" height=\"145\"\/><\/figure><\/div>\n\n\n\n<p>Les 9 et 10 novembre 2019, pour ses 40 ans, le club de Versailles met les petits plats dans les grands: D\u00e9monstrations de kendo, naginata, iaido et chambara suivit d&#8217;une gigantesque comp\u00e9tition.<\/p>\n\n\n\n<p>David et Fran\u00e7ois y \u00e9taient invit\u00e9s comme professeur et pour faire des d\u00e9monstrations. Yolanda, Thomas et Dylan les ont rejoints pour une comp\u00e9tition qui s&#8217;est av\u00e9r\u00e9e tr\u00e8s compliqu\u00e9e..Nous y rencontrons aussi Jeremy, un kendo-ka qui va d\u00e9m\u00e9nager \u00e0 Bruxelles, et qui d\u00e9cide de se mettre au Naginata! Pleins de belles rencontres donc..<\/p>\n\n\n\n<figure class=\"wp-block-image\"><img decoding=\"async\" src=\"https:\/\/scontent-bru2-1.xx.fbcdn.net\/v\/t1.15752-9\/93550462_716853558853276_3808751443037388800_n.jpg?_nc_cat=107&amp;_nc_sid=b96e70&amp;_nc_oc=AQkdLtjJtIqlzhWB-s63zY7zuASwfeb-Q-N22jdsh35nmJTfWFid0KeTLyFKTGsVJVo&amp;_nc_ht=scontent-bru2-1.xx&amp;oh=b8f6b34138753a1032a1c239005a54e2&amp;oe=5EBCB838\" alt=\"\"\/><\/figure>\n","protected":false},"excerpt":{"rendered":"<p>Les 9 et 10 novembre 2019, pour ses 40 ans, le club de Versailles met les petits plats dans les grands: D\u00e9monstrations de kendo, naginata, iaido et chambara suivit d&#8217;une gigantesque comp\u00e9tition. David et Fran\u00e7ois y \u00e9taient invit\u00e9s comme professeur <a class=\"more-link\" href=\"http:\/\/nagibel.com\/index.php\/40-ans-du-club-de-versailles-2019\/\">Continue reading <span class=\"screen-reader-text\">  40 ans du club de Versailles (2019)<\/span><span class=\"meta-nav\">&rarr;<\/span><\/a><\/p>\n","protected":false},"author":1,"featured_media":0,"parent":0,"menu_order":0,"comment_status":"closed","ping_status":"closed","template":"","meta":[],"_links":{"self":[{"href":"http:\/\/nagibel.com\/index.php\/wp-json\/wp\/v2\/pages\/825"}],"collection":[{"href":"http:\/\/nagibel.com\/index.php\/wp-json\/wp\/v2\/pages"}],"about":[{"href":"http:\/\/nagibel.com\/index.php\/wp-json\/wp\/v2\/types\/page"}],"author":[{"embeddable":true,"href":"http:\/\/nagibel.com\/index.php\/wp-json\/wp\/v2\/users\/1"}],"replies":[{"embeddable":true,"href":"http:\/\/nagibel.com\/index.php\/wp-json\/wp\/v2\/comments?post=825"}],"version-history":[{"count":1,"href":"http:\/\/nagibel.com\/index.php\/wp-json\/wp\/v2\/pages\/825\/revisions"}],"predecessor-version":[{"id":826,"href":"http:\/\/nagibel.com\/index.php\/wp-json\/wp\/v2\/pages\/825\/revisions\/826"}],"wp:attachment":[{"href":"http:\/\/nagibel.com\/index.php\/wp-json\/wp\/v2\/media?parent=825"}],"curies":[{"name":"wp","href":"https:\/\/api.w.org\/{rel}","templated":true}]}}