{"id":818,"date":"2020-04-16T20:58:02","date_gmt":"2020-04-16T18:58:02","guid":{"rendered":"http:\/\/nagibel.com\/?page_id=818"},"modified":"2020-04-16T20:58:31","modified_gmt":"2020-04-16T18:58:31","slug":"stage-national-2017-2","status":"publish","type":"page","link":"http:\/\/nagibel.com\/index.php\/stage-national-2017-2\/","title":{"rendered":"Stage national (2017)"},"content":{"rendered":"\n<p>Le 9 septembre 2017, une journ\u00e9e d&#8217;entra\u00eenement national \u00e0 \u00e9t\u00e9 organis\u00e9 \u00e0 l&#8217;ULB, une occasion pour se r\u00e9unir et s&#8217;entra\u00eener toute la journ\u00e9e&#8230;<\/p>\n\n\n\n<figure class=\"wp-block-image\"><img decoding=\"async\" src=\"https:\/\/web.archive.org\/web\/20181214184937im_\/http:\/\/www.nagibel.be\/uploads\/images\/stages\/entrainement nationnal.jpg\" alt=\"\"\/><\/figure>\n","protected":false},"excerpt":{"rendered":"<p>Le 9 septembre 2017, une journ\u00e9e d&#8217;entra\u00eenement national \u00e0 \u00e9t\u00e9 organis\u00e9 \u00e0 l&#8217;ULB, une occasion pour se r\u00e9unir et s&#8217;entra\u00eener toute la journ\u00e9e&#8230;<\/p>\n","protected":false},"author":1,"featured_media":0,"parent":0,"menu_order":0,"comment_status":"closed","ping_status":"closed","template":"","meta":[],"_links":{"self":[{"href":"http:\/\/nagibel.com\/index.php\/wp-json\/wp\/v2\/pages\/818"}],"collection":[{"href":"http:\/\/nagibel.com\/index.php\/wp-json\/wp\/v2\/pages"}],"about":[{"href":"http:\/\/nagibel.com\/index.php\/wp-json\/wp\/v2\/types\/page"}],"author":[{"embeddable":true,"href":"http:\/\/nagibel.com\/index.php\/wp-json\/wp\/v2\/users\/1"}],"replies":[{"embeddable":true,"href":"http:\/\/nagibel.com\/index.php\/wp-json\/wp\/v2\/comments?post=818"}],"version-history":[{"count":1,"href":"http:\/\/nagibel.com\/index.php\/wp-json\/wp\/v2\/pages\/818\/revisions"}],"predecessor-version":[{"id":819,"href":"http:\/\/nagibel.com\/index.php\/wp-json\/wp\/v2\/pages\/818\/revisions\/819"}],"wp:attachment":[{"href":"http:\/\/nagibel.com\/index.php\/wp-json\/wp\/v2\/media?parent=818"}],"curies":[{"name":"wp","href":"https:\/\/api.w.org\/{rel}","templated":true}]}}