{"id":816,"date":"2020-04-16T20:56:08","date_gmt":"2020-04-16T18:56:08","guid":{"rendered":"http:\/\/nagibel.com\/?page_id=816"},"modified":"2020-04-16T20:56:08","modified_gmt":"2020-04-16T18:56:08","slug":"stage-national","status":"publish","type":"page","link":"http:\/\/nagibel.com\/index.php\/stage-national\/","title":{"rendered":"Stage national"},"content":{"rendered":"\n<p>Par une belle apr\u00e8s-midi de mars<em> (euh, belle, je ne sais plus, mais il ne pleuvait pas en tout cas&nbsp;!<\/em>), Tyl et moi-m\u00eame (David) d\u00e9barqu\u00e2mes au Sporthal de Hoeilaart afin de participer au deuxi\u00e8me entra\u00eenement f\u00e9d\u00e9ral de l\u2019ann\u00e9e.<\/p>\n\n\n\n<p>\u00ab&nbsp;Youpiiie&nbsp;\u00bb me disais-je alors car, cette fois, en plus du plaisir de retrouver nos amis des autres clubs de naginata, nous allions avoir \u00e0 faire \u00e0 des kendoka&nbsp;! Rh\u00e2\u00e2\u00e2, j\u2019en avais r\u00eav\u00e9, Philibert l\u2019avait fait. Remercions-le encore une fois pour cette d\u00e9licate attention&nbsp;!<\/p>\n\n\n\n<figure class=\"wp-block-image is-resized\"><img decoding=\"async\" loading=\"lazy\" src=\"https:\/\/web.archive.org\/web\/20181214190056im_\/http:\/\/www.nagibel.be\/uploads\/images\/stages\/114_1442.JPG\" alt=\"\" width=\"275\" height=\"366\"\/><\/figure>\n\n\n\n<p>Petite d\u00e9ception toutefois lorsque je me rendis compte que nous serions peu nombreux. En effet, outre 3 de nos mousquetaires &#8211; enfin, samoura\u00efs \u2013 absents pour cause de stage en Germanie inf\u00e9rieure (ach, z\u2019est t\u00fbr le defoir barfois), tous nos amis du Kenbukan manquaient \u00e9galement \u00e0 l\u2019appel. Finalement, nous n\u2019\u00e9tions que huit naginatakas\u2026<\/p>\n\n\n\n<p>Qu\u2019\u00e0 cela ne tienne, nous \u00e9tions d\u00e9cid\u00e9 \u00e0 compenser le nombre par l\u2019enthousiasme et \u00e0 remplir la grande salle omnisport du Sporthal de nos zanshins et de no kia\u00efs&nbsp;!!!<\/p>\n\n\n\n<p>Pour ce faire, Charlotte et Philibert nous avaient concoct\u00e9 un programme app\u00e9tissant. Apr\u00e8s une mise en jambes aussi tonique qu\u2019oxyg\u00e9nante (stretching, pas de course, pompes, abdos,\u2026), Charlotte nous guida dans un kihon lui-aussi plut\u00f4t rythm\u00e9. Nous \u00e9tions d\u00e8s lors bien r\u00e9veill\u00e9s pour la suite&nbsp;: retour sur quelques techniques de base, tout en concentration, puis katas. On avait de la place, la salle \u00e9tait exempte de tout bruit, \u00e0 l\u2019exception de nos propres sonorit\u00e9s&nbsp;: glissements de pas, froissements des hakamas, entrechoquements de nos lames de bambou, kia\u00efs,\u2026<\/p>\n\n\n\n<p>Ensuite, Philibert nous proposa de travailler l\u2019une ou l\u2019autre technique plus sp\u00e9cifique au combat contre des kendokas. Z\u2019avaient qu\u2019\u00e0 bien se tenir, z\u2019allaient voir ce qu\u2019ils z\u2019allaient voir&nbsp;!!!<\/p>\n\n\n\n<p>Vers 19 heures sont arriv\u00e9s 4 sympathiques pratiquants du Sei Shin Kan de Leuven. Pour moi, cela allait \u00e9galement \u00eatre l\u2019occasion de tester mes connaissances de la langue de vondel&nbsp;! Klaar iedereen&nbsp;? Rei&nbsp;! Chudan ni kamae&nbsp;! Hajime&nbsp;! Pan, vlan, poc&nbsp;! Et c\u2019est parti pour une bonne s\u00e9rie de ji geikos&nbsp;: nagi contre nagi, shinai contre shinai, nagi contre shinai. On souffle dans le men. On sue aussi&nbsp;! Les combats s\u2019encha\u00eenent et ne se ressemblent pas. Men o tore&nbsp;! Ouf&nbsp;! Sur les visages rougis par l\u2019effort s\u2019\u00e9talent de larges sourires<\/p>\n\n\n\n<figure class=\"wp-block-image is-resized\"><img decoding=\"async\" loading=\"lazy\" src=\"https:\/\/web.archive.org\/web\/20181214190056im_\/http:\/\/www.nagibel.be\/uploads\/images\/stages\/114_1444.JPG\" alt=\"\" width=\"155\" height=\"207\"\/><\/figure>\n\n\n\n<p>C\u2019\u00e9tait tof et on se dit qu\u2019on remettrait bien \u00e7a un de ces quatre, he jongens&nbsp;? Apr\u00e8s l\u2019effort, le r\u00e9confort&nbsp;: nous reprenons des forces gr\u00e2ce aux douceurs amen\u00e9es par Charlotte&nbsp;! Miam-miam, le cake aux fruits, les biscuits, les jus de fruits. Aaah, ce fut vraiment sympa&nbsp;!<\/p>\n\n\n\n<p>A bient\u00f4t&nbsp;!<\/p>\n","protected":false},"excerpt":{"rendered":"<p>Par une belle apr\u00e8s-midi de mars (euh, belle, je ne sais plus, mais il ne pleuvait pas en tout cas&nbsp;!), Tyl et moi-m\u00eame (David) d\u00e9barqu\u00e2mes au Sporthal de Hoeilaart afin de participer au deuxi\u00e8me entra\u00eenement f\u00e9d\u00e9ral de l\u2019ann\u00e9e. \u00ab&nbsp;Youpiiie&nbsp;\u00bb me <a class=\"more-link\" href=\"http:\/\/nagibel.com\/index.php\/stage-national\/\">Continue reading <span class=\"screen-reader-text\">  Stage national<\/span><span class=\"meta-nav\">&rarr;<\/span><\/a><\/p>\n","protected":false},"author":1,"featured_media":0,"parent":0,"menu_order":0,"comment_status":"closed","ping_status":"closed","template":"","meta":[],"_links":{"self":[{"href":"http:\/\/nagibel.com\/index.php\/wp-json\/wp\/v2\/pages\/816"}],"collection":[{"href":"http:\/\/nagibel.com\/index.php\/wp-json\/wp\/v2\/pages"}],"about":[{"href":"http:\/\/nagibel.com\/index.php\/wp-json\/wp\/v2\/types\/page"}],"author":[{"embeddable":true,"href":"http:\/\/nagibel.com\/index.php\/wp-json\/wp\/v2\/users\/1"}],"replies":[{"embeddable":true,"href":"http:\/\/nagibel.com\/index.php\/wp-json\/wp\/v2\/comments?post=816"}],"version-history":[{"count":1,"href":"http:\/\/nagibel.com\/index.php\/wp-json\/wp\/v2\/pages\/816\/revisions"}],"predecessor-version":[{"id":817,"href":"http:\/\/nagibel.com\/index.php\/wp-json\/wp\/v2\/pages\/816\/revisions\/817"}],"wp:attachment":[{"href":"http:\/\/nagibel.com\/index.php\/wp-json\/wp\/v2\/media?parent=816"}],"curies":[{"name":"wp","href":"https:\/\/api.w.org\/{rel}","templated":true}]}}