{"id":804,"date":"2020-03-30T21:18:42","date_gmt":"2020-03-30T19:18:42","guid":{"rendered":"http:\/\/nagibel.com\/?page_id=804"},"modified":"2020-03-30T21:18:42","modified_gmt":"2020-03-30T19:18:42","slug":"2015-2","status":"publish","type":"page","link":"http:\/\/nagibel.com\/index.php\/2015-2\/","title":{"rendered":"2015"},"content":{"rendered":"\n<p><strong>Tokunaga:<\/strong><\/p>\n\n\n\n<ul><li>1 \u00e8re place :Lo\u00efc DELALANDE (S.A. M\u00e9rignacais)<\/li><li>2 \u00e8me place :Amandine BABULE (Taikocho Toulouse)<\/li><li>3 \u00e8me place :Romain BOUGLE (Versailles Budo)<\/li><li>Fighting spirit : C\u00e9lia DUCAZEAUX (US Bouscat Naginata)<\/li><\/ul>\n\n\n\n<p><strong>J. Mercier:<\/strong><\/p>\n\n\n\n<ul><li>1 \u00e8re place :Nada MAAZIZ &#8211; Romain BOUGLE &#8211; Mathieu BOURRON<\/li><li>2 \u00e8me place :Sophie SCHMITZ \u2013 Fanny HAMOT \u2013 Lo\u00efc DELALANDE<\/li><li>3 \u00e8me place :C\u00e9lia DUCAZEAUX \u2013 Anh AUGUSTIN THI VAN \u2013 Jean-Mathieu GAFFIE <\/li><li>3 \u00e8me place :Elisabeth BUY \u2013 Arnault JOLLET \u2013 Alain THIELEN<\/li><li>Fighting spirit : Mathieu BOURRON (Versailles Budo)<\/li><\/ul>\n\n\n\n<p><strong>Simone Charton<\/strong><\/p>\n\n\n\n<p>Coupe technique 1er niveau<br>1 \u00e8re place : Sandrine FATH \u2013 C\u00e9lia DUCAZEAUX (US Bouscat Naginata)<br>2 \u00e8me place : Estephe FATH \u2013 Corentin LAMY (US Bouscat Naginata)<br>3 \u00e8me place : L\u00e9andre BILLET \u2013 Arthur BLADANET (US Bouscat Naginata)<\/p>\n\n\n\n<p><br>Coupe technique 2\u00e8me niveau<br>1 \u00e8re place : Patrice LAMY \u2013 Bruno FATH (US Bouscat Naginata)<br>2 \u00e8me place : Yohann BORDESSOULE (US Bouscat Naginata) &#8211; Elisabeth BUY<br>3 \u00e8me place : Estephe FATH \u2013 Corentin LAMY (US Bouscat Naginata)<\/p>\n\n\n\n<p><br>Coupe technique 3\u00e8me niveau<br>1 \u00e8re place : Christophe GIRAUD (NIDF) \u2013 Fanny HAMOT (Maison Alfort)<br>2\u00e8me place : Arnault JOLLET \u2013 Nada MAAZIZ (Maison Alfort)<br>3 \u00e8me place : Monique NERINI \u2013 Lo\u00efc DELALANDE (S.A. M\u00e9rignacais)<\/p>\n\n\n\n<p><strong>Par tirage au sort:<\/strong><\/p>\n\n\n\n<p>Coupe technique 1er niveau<br>1 \u00e8re place : Patrice LAMY \u2013 C\u00e9lia DUCAZEAUX<br>2 \u00e8me place : L\u00e9andre BILLET \u2013 Bruno FATH<br>3 \u00e8me place : Arthur BLADANET \u2013 Laetitia SALMON<\/p>\n\n\n\n<p><br>Coupe technique 2\u00e8me niveau<br>1 \u00e8re place :Gauthier FABRY \u2013 Lo\u00efc DELALANDE<br>2 eme place : Nada MAAZIZ \u2013 Jean-Mathieu GAFFIE<br>3 \u00e8me place : Christophe GIRAUD (NIDF) \u2013 Fanny HAMOT<\/p>\n","protected":false},"excerpt":{"rendered":"<p>Tokunaga: 1 \u00e8re place :Lo\u00efc DELALANDE (S.A. M\u00e9rignacais) 2 \u00e8me place :Amandine BABULE (Taikocho Toulouse) 3 \u00e8me place :Romain BOUGLE (Versailles Budo) Fighting spirit : C\u00e9lia DUCAZEAUX (US Bouscat Naginata) J. Mercier: 1 \u00e8re place :Nada MAAZIZ &#8211; Romain BOUGLE <a class=\"more-link\" href=\"http:\/\/nagibel.com\/index.php\/2015-2\/\">Continue reading <span class=\"screen-reader-text\">  2015<\/span><span class=\"meta-nav\">&rarr;<\/span><\/a><\/p>\n","protected":false},"author":1,"featured_media":0,"parent":0,"menu_order":0,"comment_status":"closed","ping_status":"closed","template":"","meta":[],"_links":{"self":[{"href":"http:\/\/nagibel.com\/index.php\/wp-json\/wp\/v2\/pages\/804"}],"collection":[{"href":"http:\/\/nagibel.com\/index.php\/wp-json\/wp\/v2\/pages"}],"about":[{"href":"http:\/\/nagibel.com\/index.php\/wp-json\/wp\/v2\/types\/page"}],"author":[{"embeddable":true,"href":"http:\/\/nagibel.com\/index.php\/wp-json\/wp\/v2\/users\/1"}],"replies":[{"embeddable":true,"href":"http:\/\/nagibel.com\/index.php\/wp-json\/wp\/v2\/comments?post=804"}],"version-history":[{"count":1,"href":"http:\/\/nagibel.com\/index.php\/wp-json\/wp\/v2\/pages\/804\/revisions"}],"predecessor-version":[{"id":805,"href":"http:\/\/nagibel.com\/index.php\/wp-json\/wp\/v2\/pages\/804\/revisions\/805"}],"wp:attachment":[{"href":"http:\/\/nagibel.com\/index.php\/wp-json\/wp\/v2\/media?parent=804"}],"curies":[{"name":"wp","href":"https:\/\/api.w.org\/{rel}","templated":true}]}}