{"id":779,"date":"2020-03-29T13:40:11","date_gmt":"2020-03-29T11:40:11","guid":{"rendered":"http:\/\/nagibel.com\/?page_id=779"},"modified":"2020-03-30T21:04:31","modified_gmt":"2020-03-30T19:04:31","slug":"2019-2","status":"publish","type":"page","link":"http:\/\/nagibel.com\/index.php\/2019-2\/","title":{"rendered":"2019"},"content":{"rendered":"\n<p><strong>Tokunaga<\/strong> <strong>2019<\/strong> <\/p>\n\n\n\n<ul><li>1er Tyl Dermine (Belgique)<\/li><li>2\u00e8me Fran\u00e7ois Dermine (Belgique)<\/li><li>3\u00e8me Julien Bloch et Romain Bougl\u00e9 (France)<\/li><\/ul>\n\n\n\n<p><strong>S. Charton:<\/strong><\/p>\n\n\n\n<p>1er Niveau<\/p>\n\n\n\n<p>1 \u00e8re place : Tony GUEDES \u2013 Magali VOLLAND (JC Maisons-Alfort)<\/p>\n\n\n\n<p><br>2\u00e8me Niveau<\/p>\n\n\n\n<ul><li>1 \u00e8re place : EBRU KOK &#8211; Eden PINSON (USM Rocquencourt)<\/li><li>2 \u00e8me place : Aur\u00e9lie PERNIAS \u2013 Alexandre CYPRIEN SCERRI (US Le Bouscat et JC Maisons-Alfort)<\/li><li>3 \u00e8me place : C\u00e9cile DUQUENOY &#8211; Lo\u00efc GUERRINI (Versailles Budo)<\/li><\/ul>\n\n\n\n<p>3\u00e8me Niveau<\/p>\n\n\n\n<ul><li>1 place : Adeline GVERO COTTENET &#8211; Carole PARIOT (USMR Rocquencourt)<\/li><li>2 \u00e8me place :Lo\u00efc VARGOZ &#8211; Benoit LAURENCON (TUESG St-Germain en Laye)<\/li><li>3 \u00e8me place :Romain LY &#8211; Marc-Fran\u00e7ois BAUDOT (ACBB) <\/li><li>3 \u00e8me place :Aurore VERDOT \u2013 David DOL\u00c9ANS (ACBB)<\/li><\/ul>\n\n\n\n<p><strong>Tirage au sort: <\/strong><\/p>\n\n\n\n<p>1er Niveau:<\/p>\n\n\n\n<ul><li>Alexandre CYPRIEN SCERRI \u2013 Ebru KOK (JC Maisons-Alfort et USM Rocquencourt)<\/li><li>Benjamin JALLAS \u2013 Killian PINSON (Versailles Budo et USM Rocquencourt)<\/li><li>Magalie VOLLAND \u2013 Eden PINSON (JC Maisons Alfort et USM Rocquencourt)<\/li><\/ul>\n\n\n\n<p>2\u00e8me Niveau<\/p>\n\n\n\n<ul><li>1 \u00e8re place : Adeline GVERO COTTENET \u2013 L\u00e9o TAN (USM Rocquencourt et JC Maisons-Alfort)<\/li><li>2 \u00e8me place : Charlotte VANDERSLEYEN \u2013 Beno\u00eet LAUREN\u00c7ON (NAGIBEL et TUESG)<\/li><li>3 \u00e8me place :Sophie SCHMITZ- Carole PARIOT (US BOUSCAT et USMR) et<\/li><li>3 \u00e8me place :Emmanuel DAYRE \u2013 Fanny HAMOT (ACBB et JC Maisons-Alfort)<\/li><\/ul>\n","protected":false},"excerpt":{"rendered":"<p>Tokunaga 2019 1er Tyl Dermine (Belgique) 2\u00e8me Fran\u00e7ois Dermine (Belgique) 3\u00e8me Julien Bloch et Romain Bougl\u00e9 (France) S. Charton: 1er Niveau 1 \u00e8re place : Tony GUEDES \u2013 Magali VOLLAND (JC Maisons-Alfort) 2\u00e8me Niveau 1 \u00e8re place : EBRU KOK <a class=\"more-link\" href=\"http:\/\/nagibel.com\/index.php\/2019-2\/\">Continue reading <span class=\"screen-reader-text\">  2019<\/span><span class=\"meta-nav\">&rarr;<\/span><\/a><\/p>\n","protected":false},"author":1,"featured_media":0,"parent":0,"menu_order":0,"comment_status":"closed","ping_status":"closed","template":"","meta":[],"_links":{"self":[{"href":"http:\/\/nagibel.com\/index.php\/wp-json\/wp\/v2\/pages\/779"}],"collection":[{"href":"http:\/\/nagibel.com\/index.php\/wp-json\/wp\/v2\/pages"}],"about":[{"href":"http:\/\/nagibel.com\/index.php\/wp-json\/wp\/v2\/types\/page"}],"author":[{"embeddable":true,"href":"http:\/\/nagibel.com\/index.php\/wp-json\/wp\/v2\/users\/1"}],"replies":[{"embeddable":true,"href":"http:\/\/nagibel.com\/index.php\/wp-json\/wp\/v2\/comments?post=779"}],"version-history":[{"count":2,"href":"http:\/\/nagibel.com\/index.php\/wp-json\/wp\/v2\/pages\/779\/revisions"}],"predecessor-version":[{"id":801,"href":"http:\/\/nagibel.com\/index.php\/wp-json\/wp\/v2\/pages\/779\/revisions\/801"}],"wp:attachment":[{"href":"http:\/\/nagibel.com\/index.php\/wp-json\/wp\/v2\/media?parent=779"}],"curies":[{"name":"wp","href":"https:\/\/api.w.org\/{rel}","templated":true}]}}