{"id":768,"date":"2020-03-29T13:16:41","date_gmt":"2020-03-29T11:16:41","guid":{"rendered":"http:\/\/nagibel.com\/?page_id=768"},"modified":"2020-03-29T13:16:42","modified_gmt":"2020-03-29T11:16:42","slug":"comme-si-vous-y-etiez-2014","status":"publish","type":"page","link":"http:\/\/nagibel.com\/index.php\/comme-si-vous-y-etiez-2014\/","title":{"rendered":"Comme si vous y \u00e9tiez..2014"},"content":{"rendered":"\n<p>Nous voil\u00e0 repartit \u00e0 la comp\u00e9tition Tokunaga\/S. Charton\/ J. Mercier qui \u00e9tait organis\u00e9e cette ann\u00e9e \u00e0 Tergnier (Picardie) par nos \u00e9tudiants presque Belge Olivier et Marion.<\/p>\n\n\n\n<div class=\"wp-block-image\"><figure class=\"aligncenter is-resized\"><img decoding=\"async\" loading=\"lazy\" src=\"https:\/\/web.archive.org\/web\/20181214184857im_\/http:\/\/www.nagibel.be\/uploads\/images\/compet\/P1020009.JPG\" alt=\"\" width=\"383\" height=\"383\"\/><\/figure><\/div>\n\n\n\n<p>Tyl, Fran\u00e7ois, Sacha, Pascale, Yolanda et Laurence \u00e9taient bien-s\u00fbr de la partie, accompagn\u00e9s de Marianne, H\u00e9loise (presque belge) et David (pour un aller\/retour fulgurant).<\/p>\n\n\n\n<p>Le centre \u00e9tait magnifique et de nombreuses nations avaient r\u00e9pondu \u00e0 l&#8217;appel (L&#8217;Allemagne, la Hollande, le Portugale et bien s\u00fbr la France).<\/p>\n\n\n\n<p>Malgr\u00e9 les quelques petits soucis, la convivialit\u00e9 qui rend cet \u00e9v\u00e8nement si sp\u00e9cial \u00e9tait au rendez vous.<\/p>\n\n\n\n<p>Les repr\u00e9sentants du CRK Picardie et le DTR Kendo, responsable de la communication du CNK \u00e9taient pr\u00e9sent et d\u00e9couvraient pour la premier fois le naginata. La presse locale est m\u00eame pr\u00e9sente, autant dire que nous avons fait sensation!<\/p>\n\n\n\n<p>Quelques lames cass\u00e9es plus tard, Tyl et Fran\u00e7ois s&#8217;affrontent en demi finale, qui se termine malheureusement par une d\u00e9cision arbitrale. Tyl rencontre Loic en finale et finit par gagner la comp\u00e9tition.<\/p>\n\n\n\n<p><br>Fran\u00e7ois gagne le samourai en faisant un Jodan men \u00e0 Laurence lors du combat par \u00e9quipe, et, port\u00e9 par l&#8217;entousihasme, toute son \u00e9quipe tente de faire la m\u00eame chose.<\/p>\n\n\n\n<figure class=\"wp-block-image is-resized\"><img decoding=\"async\" loading=\"lazy\" src=\"https:\/\/web.archive.org\/web\/20181214184857im_\/http:\/\/www.nagibel.be\/uploads\/images\/compet\/dsc_6481-26.jpg\" alt=\"\" width=\"426\" height=\"283\"\/><\/figure>\n\n\n\n<p>La Sayonara se passent calmement, nous mangeons bien, rions devant les clip compl\u00eatement kitch qu&#8217;ils passent \u00e0 la TV, parlons du futur pr\u00e9nom du b\u00e9b\u00e9 de Marion et Olivier (&#8220;Luke&#8221; pour pouvoir dire &#8220;je suis ton p\u00e8re&#8221;; Madison avec la pire orthographe du monde &#8220;Maddysonne&#8221;),&#8230;<\/p>\n\n\n\n<div class=\"wp-block-image\"><figure class=\"alignright is-resized\"><img decoding=\"async\" loading=\"lazy\" src=\"https:\/\/web.archive.org\/web\/20181214184857im_\/http:\/\/www.nagibel.be\/uploads\/images\/compet\/P1010984.JPG\" alt=\"\" width=\"338\" height=\"338\"\/><\/figure><\/div>\n\n\n\n<p>Le lendemain, c&#8217;est le tour de la comp\u00e9tition technique.<\/p>\n\n\n\n<p>Il y a quelques surprises (les kata n&#8217;\u00e9taient pas les m\u00eame dans les guides fran\u00e7ais et anglais!) mais tout se passe \u00e0 nouveau tr\u00e8s bien. L&#8217;\u00e9quipe Frucy et Giraud nous a bien fait rire avec leur kata &#8220;le pire du pire&#8221; (au programme, gigotage, fou rire et combat,..bref, du n&#8217;importe quoi!)<\/p>\n\n\n\n<p><br>Grace \u00e0 leur ann\u00e9es d&#8217;exp\u00e9riences dans la pratique d&#8217;autres arts martiaux, Olivier et Marion montrent un zenshin sans faille et gagnent la 1ere place dans leur cat\u00e9gorie!<\/p>\n\n\n\n<div class=\"wp-block-image\"><figure class=\"aligncenter is-resized\"><img decoding=\"async\" loading=\"lazy\" src=\"https:\/\/web.archive.org\/web\/20181214184857im_\/http:\/\/www.nagibel.be\/uploads\/images\/compet\/P1020019.JPG\" alt=\"\" width=\"372\" height=\"372\"\/><\/figure><\/div>\n\n\n\n<p>La paire de Sasha et Yolanda gagne la 3\u00e8me place, puis lors de la comp\u00e9tition J. Mercier, Olivier remporte une nouvelle fois la m\u00e9daille d&#8217;or avec Edouardo (&#8220;l&#8217;\u00e9quipe des gros barbu&#8221;), tandis que Laurence et Loic remportent eux aussi la m\u00e9daille d&#8217;or dans leur cat\u00e9gorie.<\/p>\n\n\n\n<figure class=\"wp-block-image\"><img decoding=\"async\" src=\"https:\/\/web.archive.org\/web\/20181214184857im_\/http:\/\/www.nagibel.be\/uploads\/images\/compet\/tokunaga9-8-2-2014.jpg\" alt=\"\"\/><\/figure>\n\n\n\n<p>La fin de la comp\u00e9tition se fait pr\u00e9cipitament: il nous reste 20 min pour nous changer, vider la salle et remettre en place les tatamis. La plus part des participants sont l\u00e0 pour aider et l&#8217;on fait de notre mieux pour ranger&#8230;mais on manque de temps et de pratique! Pas facile de porter et disposer ces tatamis! Olivier est oblig\u00e9 de revenir le lendemain pour tout r\u00e9organiser.<\/p>\n\n\n\n<p>Un merci tout sp\u00e9cial \u00e0 Heloise, qui est venu pour nous encourager et qui s&#8217;est retrouv\u00e9e \u00e0 g\u00e9rer les tables d&#8217;arbitrages, ainsi qu&#8217;aux trois arbitres qui ont eu le courage et la force d&#8217;arbitrer durant 2 jours.<\/p>\n","protected":false},"excerpt":{"rendered":"<p>Nous voil\u00e0 repartit \u00e0 la comp\u00e9tition Tokunaga\/S. Charton\/ J. Mercier qui \u00e9tait organis\u00e9e cette ann\u00e9e \u00e0 Tergnier (Picardie) par nos \u00e9tudiants presque Belge Olivier et Marion. Tyl, Fran\u00e7ois, Sacha, Pascale, Yolanda et Laurence \u00e9taient bien-s\u00fbr de la partie, accompagn\u00e9s de <a class=\"more-link\" href=\"http:\/\/nagibel.com\/index.php\/comme-si-vous-y-etiez-2014\/\">Continue reading <span class=\"screen-reader-text\">  Comme si vous y \u00e9tiez..2014<\/span><span class=\"meta-nav\">&rarr;<\/span><\/a><\/p>\n","protected":false},"author":1,"featured_media":0,"parent":0,"menu_order":0,"comment_status":"closed","ping_status":"closed","template":"","meta":[],"_links":{"self":[{"href":"http:\/\/nagibel.com\/index.php\/wp-json\/wp\/v2\/pages\/768"}],"collection":[{"href":"http:\/\/nagibel.com\/index.php\/wp-json\/wp\/v2\/pages"}],"about":[{"href":"http:\/\/nagibel.com\/index.php\/wp-json\/wp\/v2\/types\/page"}],"author":[{"embeddable":true,"href":"http:\/\/nagibel.com\/index.php\/wp-json\/wp\/v2\/users\/1"}],"replies":[{"embeddable":true,"href":"http:\/\/nagibel.com\/index.php\/wp-json\/wp\/v2\/comments?post=768"}],"version-history":[{"count":1,"href":"http:\/\/nagibel.com\/index.php\/wp-json\/wp\/v2\/pages\/768\/revisions"}],"predecessor-version":[{"id":769,"href":"http:\/\/nagibel.com\/index.php\/wp-json\/wp\/v2\/pages\/768\/revisions\/769"}],"wp:attachment":[{"href":"http:\/\/nagibel.com\/index.php\/wp-json\/wp\/v2\/media?parent=768"}],"curies":[{"name":"wp","href":"https:\/\/api.w.org\/{rel}","templated":true}]}}