{"id":766,"date":"2020-03-29T13:04:30","date_gmt":"2020-03-29T11:04:30","guid":{"rendered":"http:\/\/nagibel.com\/?page_id=766"},"modified":"2020-03-29T13:04:31","modified_gmt":"2020-03-29T11:04:31","slug":"comme-si-vous-y-etiez-2005","status":"publish","type":"page","link":"http:\/\/nagibel.com\/index.php\/comme-si-vous-y-etiez-2005\/","title":{"rendered":"Comme si vous y \u00e9tiez..2005"},"content":{"rendered":"\n<p>Ce fut pas tant le tournoi mais le voyage jusqu\u2019a Paris qui fut une \u00e9preuve pour tous nos participants.<\/p>\n\n\n\n<p>D\u00e9cide \u00e0 partir tot, David donna rendez vous vers 5&nbsp;:00 chez Jonathan et Isabelle, et apr\u00e8s un petit cafe et une explication sur la route \u00e0 suivre, nous avons plonges dans les voitures.<\/p>\n\n\n\n<p>David, Jonath, Isa et Laurence accueillirent un passager clandestin\u2026 Francois. Christophe, vaillant supporter nous suivait avec Tim et Tyl, alors que Morgane emboitait le pas avec Valerie et Yves. Gilles et Angelique quant \u00e0 eux, semblaient avoir choisi de faire route de leur cote.<\/p>\n\n\n\n<p>Il ne fallut pas longtemps \u00e0 notre groupe pour s\u2019apercevoir que le voyage allait \u00eatre long.<\/p>\n\n\n\n<p>A peine \u00e0 50km de Bruxelles, l\u2019un des pneus de la voiture de Christophe \u00e9clata.<\/p>\n\n\n\n<p>Pr\u00e9venus par gsm nous avons patient\u00e9 quelques minutes, le temps que nos experts mecaniciens r\u00e9paraient les degats.<\/p>\n\n\n\n<p>La suite du voyage fut plutot calme, en tous cas jusqu&#8217;\u00e0 Paris. Ceci permis a Francois et John de nous raconter leur explois de vacances a la neige\u2026<\/p>\n\n\n\n<p>Arrive \u00e0 l\u2019entree de Paris, nous avons eut la tr\u00e8s mauvaise idee de branche le GPS et d\u2019y indiquer l\u2019adresse ou nous nous rendions.<\/p>\n\n\n\n<p>Malheureusement pas de Maison-Alfort dans la DB. Qu\u2019a cela ne tienne la rue Paul Vaillant Couturier ne doit pas exister en 30000 exemplaire\u2026 EH BIEN OUI&nbsp;!!!!<\/p>\n\n\n\n<p>Apres un \u00ab&nbsp;petit&nbsp;\u00bb d\u00e9tour par Paris, qui possede sa rue Paul Vaillant Couturier, nopus nous sommes rendu compte que Maison-Alfort prenait un S&nbsp;: Maisons-Alfort. Mais on ne peut pas dire que cela facilita beaucoup les choses au GPS.<\/p>\n\n\n\n<p>Soit, nous sommes arrives juste a temps&nbsp;!<\/p>\n\n\n\n<p>Mais malheureusement nous n\u2019\u00e9tions pas les derniers\u2026 Morgane eut un l\u00e9ger accident ce qui la retarda beaucoup (et \u00e9videment, c&#8217;est dans sa voiture qu&#8217;\u00e9taient les armures!) et Gilles qui passait par l\u00e0, l\u2019aida \u00e0 r\u00e9gler les d\u00e9tails du constat\u2026Heureusement personne ne fut bless\u00e9.<\/p>\n\n\n\n<p>Mais le timing se ressera beaucoup pour la suite.<\/p>\n\n\n\n<p>Suivant l\u2019affaire par GSM, David, Francois et ceux qui \u00e9taient d\u00e9j\u00e0 sur place demand\u00e8rent aux organisateurs de la coupe Tokunaga, de placer les combats de Yves, Gilles et Angelique au derniers moment\u2026 Ce qu&nbsp;\u2018ils firent avec beaucoup de bonne volont\u00e9.<\/p>\n\n\n\n<p>Pour le tournoi, David engagea les hostilite et sortit premier de sa poule, apr\u00e8s n\u2019avoir marqu\u00e9 presque que des kotes.<\/p>\n\n\n\n<p>Les septs poules suivantes se d\u00e9cal\u00e8rent dans le temps en fonction des nouvelles que nous recevions de Gilles, et Yves.<\/p>\n\n\n\n<p>Jonathan eut un tirage au sort moins chanceux que David et ne put sortir de sa poule, il aurait surement pr\u00e9f\u00e9r\u00e9 rester au lit&nbsp;!<\/p>\n\n\n\n<p>Entre temps David pr\u00eata son armure \u00e0 Francois, car comble de problemes, certaines des armures \u00e9taient dans les voitures en retard, dont celle de notre passager clandestin&nbsp;!<\/p>\n\n\n\n<p>Enfin Francois r\u00e9ussi \u00e0 sortir de sa poule et Tyl aussi.<\/p>\n\n\n\n<p>Ce fut ensuite le bapt\u00eame du feu de Tim, il se battit comme un pro, mais malheureusement, cela ne suffit pas \u00e0 le sortir de sa poule.<\/p>\n\n\n\n<p>Enfin Gilles, Yves et Angelique arriverent juste \u00e0 temps pour affronter les adversaires de leur poules. Ils r\u00e9ussirent malgre ce d\u00e9but chaotique \u00e0 sortir de leur poule.<\/p>\n\n\n\n<p>Les \u00e9tapes suivantes furent pleine de surprises, entre les combats serre, et les performances des nouveaux.<\/p>\n\n\n\n<p>Le tournois se termina sur une finale, un peu banale\u2026. En effet David et Francois s\u2019affront\u00e8rent en finale pour la troisieme fois en trois ans\u2026 cette fois la jeunesse l\u2019emporta.<\/p>\n","protected":false},"excerpt":{"rendered":"<p>Ce fut pas tant le tournoi mais le voyage jusqu\u2019a Paris qui fut une \u00e9preuve pour tous nos participants. D\u00e9cide \u00e0 partir tot, David donna rendez vous vers 5&nbsp;:00 chez Jonathan et Isabelle, et apr\u00e8s un petit cafe et une <a class=\"more-link\" href=\"http:\/\/nagibel.com\/index.php\/comme-si-vous-y-etiez-2005\/\">Continue reading <span class=\"screen-reader-text\">  Comme si vous y \u00e9tiez..2005<\/span><span class=\"meta-nav\">&rarr;<\/span><\/a><\/p>\n","protected":false},"author":1,"featured_media":0,"parent":0,"menu_order":0,"comment_status":"closed","ping_status":"closed","template":"","meta":[],"_links":{"self":[{"href":"http:\/\/nagibel.com\/index.php\/wp-json\/wp\/v2\/pages\/766"}],"collection":[{"href":"http:\/\/nagibel.com\/index.php\/wp-json\/wp\/v2\/pages"}],"about":[{"href":"http:\/\/nagibel.com\/index.php\/wp-json\/wp\/v2\/types\/page"}],"author":[{"embeddable":true,"href":"http:\/\/nagibel.com\/index.php\/wp-json\/wp\/v2\/users\/1"}],"replies":[{"embeddable":true,"href":"http:\/\/nagibel.com\/index.php\/wp-json\/wp\/v2\/comments?post=766"}],"version-history":[{"count":1,"href":"http:\/\/nagibel.com\/index.php\/wp-json\/wp\/v2\/pages\/766\/revisions"}],"predecessor-version":[{"id":767,"href":"http:\/\/nagibel.com\/index.php\/wp-json\/wp\/v2\/pages\/766\/revisions\/767"}],"wp:attachment":[{"href":"http:\/\/nagibel.com\/index.php\/wp-json\/wp\/v2\/media?parent=766"}],"curies":[{"name":"wp","href":"https:\/\/api.w.org\/{rel}","templated":true}]}}