{"id":763,"date":"2020-03-29T13:01:30","date_gmt":"2020-03-29T11:01:30","guid":{"rendered":"http:\/\/nagibel.com\/?page_id=763"},"modified":"2020-03-29T13:03:09","modified_gmt":"2020-03-29T11:03:09","slug":"2003-3","status":"publish","type":"page","link":"http:\/\/nagibel.com\/index.php\/2003-3\/","title":{"rendered":"Comme si vous y \u00e9tiez..2003"},"content":{"rendered":"\n<p>Fran\u00e7ois Dermine et David D\u2019hose sont les seules combattants de notre club qui avaient l\u2019opportunit\u00e9 d\u2019aller a cette rencontre annuelle que nous ne ratons jamais.<\/p>\n\n\n\n<p>Heureusement Isabelle D\u2019hose et Laurence n\u2019ont pas voulu les laisser partir seuls, elles se sont donc vaillamment lever a 5h du mat dimanche pour accompagner nos deux combattants a Paris.<\/p>\n\n\n\n<p>Les Bordelais \u00e9taient la en nombre, tant mieux car \u00e7a nous r\u00e9chauffent le c\u0153ur de les revoir a chaque fois.<\/p>\n\n\n\n<p>Malheureusement, madame Charton n\u2019a pu se d\u00e9placer pour raison de sant\u00e9, n\u00e9anmoins les autres responsables de la f\u00e9d\u00e9ration francaise \u00e9taient tous pr\u00e9sents.<\/p>\n\n\n\n<p>La comp\u00e9tition comptait 5 poules de 3 combattants et les deux premiers de chaque poule sortaient. Ainsi Fran\u00e7ois, et moi sort\u00eemes premier de notre poule ce qui nous permis de ne pas nous rencontrer ensuite trop rapidement.<\/p>\n\n\n\n<p>Le vainqueur de l\u2019an dernier Lo\u00efc Delalande n\u2019a pas renouveler son exploit, David D\u2019hose l\u2019\u00e9limina sur un kote (frappe au poignet). Fran\u00e7ois eut plus de mal a venir a bout de Catherine Parisis, sa victoire du \u00eatre deliberee par les arbitres au bout de deux prolongations sans frappes.<\/p>\n\n\n\n<p>Et nous e\u00fbmes une finale Belgo-belge, Francois et David s\u2019affront\u00e8rent avec le plus grand plaisir en finale. Ce fut Francois qui l\u2019emporta et David obtint logiquement la seconde place a laquelle il commence a s\u2019habituer ( c\u2019est la troisi\u00e8me fois pour ce tournoi).<\/p>\n","protected":false},"excerpt":{"rendered":"<p>Fran\u00e7ois Dermine et David D\u2019hose sont les seules combattants de notre club qui avaient l\u2019opportunit\u00e9 d\u2019aller a cette rencontre annuelle que nous ne ratons jamais. Heureusement Isabelle D\u2019hose et Laurence n\u2019ont pas voulu les laisser partir seuls, elles se sont <a class=\"more-link\" href=\"http:\/\/nagibel.com\/index.php\/2003-3\/\">Continue reading <span class=\"screen-reader-text\">  Comme si vous y \u00e9tiez..2003<\/span><span class=\"meta-nav\">&rarr;<\/span><\/a><\/p>\n","protected":false},"author":1,"featured_media":0,"parent":0,"menu_order":0,"comment_status":"closed","ping_status":"closed","template":"","meta":[],"_links":{"self":[{"href":"http:\/\/nagibel.com\/index.php\/wp-json\/wp\/v2\/pages\/763"}],"collection":[{"href":"http:\/\/nagibel.com\/index.php\/wp-json\/wp\/v2\/pages"}],"about":[{"href":"http:\/\/nagibel.com\/index.php\/wp-json\/wp\/v2\/types\/page"}],"author":[{"embeddable":true,"href":"http:\/\/nagibel.com\/index.php\/wp-json\/wp\/v2\/users\/1"}],"replies":[{"embeddable":true,"href":"http:\/\/nagibel.com\/index.php\/wp-json\/wp\/v2\/comments?post=763"}],"version-history":[{"count":2,"href":"http:\/\/nagibel.com\/index.php\/wp-json\/wp\/v2\/pages\/763\/revisions"}],"predecessor-version":[{"id":765,"href":"http:\/\/nagibel.com\/index.php\/wp-json\/wp\/v2\/pages\/763\/revisions\/765"}],"wp:attachment":[{"href":"http:\/\/nagibel.com\/index.php\/wp-json\/wp\/v2\/media?parent=763"}],"curies":[{"name":"wp","href":"https:\/\/api.w.org\/{rel}","templated":true}]}}