{"id":761,"date":"2020-03-29T12:58:57","date_gmt":"2020-03-29T10:58:57","guid":{"rendered":"http:\/\/nagibel.com\/?page_id=761"},"modified":"2020-03-29T12:58:58","modified_gmt":"2020-03-29T10:58:58","slug":"comme-si-vous-y-etiez-2002","status":"publish","type":"page","link":"http:\/\/nagibel.com\/index.php\/comme-si-vous-y-etiez-2002\/","title":{"rendered":"Comme si vous y \u00e9tiez..2002"},"content":{"rendered":"\n<p>Bien d\u00e9cider a remporter la coupe qu\u2019ils avaient du rendre un an auparavant, notre \u00e9quipe est partie pour Paris le c\u0153ur l\u00e9ger.<\/p>\n\n\n\n<p>Tyl Dermine, Francois Dermine, Jonathan D\u2019hose, David D\u2019hose \u00e9taient du voyage accompagn\u00e9 de Fabienne Bauwens et Mathieu .<\/p>\n\n\n\n<p>La comp\u00e9tition fut pleine de rebondissement, et notre \u00e9quipe du d\u00e9chanter plusieurs fois et remis en question quelques r\u00e9actions arbitrales.<\/p>\n\n\n\n<p>Ainsi Tyl re\u00e7ut une frappe alors que son adversaire bloquait sa naginata en marchant dessus.<\/p>\n\n\n\n<p>Jonathan et David s\u2019affront\u00e8rent de mani\u00e8re toujours aussi spectaculaire mais David l\u2019emporta sur un men que beaucoup discut\u00e8rent.<\/p>\n\n\n\n<p>Enfin, les d\u00e9cisions des arbitres n\u2019\u00e9tant pas discutables, nous nous sommes contentes d\u2019en d\u00e9battre entre nous, sans cr\u00e9er de scandale.<\/p>\n\n\n\n<p>David D\u2019hose combattit Loic Delalhande en finale, mais ce dernier l\u2019emporta apr\u00e8s une pi\u00e8tre prestation de notre repr\u00e9sentant.<\/p>\n\n\n\n<p>Fran\u00e7ois Dermine du se contenter d\u2019une troisi\u00e8me place, se rendant compte que rien n\u2019\u00e9tait acquis.<\/p>\n","protected":false},"excerpt":{"rendered":"<p>Bien d\u00e9cider a remporter la coupe qu\u2019ils avaient du rendre un an auparavant, notre \u00e9quipe est partie pour Paris le c\u0153ur l\u00e9ger. Tyl Dermine, Francois Dermine, Jonathan D\u2019hose, David D\u2019hose \u00e9taient du voyage accompagn\u00e9 de Fabienne Bauwens et Mathieu . <a class=\"more-link\" href=\"http:\/\/nagibel.com\/index.php\/comme-si-vous-y-etiez-2002\/\">Continue reading <span class=\"screen-reader-text\">  Comme si vous y \u00e9tiez..2002<\/span><span class=\"meta-nav\">&rarr;<\/span><\/a><\/p>\n","protected":false},"author":1,"featured_media":0,"parent":0,"menu_order":0,"comment_status":"closed","ping_status":"closed","template":"","meta":[],"_links":{"self":[{"href":"http:\/\/nagibel.com\/index.php\/wp-json\/wp\/v2\/pages\/761"}],"collection":[{"href":"http:\/\/nagibel.com\/index.php\/wp-json\/wp\/v2\/pages"}],"about":[{"href":"http:\/\/nagibel.com\/index.php\/wp-json\/wp\/v2\/types\/page"}],"author":[{"embeddable":true,"href":"http:\/\/nagibel.com\/index.php\/wp-json\/wp\/v2\/users\/1"}],"replies":[{"embeddable":true,"href":"http:\/\/nagibel.com\/index.php\/wp-json\/wp\/v2\/comments?post=761"}],"version-history":[{"count":1,"href":"http:\/\/nagibel.com\/index.php\/wp-json\/wp\/v2\/pages\/761\/revisions"}],"predecessor-version":[{"id":762,"href":"http:\/\/nagibel.com\/index.php\/wp-json\/wp\/v2\/pages\/761\/revisions\/762"}],"wp:attachment":[{"href":"http:\/\/nagibel.com\/index.php\/wp-json\/wp\/v2\/media?parent=761"}],"curies":[{"name":"wp","href":"https:\/\/api.w.org\/{rel}","templated":true}]}}