{"id":759,"date":"2020-03-29T12:57:15","date_gmt":"2020-03-29T10:57:15","guid":{"rendered":"http:\/\/nagibel.com\/?page_id=759"},"modified":"2020-03-29T12:57:16","modified_gmt":"2020-03-29T10:57:16","slug":"comme-si-vous-y-etiez-2000","status":"publish","type":"page","link":"http:\/\/nagibel.com\/index.php\/comme-si-vous-y-etiez-2000\/","title":{"rendered":"Comme si vous y \u00e9tiez..2000"},"content":{"rendered":"\n<div class=\"is-layout-flow wp-block-group\"><div class=\"wp-block-group__inner-container\">\n<div class=\"is-layout-flow wp-block-group\"><div class=\"wp-block-group__inner-container\">\n<p>La coupe Tokunaga, le 22 janvier 2000. <\/p>\n\n\n\n<p>C\u2019est \u00e0 Bordeaux que la coupe Tokunaga s\u2019organisa cette ann\u00e9e.<\/p>\n\n\n\n<p>Malgr\u00e9 la distance notre \u00e9quipe partit en nombre pour cette belle r\u00e9gion. Nicolas Dermine, David D\u2019hose, Charlotte Vandersleyen et Fabienne Bauwens \u00e9taient du voyage.<\/p>\n\n\n\n<p>Ce fut la premi\u00e8re fois qu\u2019on \u00e9voqua la disparition de Jacques Mercier, fondateur du club de Plouescat dans le Finist\u00e8re.<\/p>\n\n\n\n<p>Depuis, la coupe Tokunaga est accompagn\u00e9e d\u2019une comp\u00e9tition par \u00e9quipe&nbsp;: Le troph\u00e9e Jacques Mercier.<\/p>\n<\/div><\/div>\n<\/div><\/div>\n\n\n\n<figure class=\"wp-block-image\"><img decoding=\"async\" src=\"https:\/\/web.archive.org\/web\/20181214191736im_\/http:\/\/www.nagibel.be\/uploads\/images\/compet\/toku6.jpg\" alt=\"\"\/><\/figure>\n","protected":false},"excerpt":{"rendered":"<p>La coupe Tokunaga, le 22 janvier 2000. C\u2019est \u00e0 Bordeaux que la coupe Tokunaga s\u2019organisa cette ann\u00e9e. Malgr\u00e9 la distance notre \u00e9quipe partit en nombre pour cette belle r\u00e9gion. Nicolas Dermine, David D\u2019hose, Charlotte Vandersleyen et Fabienne Bauwens \u00e9taient du <a class=\"more-link\" href=\"http:\/\/nagibel.com\/index.php\/comme-si-vous-y-etiez-2000\/\">Continue reading <span class=\"screen-reader-text\">  Comme si vous y \u00e9tiez..2000<\/span><span class=\"meta-nav\">&rarr;<\/span><\/a><\/p>\n","protected":false},"author":1,"featured_media":0,"parent":0,"menu_order":0,"comment_status":"closed","ping_status":"closed","template":"","meta":[],"_links":{"self":[{"href":"http:\/\/nagibel.com\/index.php\/wp-json\/wp\/v2\/pages\/759"}],"collection":[{"href":"http:\/\/nagibel.com\/index.php\/wp-json\/wp\/v2\/pages"}],"about":[{"href":"http:\/\/nagibel.com\/index.php\/wp-json\/wp\/v2\/types\/page"}],"author":[{"embeddable":true,"href":"http:\/\/nagibel.com\/index.php\/wp-json\/wp\/v2\/users\/1"}],"replies":[{"embeddable":true,"href":"http:\/\/nagibel.com\/index.php\/wp-json\/wp\/v2\/comments?post=759"}],"version-history":[{"count":1,"href":"http:\/\/nagibel.com\/index.php\/wp-json\/wp\/v2\/pages\/759\/revisions"}],"predecessor-version":[{"id":760,"href":"http:\/\/nagibel.com\/index.php\/wp-json\/wp\/v2\/pages\/759\/revisions\/760"}],"wp:attachment":[{"href":"http:\/\/nagibel.com\/index.php\/wp-json\/wp\/v2\/media?parent=759"}],"curies":[{"name":"wp","href":"https:\/\/api.w.org\/{rel}","templated":true}]}}