{"id":734,"date":"2020-03-29T12:36:47","date_gmt":"2020-03-29T10:36:47","guid":{"rendered":"http:\/\/nagibel.com\/?page_id=734"},"modified":"2020-03-29T12:36:47","modified_gmt":"2020-03-29T10:36:47","slug":"2017-2","status":"publish","type":"page","link":"http:\/\/nagibel.com\/index.php\/2017-2\/","title":{"rendered":"2017"},"content":{"rendered":"\n<p><strong>Tokunaga 2017:<\/strong><\/p>\n\n\n\n<ul><li>1\u00e8re place: Fran\u00e7ois Dermine<\/li><li>2\u00e8me place: Loic Delalande<\/li><li>3\u00e8me place: Tyl Dermine et Roman Bougle<\/li><\/ul>\n\n\n\n<figure class=\"wp-block-image\"><img decoding=\"async\" src=\"https:\/\/web.archive.org\/web\/20181214185745im_\/http:\/\/www.nagibel.be\/uploads\/images\/compet\/16406434_1431361733597441_8905770385932296306_n.jpg\" alt=\"\"\/><\/figure>\n","protected":false},"excerpt":{"rendered":"<p>Tokunaga 2017: 1\u00e8re place: Fran\u00e7ois Dermine 2\u00e8me place: Loic Delalande 3\u00e8me place: Tyl Dermine et Roman Bougle<\/p>\n","protected":false},"author":1,"featured_media":0,"parent":0,"menu_order":0,"comment_status":"closed","ping_status":"closed","template":"","meta":[],"_links":{"self":[{"href":"http:\/\/nagibel.com\/index.php\/wp-json\/wp\/v2\/pages\/734"}],"collection":[{"href":"http:\/\/nagibel.com\/index.php\/wp-json\/wp\/v2\/pages"}],"about":[{"href":"http:\/\/nagibel.com\/index.php\/wp-json\/wp\/v2\/types\/page"}],"author":[{"embeddable":true,"href":"http:\/\/nagibel.com\/index.php\/wp-json\/wp\/v2\/users\/1"}],"replies":[{"embeddable":true,"href":"http:\/\/nagibel.com\/index.php\/wp-json\/wp\/v2\/comments?post=734"}],"version-history":[{"count":1,"href":"http:\/\/nagibel.com\/index.php\/wp-json\/wp\/v2\/pages\/734\/revisions"}],"predecessor-version":[{"id":735,"href":"http:\/\/nagibel.com\/index.php\/wp-json\/wp\/v2\/pages\/734\/revisions\/735"}],"wp:attachment":[{"href":"http:\/\/nagibel.com\/index.php\/wp-json\/wp\/v2\/media?parent=734"}],"curies":[{"name":"wp","href":"https:\/\/api.w.org\/{rel}","templated":true}]}}