{"id":732,"date":"2020-03-29T12:35:42","date_gmt":"2020-03-29T10:35:42","guid":{"rendered":"http:\/\/nagibel.com\/?page_id=732"},"modified":"2020-03-29T12:35:42","modified_gmt":"2020-03-29T10:35:42","slug":"2016-3","status":"publish","type":"page","link":"http:\/\/nagibel.com\/index.php\/2016-3\/","title":{"rendered":"2016"},"content":{"rendered":"\n<p>La coupe Tokunaga\/J. Mercier se tenait le 30 avril 2016 \u00e0 Paris.<\/p>\n\n\n\n<p>La d\u00e9l\u00e9gation belge \u00e9tait venue en nombre: Thomas, Dylan, H\u00e9lo\u00efse, Tyl, Fran\u00e7ois, David, Jonathan ainsi que Nolwen et Marianne qui \u00e9taient venue encourag\u00e9es les combattants.<\/p>\n\n\n\n<figure class=\"wp-block-image\"><img decoding=\"async\" src=\"https:\/\/web.archive.org\/web\/20181214185646im_\/http:\/\/www.nagibel.be\/uploads\/images\/compet\/toku2016.JPG\" alt=\"\"\/><\/figure>\n\n\n\n<p><strong>Coupe tokunaga:<\/strong><\/p>\n\n\n\n<ul><li>1\u00e8re place: Dermine Francois<\/li><li>2\u00e8me place: Delande Loic<\/li><li>3\u00e8me place: Thielen Alain et Dufeil Guillaume<\/li><li>Fighting Spirit : Silva Monica<\/li><\/ul>\n\n\n\n<p><strong>Coupe Jacques Mercier:<\/strong><\/p>\n\n\n\n<ul><li>1\u00e8re place: \u00c9quipe #9 : Sabrina Semaio, Jim karpinski et Tyl Dermine.<\/li><li>2\u00e8me place: Equipe #1: Thomas Vandenkerchoven, Guillaume Duffeil, Jonathan D&#8217;Hose.<\/li><li>3\u00e8me ex place: Equipe #7: M\u00f3nica Silva, Nicolas Dompnier, Alain Thielen et Benoit Laurecon.<\/li><li>3\u00e8me ex place: Equipe#8: Heloise Guyomard, Jean Luis Moulin et David D&#8217;Hose.<\/li><\/ul>\n","protected":false},"excerpt":{"rendered":"<p>La coupe Tokunaga\/J. Mercier se tenait le 30 avril 2016 \u00e0 Paris. La d\u00e9l\u00e9gation belge \u00e9tait venue en nombre: Thomas, Dylan, H\u00e9lo\u00efse, Tyl, Fran\u00e7ois, David, Jonathan ainsi que Nolwen et Marianne qui \u00e9taient venue encourag\u00e9es les combattants. Coupe tokunaga: 1\u00e8re <a class=\"more-link\" href=\"http:\/\/nagibel.com\/index.php\/2016-3\/\">Continue reading <span class=\"screen-reader-text\">  2016<\/span><span class=\"meta-nav\">&rarr;<\/span><\/a><\/p>\n","protected":false},"author":1,"featured_media":0,"parent":0,"menu_order":0,"comment_status":"closed","ping_status":"closed","template":"","meta":[],"_links":{"self":[{"href":"http:\/\/nagibel.com\/index.php\/wp-json\/wp\/v2\/pages\/732"}],"collection":[{"href":"http:\/\/nagibel.com\/index.php\/wp-json\/wp\/v2\/pages"}],"about":[{"href":"http:\/\/nagibel.com\/index.php\/wp-json\/wp\/v2\/types\/page"}],"author":[{"embeddable":true,"href":"http:\/\/nagibel.com\/index.php\/wp-json\/wp\/v2\/users\/1"}],"replies":[{"embeddable":true,"href":"http:\/\/nagibel.com\/index.php\/wp-json\/wp\/v2\/comments?post=732"}],"version-history":[{"count":1,"href":"http:\/\/nagibel.com\/index.php\/wp-json\/wp\/v2\/pages\/732\/revisions"}],"predecessor-version":[{"id":733,"href":"http:\/\/nagibel.com\/index.php\/wp-json\/wp\/v2\/pages\/732\/revisions\/733"}],"wp:attachment":[{"href":"http:\/\/nagibel.com\/index.php\/wp-json\/wp\/v2\/media?parent=732"}],"curies":[{"name":"wp","href":"https:\/\/api.w.org\/{rel}","templated":true}]}}