{"id":73,"date":"2019-07-18T17:46:55","date_gmt":"2019-07-18T15:46:55","guid":{"rendered":"http:\/\/nagibel.com\/?page_id=73"},"modified":"2019-07-18T19:12:28","modified_gmt":"2019-07-18T17:12:28","slug":"73-2","status":"publish","type":"page","link":"http:\/\/nagibel.com\/","title":{"rendered":""},"content":{"rendered":"\n<p>Bienvenue sur le site de la F\u00e9d\u00e9ration belge de Naginata.<\/p>\n\n\n\n<div class=\"wp-block-image\"><figure class=\"alignright is-resized\"><figure><img decoding=\"async\" loading=\"lazy\" src=\"http:\/\/nagibel.com\/wp-content\/uploads\/2019\/07\/268906_10150308393662119_631872118_9168994_7300735_n.jpg\" alt=\"\" class=\"wp-image-76\" width=\"266\" height=\"399\" srcset=\"http:\/\/nagibel.com\/wp-content\/uploads\/2019\/07\/268906_10150308393662119_631872118_9168994_7300735_n.jpg 480w, http:\/\/nagibel.com\/wp-content\/uploads\/2019\/07\/268906_10150308393662119_631872118_9168994_7300735_n-200x300.jpg 200w\" sizes=\"(max-width: 266px) 100vw, 266px\" \/><\/figure><\/figure><\/div>\n\n\n\n<p>Fond\u00e9e en 1990 par les premiers pratiquants de Naginata en Belgique, la f\u00e9d\u00e9ration belge de Naginata \u00e0 pour but:<\/p>\n\n\n\n<ul><li>De regrouper les clubs belges de Naginata pr\u00e9sents et \u00e0 venir ainsi que leurs membres<\/li><li>L&#8217;\u00e9tude, la pratique et la diffusion du Naginata en Belgique<\/li><li>L&#8217;organisation de stages, passage de grades, d\u00e9monstrations, galas, championnats et toutes autres manifestations relatives au Naginata en Belgique<\/li><li>de repr\u00e9senter la Belgique aupr\u00e8s des autres f\u00e9d\u00e9rations nationales et aupr\u00e8s de la f\u00e9d\u00e9rations internationale de Naginata (INF)<\/li><\/ul>\n\n\n\n<p>La f\u00e9d\u00e9ration belge de Naginata est membre de la F\u00e9d\u00e9ration Europ\u00e9enne de Naginata (ENF) et de l&#8217;International Naginata Federation (INF). Elle est reconnue par la Zen Nihon Naginata Renmei, ce qui constitue une garantie de la qualit\u00e9 technique du Naginata en Belgique.<\/p>\n","protected":false},"excerpt":{"rendered":"<p>Bienvenue sur le site de la F\u00e9d\u00e9ration belge de Naginata. Fond\u00e9e en 1990 par les premiers pratiquants de Naginata en Belgique, la f\u00e9d\u00e9ration belge de Naginata \u00e0 pour but: De regrouper les clubs belges de Naginata pr\u00e9sents et \u00e0 venir <a class=\"more-link\" href=\"http:\/\/nagibel.com\/\">Continue reading <span class=\"screen-reader-text\">  <\/span><span class=\"meta-nav\">&rarr;<\/span><\/a><\/p>\n","protected":false},"author":1,"featured_media":0,"parent":0,"menu_order":0,"comment_status":"closed","ping_status":"closed","template":"","meta":[],"_links":{"self":[{"href":"http:\/\/nagibel.com\/index.php\/wp-json\/wp\/v2\/pages\/73"}],"collection":[{"href":"http:\/\/nagibel.com\/index.php\/wp-json\/wp\/v2\/pages"}],"about":[{"href":"http:\/\/nagibel.com\/index.php\/wp-json\/wp\/v2\/types\/page"}],"author":[{"embeddable":true,"href":"http:\/\/nagibel.com\/index.php\/wp-json\/wp\/v2\/users\/1"}],"replies":[{"embeddable":true,"href":"http:\/\/nagibel.com\/index.php\/wp-json\/wp\/v2\/comments?post=73"}],"version-history":[{"count":4,"href":"http:\/\/nagibel.com\/index.php\/wp-json\/wp\/v2\/pages\/73\/revisions"}],"predecessor-version":[{"id":131,"href":"http:\/\/nagibel.com\/index.php\/wp-json\/wp\/v2\/pages\/73\/revisions\/131"}],"wp:attachment":[{"href":"http:\/\/nagibel.com\/index.php\/wp-json\/wp\/v2\/media?parent=73"}],"curies":[{"name":"wp","href":"https:\/\/api.w.org\/{rel}","templated":true}]}}