{"id":728,"date":"2020-03-29T12:32:21","date_gmt":"2020-03-29T10:32:21","guid":{"rendered":"http:\/\/nagibel.com\/?page_id=728"},"modified":"2020-03-29T14:14:39","modified_gmt":"2020-03-29T12:14:39","slug":"2013-2","status":"publish","type":"page","link":"http:\/\/nagibel.com\/index.php\/2013-2\/","title":{"rendered":"2013"},"content":{"rendered":"\n<p>Cette ann\u00e9e, les comp\u00e9titions Tokunaga, J. Mercier et S. Charton avaient lieu \u00e0 Versailles!<\/p>\n\n\n\n<figure class=\"wp-block-image\"><img decoding=\"async\" src=\"https:\/\/web.archive.org\/web\/20181214184827im_\/http:\/\/www.nagibel.be\/uploads\/images\/compet\/IMG_4427.jpg\" alt=\"\"\/><\/figure>\n\n\n\n<p><strong>R\u00e9sultat Shiai:<\/strong><\/p>\n\n\n\n<ul><li>1\u00e8re place: Tyl Dermine (Belgique)<\/li><li>2\u00e8me place: Lo\u00efc Delalande (France)<\/li><li>3\u00e8me place: Chlo\u00e9e Bellec (France) et Fran\u00e7ois Dermine (Belgique)<\/li><li>Fithing spirit: David D&#8217;hose (Belgique)<\/li><\/ul>\n\n\n\n<figure class=\"wp-block-image size-large\"><img decoding=\"async\" loading=\"lazy\" width=\"1024\" height=\"683\" src=\"http:\/\/nagibel.com\/wp-content\/uploads\/2020\/03\/image-1024x683.jpeg\" alt=\"\" class=\"wp-image-791\" srcset=\"http:\/\/nagibel.com\/wp-content\/uploads\/2020\/03\/image-1024x683.jpeg 1024w, http:\/\/nagibel.com\/wp-content\/uploads\/2020\/03\/image-300x200.jpeg 300w, http:\/\/nagibel.com\/wp-content\/uploads\/2020\/03\/image-768x512.jpeg 768w, http:\/\/nagibel.com\/wp-content\/uploads\/2020\/03\/image-1536x1024.jpeg 1536w, http:\/\/nagibel.com\/wp-content\/uploads\/2020\/03\/image-2048x1365.jpeg 2048w\" sizes=\"(max-width: 1024px) 100vw, 1024px\" \/><\/figure>\n\n\n\n<p>En \u00e9quipe<strong>,<\/strong> c&#8217;est l&#8217;\u00e9quipe de Tyl Dermine, Eric Barbier et Anne-Fr\u00e9d\u00e9rique Muller qui remporte la comp\u00e9tition Jacques Mercier.<\/p>\n\n\n\n<p><strong>La coupe Simone Charton:<\/strong><\/p>\n\n\n\n<p>&#8211; Kyu:<\/p>\n\n\n\n<ul><li>1\u00e8re place: Ronak Kamali- Yolanda Vanneste (Belgique)<\/li><li>2\u00e8me place: Christophe Giraud &#8211; F\u00e9lix Furcy (NIDF)<\/li><li>3\u00e8me place: Monique Nerini &#8211; Anne-Fr\u00e9d\u00e9rique Muller (SAM et Limoges)<\/li><\/ul>\n\n\n\n<p>&#8211; Dan:<\/p>\n\n\n\n<ul><li>1\u00e8re place: Laurence Dumonceau- Chlo\u00e9e Bellec (Belgique et NIDF)<\/li><li>2\u00e8me place: Lo\u00efc Delalande &#8211; Jean-Mathieu (SAM et LEC)<\/li><li>3\u00e8me place: Fanny Hamot &#8211; Nada Maaziz (JCMA)<\/li><\/ul>\n\n\n\n<p>Le tirage au sort:<\/p>\n\n\n\n<p>&#8211; Kyu:<\/p>\n\n\n\n<ul><li>1\u00e8re place: Anne-Fr\u00e9d\u00e9rique Muller (LEC) &#8211; Christophe Giraud (NIDF)<\/li><li>2\u00e8me place: Ronak Kamali (Belgique) &#8211; Cynthia Garini (Versailles)<\/li><li>3\u00e8me place: Yolanda Vanneste (Belgique) &#8211; F\u00e9lix Furcy (NIDF)<\/li><\/ul>\n\n\n\n<p>&#8211; Dan:<\/p>\n\n\n\n<ul><li>1\u00e8re place: Lo\u00efc Delalande (SAM) &#8211; Romain Bougle (NIDF)<\/li><li>2\u00e8me place: Chlo\u00e9e Bellec (NIDF) &#8211; Fanny Hamot (JCMA)<\/li><li>3\u00e8me place: Laurence Dumonceau (Belgique) &#8211; Nada Maaziz (JCMA)<\/li><\/ul>\n","protected":false},"excerpt":{"rendered":"<p>Cette ann\u00e9e, les comp\u00e9titions Tokunaga, J. Mercier et S. Charton avaient lieu \u00e0 Versailles! R\u00e9sultat Shiai: 1\u00e8re place: Tyl Dermine (Belgique) 2\u00e8me place: Lo\u00efc Delalande (France) 3\u00e8me place: Chlo\u00e9e Bellec (France) et Fran\u00e7ois Dermine (Belgique) Fithing spirit: David D&#8217;hose (Belgique) <a class=\"more-link\" href=\"http:\/\/nagibel.com\/index.php\/2013-2\/\">Continue reading <span class=\"screen-reader-text\">  2013<\/span><span class=\"meta-nav\">&rarr;<\/span><\/a><\/p>\n","protected":false},"author":1,"featured_media":0,"parent":0,"menu_order":0,"comment_status":"closed","ping_status":"closed","template":"","meta":[],"_links":{"self":[{"href":"http:\/\/nagibel.com\/index.php\/wp-json\/wp\/v2\/pages\/728"}],"collection":[{"href":"http:\/\/nagibel.com\/index.php\/wp-json\/wp\/v2\/pages"}],"about":[{"href":"http:\/\/nagibel.com\/index.php\/wp-json\/wp\/v2\/types\/page"}],"author":[{"embeddable":true,"href":"http:\/\/nagibel.com\/index.php\/wp-json\/wp\/v2\/users\/1"}],"replies":[{"embeddable":true,"href":"http:\/\/nagibel.com\/index.php\/wp-json\/wp\/v2\/comments?post=728"}],"version-history":[{"count":2,"href":"http:\/\/nagibel.com\/index.php\/wp-json\/wp\/v2\/pages\/728\/revisions"}],"predecessor-version":[{"id":792,"href":"http:\/\/nagibel.com\/index.php\/wp-json\/wp\/v2\/pages\/728\/revisions\/792"}],"wp:attachment":[{"href":"http:\/\/nagibel.com\/index.php\/wp-json\/wp\/v2\/media?parent=728"}],"curies":[{"name":"wp","href":"https:\/\/api.w.org\/{rel}","templated":true}]}}