{"id":726,"date":"2020-03-29T12:30:31","date_gmt":"2020-03-29T10:30:31","guid":{"rendered":"http:\/\/nagibel.com\/?page_id=726"},"modified":"2020-03-29T12:30:31","modified_gmt":"2020-03-29T10:30:31","slug":"2012-2","status":"publish","type":"page","link":"http:\/\/nagibel.com\/index.php\/2012-2\/","title":{"rendered":"2012"},"content":{"rendered":"\n<p><strong>La coupe Tokunaga:<\/strong><\/p>\n\n\n\n<ul><li>1\u00e8re place: Fran\u00e7ois Dermine (be)<\/li><li>2\u00e8me place: David D&#8217;Hose (be)<\/li><li>3\u00e8me place: Romain Bougle (fr) et Jim Karpinski (fr)<\/li><\/ul>\n\n\n\n<p><strong>Coupe J. Mercier:<\/strong><\/p>\n\n\n\n<ul><li>1\u00e8re place: \u00e9quipe 7 (L. Delalandre, T. Bouard, S. Susca)<\/li><li>2\u00e8me place: \u00e9quipe 8 (A. Nicol, R. Bougle, J. Karpinski)<\/li><li>3\u00e8me place: \u00e9quipe 2 (F. Dermine, A. Noorman, S. Lecertisseur) et \u00e9quipe 3 (M. Berghaan, G. Laurent et T. Chantegros)<\/li><\/ul>\n\n\n\n<p><strong>Coupe Simone Charton:<\/strong><\/p>\n\n\n\n<p>&#8211; 2\u00e8me niveau:<\/p>\n\n\n\n<ul><li>1\u00e8re place E. Giberna et S. Susca (Italie)<\/li><li>2\u00e8me place G. Agogue et B. Agogue (France)<\/li><li>3\u00e8me place: M. Nerini et G. Gobaille (France)<\/li><\/ul>\n\n\n\n<p>&#8211; 3\u00e8me niveau:<\/p>\n\n\n\n<ul><li>1\u00e8re place L. Delalande et D. Pouchard (France)<\/li><li>2\u00e8me place: F. Dermine et D. D&#8217;Hose (Belgique)<\/li><li>3\u00e8me place F. Hamot et G. Laurent (France)<\/li><\/ul>\n\n\n\n<p><strong>Au tirage au sort:<\/strong><\/p>\n\n\n\n<p>&#8211; 1er niveau:<\/p>\n\n\n\n<ul><li>1\u00e8re place S. Susca et G. Agogue<\/li><li>2\u00e8me place T. Chantegros et B. Agogue<\/li><li>3\u00e8me place E. Giberna et M. Richier<\/li><\/ul>\n\n\n\n<p>&#8211; 2\u00e8me niveau:<\/p>\n\n\n\n<ul><li>1\u00e8re place: JM Gaffie et G. Laurent<\/li><li>2\u00e8me place A. Cerchia et R. Hahn Morris<\/li><li>3\u00e8me place: F. Dermine et R. Bougle<\/li><\/ul>\n","protected":false},"excerpt":{"rendered":"<p>La coupe Tokunaga: 1\u00e8re place: Fran\u00e7ois Dermine (be) 2\u00e8me place: David D&#8217;Hose (be) 3\u00e8me place: Romain Bougle (fr) et Jim Karpinski (fr) Coupe J. Mercier: 1\u00e8re place: \u00e9quipe 7 (L. Delalandre, T. Bouard, S. Susca) 2\u00e8me place: \u00e9quipe 8 (A. <a class=\"more-link\" href=\"http:\/\/nagibel.com\/index.php\/2012-2\/\">Continue reading <span class=\"screen-reader-text\">  2012<\/span><span class=\"meta-nav\">&rarr;<\/span><\/a><\/p>\n","protected":false},"author":1,"featured_media":0,"parent":0,"menu_order":0,"comment_status":"closed","ping_status":"closed","template":"","meta":[],"_links":{"self":[{"href":"http:\/\/nagibel.com\/index.php\/wp-json\/wp\/v2\/pages\/726"}],"collection":[{"href":"http:\/\/nagibel.com\/index.php\/wp-json\/wp\/v2\/pages"}],"about":[{"href":"http:\/\/nagibel.com\/index.php\/wp-json\/wp\/v2\/types\/page"}],"author":[{"embeddable":true,"href":"http:\/\/nagibel.com\/index.php\/wp-json\/wp\/v2\/users\/1"}],"replies":[{"embeddable":true,"href":"http:\/\/nagibel.com\/index.php\/wp-json\/wp\/v2\/comments?post=726"}],"version-history":[{"count":1,"href":"http:\/\/nagibel.com\/index.php\/wp-json\/wp\/v2\/pages\/726\/revisions"}],"predecessor-version":[{"id":727,"href":"http:\/\/nagibel.com\/index.php\/wp-json\/wp\/v2\/pages\/726\/revisions\/727"}],"wp:attachment":[{"href":"http:\/\/nagibel.com\/index.php\/wp-json\/wp\/v2\/media?parent=726"}],"curies":[{"name":"wp","href":"https:\/\/api.w.org\/{rel}","templated":true}]}}