{"id":722,"date":"2020-03-29T12:27:19","date_gmt":"2020-03-29T10:27:19","guid":{"rendered":"http:\/\/nagibel.com\/?page_id=722"},"modified":"2020-03-29T12:27:19","modified_gmt":"2020-03-29T10:27:19","slug":"2010-2","status":"publish","type":"page","link":"http:\/\/nagibel.com\/index.php\/2010-2\/","title":{"rendered":"2010"},"content":{"rendered":"\n<p><strong>COUPE TOKUNAGA<\/strong><\/p>\n\n\n\n<ul><li>1ere place: Lo\u00efc DELALANDE\u00a0 (France)<\/li><li>2\u00e8me place: Aldo GIARELLI\u00a0 (Italie)<\/li><li>3\u00e8mes place ex-aequo Chlo\u00e9 BELLEC (France)\u00a0 &amp; Eric BARBIER\u00a0 (France)<\/li><li>Fighting Spirit: H\u00e9l\u00e8ne MAO\u00a0 (France)<\/li><\/ul>\n\n\n\n<p><strong>TROPHEE AMICAL PAR EQUIPES JACQUES MERCIER<\/strong><\/p>\n\n\n\n<ul><li>1ere place: Andr\u00e9as NICOL (Allemagne), Alessandro AGUZZI\u00a0 (Italie), Thibaud BOUARD\u00a0 (France),\u00a0 Martin TERRIER &#8211; (France)<\/li><li>2\u00e8me place: Alessia CERCHIA (Italie), Eric BARBIER (France), Roberta COSMO (Italie), H\u00e9l\u00e8ne MAO (France)<\/li><li>3\u00e8 ex-aequo:\u00a0 Jean-Mathieu GAFFIE (France), Aldo GIARELLI (Italie), Guillaume LAURENT (France) et Davide BRUSCIA (Italie)<\/li><li>Simonetta GUARRERA (Italie) et\u00a0 Gianluca CARAMELLI (Italie)<\/li><\/ul>\n","protected":false},"excerpt":{"rendered":"<p>COUPE TOKUNAGA 1ere place: Lo\u00efc DELALANDE\u00a0 (France) 2\u00e8me place: Aldo GIARELLI\u00a0 (Italie) 3\u00e8mes place ex-aequo Chlo\u00e9 BELLEC (France)\u00a0 &amp; Eric BARBIER\u00a0 (France) Fighting Spirit: H\u00e9l\u00e8ne MAO\u00a0 (France) TROPHEE AMICAL PAR EQUIPES JACQUES MERCIER 1ere place: Andr\u00e9as NICOL (Allemagne), Alessandro AGUZZI\u00a0 <a class=\"more-link\" href=\"http:\/\/nagibel.com\/index.php\/2010-2\/\">Continue reading <span class=\"screen-reader-text\">  2010<\/span><span class=\"meta-nav\">&rarr;<\/span><\/a><\/p>\n","protected":false},"author":1,"featured_media":0,"parent":0,"menu_order":0,"comment_status":"closed","ping_status":"closed","template":"","meta":[],"_links":{"self":[{"href":"http:\/\/nagibel.com\/index.php\/wp-json\/wp\/v2\/pages\/722"}],"collection":[{"href":"http:\/\/nagibel.com\/index.php\/wp-json\/wp\/v2\/pages"}],"about":[{"href":"http:\/\/nagibel.com\/index.php\/wp-json\/wp\/v2\/types\/page"}],"author":[{"embeddable":true,"href":"http:\/\/nagibel.com\/index.php\/wp-json\/wp\/v2\/users\/1"}],"replies":[{"embeddable":true,"href":"http:\/\/nagibel.com\/index.php\/wp-json\/wp\/v2\/comments?post=722"}],"version-history":[{"count":1,"href":"http:\/\/nagibel.com\/index.php\/wp-json\/wp\/v2\/pages\/722\/revisions"}],"predecessor-version":[{"id":723,"href":"http:\/\/nagibel.com\/index.php\/wp-json\/wp\/v2\/pages\/722\/revisions\/723"}],"wp:attachment":[{"href":"http:\/\/nagibel.com\/index.php\/wp-json\/wp\/v2\/media?parent=722"}],"curies":[{"name":"wp","href":"https:\/\/api.w.org\/{rel}","templated":true}]}}