{"id":720,"date":"2020-03-29T12:26:09","date_gmt":"2020-03-29T10:26:09","guid":{"rendered":"http:\/\/nagibel.com\/?page_id=720"},"modified":"2020-03-29T14:17:35","modified_gmt":"2020-03-29T12:17:35","slug":"2009-2","status":"publish","type":"page","link":"http:\/\/nagibel.com\/index.php\/2009-2\/","title":{"rendered":"2009"},"content":{"rendered":"\n<p><strong>Coupe Tokunaga:<\/strong><\/p>\n\n\n\n<ul><li>1\u00e8re place: Tyl Dermine (Belgique)<\/li><li>2\u00e8me place: Fran\u00e7ois Dermine (Belgique)<\/li><li>3\u00e8me place: Philibert Vandersleyen (Belgique) et Guillaume Gay Mazas (France)<\/li><\/ul>\n\n\n\n<p><strong>Coupe Jacques Mercier:<\/strong><\/p>\n\n\n\n<ul><li>1\u00e8re \u00e9quipe: Fran\u00e7ois Dermine (Belgique), Alessia Cerchia (Italie) et Guillaume Laurent (France)<\/li><li>2\u00e8me \u00e9quipe: Chlo\u00e9 Bellec (France), Pieter Gerritsen (Hollande) et Jim Karpinski (Fance)<\/li><li>3\u00e8me \u00e9quipe: &#8211; Gilles Spoo (Belgique), Jean-Mathieu Gaffi\u00e9 (France) et Ross Crawfort (Nouvelle Z\u00e9lande)<\/li><li>&#8211; Lo\u00efc Delalande (France), Andr\u00e9as Nicol (Allemagne) et Andr\u00e9a Baldini (Italie)<\/li><\/ul>\n\n\n\n<figure class=\"wp-block-image size-large\"><img decoding=\"async\" loading=\"lazy\" width=\"1024\" height=\"768\" src=\"http:\/\/nagibel.com\/wp-content\/uploads\/2020\/03\/image1-1024x768.jpeg\" alt=\"\" class=\"wp-image-794\" srcset=\"http:\/\/nagibel.com\/wp-content\/uploads\/2020\/03\/image1-1024x768.jpeg 1024w, http:\/\/nagibel.com\/wp-content\/uploads\/2020\/03\/image1-300x225.jpeg 300w, http:\/\/nagibel.com\/wp-content\/uploads\/2020\/03\/image1-768x576.jpeg 768w, http:\/\/nagibel.com\/wp-content\/uploads\/2020\/03\/image1-1536x1152.jpeg 1536w, http:\/\/nagibel.com\/wp-content\/uploads\/2020\/03\/image1-2048x1536.jpeg 2048w\" sizes=\"(max-width: 1024px) 100vw, 1024px\" \/><\/figure>\n","protected":false},"excerpt":{"rendered":"<p>Coupe Tokunaga: 1\u00e8re place: Tyl Dermine (Belgique) 2\u00e8me place: Fran\u00e7ois Dermine (Belgique) 3\u00e8me place: Philibert Vandersleyen (Belgique) et Guillaume Gay Mazas (France) Coupe Jacques Mercier: 1\u00e8re \u00e9quipe: Fran\u00e7ois Dermine (Belgique), Alessia Cerchia (Italie) et Guillaume Laurent (France) 2\u00e8me \u00e9quipe: Chlo\u00e9 <a class=\"more-link\" href=\"http:\/\/nagibel.com\/index.php\/2009-2\/\">Continue reading <span class=\"screen-reader-text\">  2009<\/span><span class=\"meta-nav\">&rarr;<\/span><\/a><\/p>\n","protected":false},"author":1,"featured_media":0,"parent":0,"menu_order":0,"comment_status":"closed","ping_status":"closed","template":"","meta":[],"_links":{"self":[{"href":"http:\/\/nagibel.com\/index.php\/wp-json\/wp\/v2\/pages\/720"}],"collection":[{"href":"http:\/\/nagibel.com\/index.php\/wp-json\/wp\/v2\/pages"}],"about":[{"href":"http:\/\/nagibel.com\/index.php\/wp-json\/wp\/v2\/types\/page"}],"author":[{"embeddable":true,"href":"http:\/\/nagibel.com\/index.php\/wp-json\/wp\/v2\/users\/1"}],"replies":[{"embeddable":true,"href":"http:\/\/nagibel.com\/index.php\/wp-json\/wp\/v2\/comments?post=720"}],"version-history":[{"count":2,"href":"http:\/\/nagibel.com\/index.php\/wp-json\/wp\/v2\/pages\/720\/revisions"}],"predecessor-version":[{"id":795,"href":"http:\/\/nagibel.com\/index.php\/wp-json\/wp\/v2\/pages\/720\/revisions\/795"}],"wp:attachment":[{"href":"http:\/\/nagibel.com\/index.php\/wp-json\/wp\/v2\/media?parent=720"}],"curies":[{"name":"wp","href":"https:\/\/api.w.org\/{rel}","templated":true}]}}