{"id":716,"date":"2020-03-29T12:23:13","date_gmt":"2020-03-29T10:23:13","guid":{"rendered":"http:\/\/nagibel.com\/?page_id=716"},"modified":"2020-03-29T12:23:14","modified_gmt":"2020-03-29T10:23:14","slug":"2007-2","status":"publish","type":"page","link":"http:\/\/nagibel.com\/index.php\/2007-2\/","title":{"rendered":"2007"},"content":{"rendered":"\n<p>20\/1\/2007<\/p>\n\n\n\n<p><strong>R\u00e9sultats de la Coupe Tokunaga<\/strong><\/p>\n\n\n\n<ul><li>1\u00e8re place: Tyl Dermine\u00a0 (Belgique)<\/li><li>2\u00e8me place: Lo\u00efc Delalande (France &#8211; M\u00e9rignac)<\/li><li>3\u00e8me place: Eric Barbier et Jean-Louis Moulin (France &#8211; M\u00e9rignac)<\/li><\/ul>\n\n\n\n<p> <strong>R\u00e9sultats de la Coupe par \u00e9quipe Jacques Mercier<\/strong><\/p>\n\n\n\n<ul><li>1\u00e8re place : \u00e9quipe compos\u00e9e de Hughes Jeang\u00e9rard (nidf), Vladimir P\u00e9r\u00e9 (Parempuyre) et de Aldo Giarelli (Italie).<\/li><li>2\u00e8me place : \u00e9quipe compos\u00e9e de Chlo\u00e9 Bellec (Limoges), Yvan Lacoste (Parempuyre) et de Florian Fernandez (Migennes).<\/li><li>3\u00e8me place : \u00e9quipe compos\u00e9e d\u2019Eric Barbier (M\u00e9rignac); R\u00e9mi Gontier (St Bruno) et Thibaud Bouard (nidf).<\/li><li>3\u00e8me place ex: \u00e9quipe compos\u00e9e de Philibert Vandersleyen (Belgique); Jean-Mathieu Gaffi\u00e9 (Limoges) et de Baptiste Boissonneau (Le Bouscat).<\/li><\/ul>\n","protected":false},"excerpt":{"rendered":"<p>20\/1\/2007 R\u00e9sultats de la Coupe Tokunaga 1\u00e8re place: Tyl Dermine\u00a0 (Belgique) 2\u00e8me place: Lo\u00efc Delalande (France &#8211; M\u00e9rignac) 3\u00e8me place: Eric Barbier et Jean-Louis Moulin (France &#8211; M\u00e9rignac) R\u00e9sultats de la Coupe par \u00e9quipe Jacques Mercier 1\u00e8re place : \u00e9quipe <a class=\"more-link\" href=\"http:\/\/nagibel.com\/index.php\/2007-2\/\">Continue reading <span class=\"screen-reader-text\">  2007<\/span><span class=\"meta-nav\">&rarr;<\/span><\/a><\/p>\n","protected":false},"author":1,"featured_media":0,"parent":0,"menu_order":0,"comment_status":"closed","ping_status":"closed","template":"","meta":[],"_links":{"self":[{"href":"http:\/\/nagibel.com\/index.php\/wp-json\/wp\/v2\/pages\/716"}],"collection":[{"href":"http:\/\/nagibel.com\/index.php\/wp-json\/wp\/v2\/pages"}],"about":[{"href":"http:\/\/nagibel.com\/index.php\/wp-json\/wp\/v2\/types\/page"}],"author":[{"embeddable":true,"href":"http:\/\/nagibel.com\/index.php\/wp-json\/wp\/v2\/users\/1"}],"replies":[{"embeddable":true,"href":"http:\/\/nagibel.com\/index.php\/wp-json\/wp\/v2\/comments?post=716"}],"version-history":[{"count":1,"href":"http:\/\/nagibel.com\/index.php\/wp-json\/wp\/v2\/pages\/716\/revisions"}],"predecessor-version":[{"id":717,"href":"http:\/\/nagibel.com\/index.php\/wp-json\/wp\/v2\/pages\/716\/revisions\/717"}],"wp:attachment":[{"href":"http:\/\/nagibel.com\/index.php\/wp-json\/wp\/v2\/media?parent=716"}],"curies":[{"name":"wp","href":"https:\/\/api.w.org\/{rel}","templated":true}]}}