{"id":712,"date":"2020-03-29T12:21:06","date_gmt":"2020-03-29T10:21:06","guid":{"rendered":"http:\/\/nagibel.com\/?page_id=712"},"modified":"2020-03-29T12:21:06","modified_gmt":"2020-03-29T10:21:06","slug":"2005-2","status":"publish","type":"page","link":"http:\/\/nagibel.com\/index.php\/2005-2\/","title":{"rendered":"2005"},"content":{"rendered":"\n<ul><li>1\u00e8re place: Fran\u00e7ois DERMINE<\/li><li>2\u00e8me place: David D&#8217;HOSE<\/li><li>3\u00e8me place: ?<\/li><\/ul>\n","protected":false},"excerpt":{"rendered":"<p>1\u00e8re place: Fran\u00e7ois DERMINE 2\u00e8me place: David D&#8217;HOSE 3\u00e8me place: ?<\/p>\n","protected":false},"author":1,"featured_media":0,"parent":0,"menu_order":0,"comment_status":"closed","ping_status":"closed","template":"","meta":[],"_links":{"self":[{"href":"http:\/\/nagibel.com\/index.php\/wp-json\/wp\/v2\/pages\/712"}],"collection":[{"href":"http:\/\/nagibel.com\/index.php\/wp-json\/wp\/v2\/pages"}],"about":[{"href":"http:\/\/nagibel.com\/index.php\/wp-json\/wp\/v2\/types\/page"}],"author":[{"embeddable":true,"href":"http:\/\/nagibel.com\/index.php\/wp-json\/wp\/v2\/users\/1"}],"replies":[{"embeddable":true,"href":"http:\/\/nagibel.com\/index.php\/wp-json\/wp\/v2\/comments?post=712"}],"version-history":[{"count":1,"href":"http:\/\/nagibel.com\/index.php\/wp-json\/wp\/v2\/pages\/712\/revisions"}],"predecessor-version":[{"id":713,"href":"http:\/\/nagibel.com\/index.php\/wp-json\/wp\/v2\/pages\/712\/revisions\/713"}],"wp:attachment":[{"href":"http:\/\/nagibel.com\/index.php\/wp-json\/wp\/v2\/media?parent=712"}],"curies":[{"name":"wp","href":"https:\/\/api.w.org\/{rel}","templated":true}]}}