{"id":710,"date":"2020-03-29T12:20:02","date_gmt":"2020-03-29T10:20:02","guid":{"rendered":"http:\/\/nagibel.com\/?page_id=710"},"modified":"2020-03-29T12:20:02","modified_gmt":"2020-03-29T10:20:02","slug":"2004-2","status":"publish","type":"page","link":"http:\/\/nagibel.com\/index.php\/2004-2\/","title":{"rendered":"2004"},"content":{"rendered":"\n<p><strong>LA COUPE TOKUNAGA:<\/strong><\/p>\n\n\n\n<ul><li>1\u00e8re place: David D&#8217;HOSE (Belgique)<\/li><li>2\u00e8me place: Fran\u00e7ois DERMINE (Belgique)<\/li><li>3\u00e8me place: Eric BARBIER (ASPTT)<\/li><\/ul>\n\n\n\n<p><strong>LA COUPE PAR EQUIPE JACQUES MERCIER:<\/strong><\/p>\n\n\n\n<ul><li>1\u00e8re Equipe\u00a0: &#8211; Nicolas MOULIN (ASPTT Bordeaux) &#8211; Vladimir PERE (ASPTT Bordeaux) &#8211; Lo\u00efc DELALANDE (M\u00e9rignac)<\/li><li>2\u00e8me Equipe &#8211; Jenny MOTIN (NIDF) &#8211; Mario CHAMBRIER (ASPTT Bordeaux) &#8211; Alain GUILLAUME (NIDF)<\/li><li>3\u00e8me Equipe\u00a0: &#8211; Yvan LACOSTE (ASPTT Bordeaux) Sandrine TURC (Maisons Alfort)<\/li><\/ul>\n","protected":false},"excerpt":{"rendered":"<p>LA COUPE TOKUNAGA: 1\u00e8re place: David D&#8217;HOSE (Belgique) 2\u00e8me place: Fran\u00e7ois DERMINE (Belgique) 3\u00e8me place: Eric BARBIER (ASPTT) LA COUPE PAR EQUIPE JACQUES MERCIER: 1\u00e8re Equipe\u00a0: &#8211; Nicolas MOULIN (ASPTT Bordeaux) &#8211; Vladimir PERE (ASPTT Bordeaux) &#8211; Lo\u00efc DELALANDE (M\u00e9rignac) <a class=\"more-link\" href=\"http:\/\/nagibel.com\/index.php\/2004-2\/\">Continue reading <span class=\"screen-reader-text\">  2004<\/span><span class=\"meta-nav\">&rarr;<\/span><\/a><\/p>\n","protected":false},"author":1,"featured_media":0,"parent":0,"menu_order":0,"comment_status":"closed","ping_status":"closed","template":"","meta":[],"_links":{"self":[{"href":"http:\/\/nagibel.com\/index.php\/wp-json\/wp\/v2\/pages\/710"}],"collection":[{"href":"http:\/\/nagibel.com\/index.php\/wp-json\/wp\/v2\/pages"}],"about":[{"href":"http:\/\/nagibel.com\/index.php\/wp-json\/wp\/v2\/types\/page"}],"author":[{"embeddable":true,"href":"http:\/\/nagibel.com\/index.php\/wp-json\/wp\/v2\/users\/1"}],"replies":[{"embeddable":true,"href":"http:\/\/nagibel.com\/index.php\/wp-json\/wp\/v2\/comments?post=710"}],"version-history":[{"count":1,"href":"http:\/\/nagibel.com\/index.php\/wp-json\/wp\/v2\/pages\/710\/revisions"}],"predecessor-version":[{"id":711,"href":"http:\/\/nagibel.com\/index.php\/wp-json\/wp\/v2\/pages\/710\/revisions\/711"}],"wp:attachment":[{"href":"http:\/\/nagibel.com\/index.php\/wp-json\/wp\/v2\/media?parent=710"}],"curies":[{"name":"wp","href":"https:\/\/api.w.org\/{rel}","templated":true}]}}