{"id":706,"date":"2020-03-29T12:17:57","date_gmt":"2020-03-29T10:17:57","guid":{"rendered":"http:\/\/nagibel.com\/?page_id=706"},"modified":"2020-03-29T12:17:57","modified_gmt":"2020-03-29T10:17:57","slug":"2002-2","status":"publish","type":"page","link":"http:\/\/nagibel.com\/index.php\/2002-2\/","title":{"rendered":"2002"},"content":{"rendered":"\n<p><strong>R\u00e9sultats Shiai:<\/strong><\/p>\n\n\n\n<ul><li>1\u00e8re place: Lo\u00efc Delalande (France)<\/li><li>2\u00e8me place: David D&#8217;Hose (Belgique)<\/li><li>3\u00e8me place: Fran\u00e7ois Dermine (Belgique)<\/li><\/ul>\n","protected":false},"excerpt":{"rendered":"<p>R\u00e9sultats Shiai: 1\u00e8re place: Lo\u00efc Delalande (France) 2\u00e8me place: David D&#8217;Hose (Belgique) 3\u00e8me place: Fran\u00e7ois Dermine (Belgique)<\/p>\n","protected":false},"author":1,"featured_media":0,"parent":0,"menu_order":0,"comment_status":"closed","ping_status":"closed","template":"","meta":[],"_links":{"self":[{"href":"http:\/\/nagibel.com\/index.php\/wp-json\/wp\/v2\/pages\/706"}],"collection":[{"href":"http:\/\/nagibel.com\/index.php\/wp-json\/wp\/v2\/pages"}],"about":[{"href":"http:\/\/nagibel.com\/index.php\/wp-json\/wp\/v2\/types\/page"}],"author":[{"embeddable":true,"href":"http:\/\/nagibel.com\/index.php\/wp-json\/wp\/v2\/users\/1"}],"replies":[{"embeddable":true,"href":"http:\/\/nagibel.com\/index.php\/wp-json\/wp\/v2\/comments?post=706"}],"version-history":[{"count":1,"href":"http:\/\/nagibel.com\/index.php\/wp-json\/wp\/v2\/pages\/706\/revisions"}],"predecessor-version":[{"id":707,"href":"http:\/\/nagibel.com\/index.php\/wp-json\/wp\/v2\/pages\/706\/revisions\/707"}],"wp:attachment":[{"href":"http:\/\/nagibel.com\/index.php\/wp-json\/wp\/v2\/media?parent=706"}],"curies":[{"name":"wp","href":"https:\/\/api.w.org\/{rel}","templated":true}]}}