{"id":704,"date":"2020-03-29T12:16:59","date_gmt":"2020-03-29T10:16:59","guid":{"rendered":"http:\/\/nagibel.com\/?page_id=704"},"modified":"2020-03-29T12:16:59","modified_gmt":"2020-03-29T10:16:59","slug":"2001-2","status":"publish","type":"page","link":"http:\/\/nagibel.com\/index.php\/2001-2\/","title":{"rendered":"2001"},"content":{"rendered":"\n<p>Cette coupe fut organis\u00e9e \u00e0 Paris et pour la premi\u00e8re fois accueilli des Italiens. Ce fut du reste la seule occasion que j&#8217;eu d&#8217;assister \u00e0 un accident lors d&#8217;un shiai. Heureusement cet accident ne se r\u00e9v\u00e9la pas trop grave, mais il aurait put&#8230; Un jeune combattant Italien, habitu\u00e9 \u00e0 la duret\u00e9 du shinai de kendo, brisa une lame et piqua son adversaire au travers de la grille, heureusement il rata l&#8217;oeil&#8230;<\/p>\n\n\n\n<p>R\u00e9sultats officiels:<\/p>\n\n\n\n<p><strong>Shiai :<\/strong><\/p>\n\n\n\n<p>1. Romain (France)<\/p>\n\n\n\n<p>2. ?<\/p>\n\n\n\n<p>3. ?<\/p>\n\n\n\n<p><strong>Tournoi Jacques Mercier<\/strong><\/p>\n\n\n\n<p>1er Nicolas Dermine et ??<\/p>\n\n\n\n<p>2\u00e8me&nbsp; Jonathan D&#8217;hose et ??<\/p>\n","protected":false},"excerpt":{"rendered":"<p>Cette coupe fut organis\u00e9e \u00e0 Paris et pour la premi\u00e8re fois accueilli des Italiens. Ce fut du reste la seule occasion que j&#8217;eu d&#8217;assister \u00e0 un accident lors d&#8217;un shiai. Heureusement cet accident ne se r\u00e9v\u00e9la pas trop grave, mais <a class=\"more-link\" href=\"http:\/\/nagibel.com\/index.php\/2001-2\/\">Continue reading <span class=\"screen-reader-text\">  2001<\/span><span class=\"meta-nav\">&rarr;<\/span><\/a><\/p>\n","protected":false},"author":1,"featured_media":0,"parent":0,"menu_order":0,"comment_status":"closed","ping_status":"closed","template":"","meta":[],"_links":{"self":[{"href":"http:\/\/nagibel.com\/index.php\/wp-json\/wp\/v2\/pages\/704"}],"collection":[{"href":"http:\/\/nagibel.com\/index.php\/wp-json\/wp\/v2\/pages"}],"about":[{"href":"http:\/\/nagibel.com\/index.php\/wp-json\/wp\/v2\/types\/page"}],"author":[{"embeddable":true,"href":"http:\/\/nagibel.com\/index.php\/wp-json\/wp\/v2\/users\/1"}],"replies":[{"embeddable":true,"href":"http:\/\/nagibel.com\/index.php\/wp-json\/wp\/v2\/comments?post=704"}],"version-history":[{"count":1,"href":"http:\/\/nagibel.com\/index.php\/wp-json\/wp\/v2\/pages\/704\/revisions"}],"predecessor-version":[{"id":705,"href":"http:\/\/nagibel.com\/index.php\/wp-json\/wp\/v2\/pages\/704\/revisions\/705"}],"wp:attachment":[{"href":"http:\/\/nagibel.com\/index.php\/wp-json\/wp\/v2\/media?parent=704"}],"curies":[{"name":"wp","href":"https:\/\/api.w.org\/{rel}","templated":true}]}}