{"id":702,"date":"2020-03-29T12:15:40","date_gmt":"2020-03-29T10:15:40","guid":{"rendered":"http:\/\/nagibel.com\/?page_id=702"},"modified":"2020-03-29T12:15:40","modified_gmt":"2020-03-29T10:15:40","slug":"2000-2","status":"publish","type":"page","link":"http:\/\/nagibel.com\/index.php\/2000-2\/","title":{"rendered":"2000"},"content":{"rendered":"\n<p>La comp\u00e9tition a lieu cette ann\u00e9e \u00e0 Bordeaux et pour la 1\u00e8re fois, on organisa une comp\u00e9tition par \u00e9quipe en l&#8217;honneur de Jacques Mercier, le fondateur du club de Plouescat dans le Finist\u00e8re.<\/p>\n\n\n\n<p>R\u00e9sultats Shiai:<\/p>\n\n\n\n<ul><li>1\u00e8re place: Nicholas Dermine (Belgique)<\/li><li>2\u00e8me place: David D&#8217;Hose (Belgique)<\/li><li>3\u00e8me place: Paul Aballea (France)<\/li><\/ul>\n","protected":false},"excerpt":{"rendered":"<p>La comp\u00e9tition a lieu cette ann\u00e9e \u00e0 Bordeaux et pour la 1\u00e8re fois, on organisa une comp\u00e9tition par \u00e9quipe en l&#8217;honneur de Jacques Mercier, le fondateur du club de Plouescat dans le Finist\u00e8re. R\u00e9sultats Shiai: 1\u00e8re place: Nicholas Dermine (Belgique) <a class=\"more-link\" href=\"http:\/\/nagibel.com\/index.php\/2000-2\/\">Continue reading <span class=\"screen-reader-text\">  2000<\/span><span class=\"meta-nav\">&rarr;<\/span><\/a><\/p>\n","protected":false},"author":1,"featured_media":0,"parent":0,"menu_order":0,"comment_status":"closed","ping_status":"closed","template":"","meta":[],"_links":{"self":[{"href":"http:\/\/nagibel.com\/index.php\/wp-json\/wp\/v2\/pages\/702"}],"collection":[{"href":"http:\/\/nagibel.com\/index.php\/wp-json\/wp\/v2\/pages"}],"about":[{"href":"http:\/\/nagibel.com\/index.php\/wp-json\/wp\/v2\/types\/page"}],"author":[{"embeddable":true,"href":"http:\/\/nagibel.com\/index.php\/wp-json\/wp\/v2\/users\/1"}],"replies":[{"embeddable":true,"href":"http:\/\/nagibel.com\/index.php\/wp-json\/wp\/v2\/comments?post=702"}],"version-history":[{"count":1,"href":"http:\/\/nagibel.com\/index.php\/wp-json\/wp\/v2\/pages\/702\/revisions"}],"predecessor-version":[{"id":703,"href":"http:\/\/nagibel.com\/index.php\/wp-json\/wp\/v2\/pages\/702\/revisions\/703"}],"wp:attachment":[{"href":"http:\/\/nagibel.com\/index.php\/wp-json\/wp\/v2\/media?parent=702"}],"curies":[{"name":"wp","href":"https:\/\/api.w.org\/{rel}","templated":true}]}}