{"id":630,"date":"2020-03-13T23:43:15","date_gmt":"2020-03-13T22:43:15","guid":{"rendered":"http:\/\/nagibel.com\/?page_id=630"},"modified":"2020-09-14T20:35:31","modified_gmt":"2020-09-14T18:35:31","slug":"pratique","status":"publish","type":"page","link":"http:\/\/nagibel.com\/index.php\/pratique\/","title":{"rendered":"Pratique"},"content":{"rendered":"\n<p>Le Naginata et le Tendo ryu sont tellement proche que certains membres du club de la For\u00eat de Soignes se r\u00e9unissent r\u00e9guli\u00e8rement pour pratiquer le Tendo ryu. Une pratique libre \u00e0 lieu une fois par mois, le dimanche. Vous pourrez trouver les dates exactes de ces entrainements dans l&#8217;agenda. <\/p>\n\n\n\n<p>Il y a en outre des stages r\u00e9guliers. <\/p>\n\n\n\n<figure class=\"wp-block-embed-youtube wp-block-embed is-type-video is-provider-youtube wp-embed-aspect-16-9 wp-has-aspect-ratio\"><div class=\"wp-block-embed__wrapper\">\n<iframe loading=\"lazy\" title=\"Yasuko Kimura Soke - Tendo Ryu Sogobujutsu [Interview Part 1\/2 - EN\/FR\/JA]\" width=\"530\" height=\"298\" src=\"https:\/\/www.youtube.com\/embed\/fPq9F_BVfb0?feature=oembed\" frameborder=\"0\" allow=\"accelerometer; autoplay; encrypted-media; gyroscope; picture-in-picture\" allowfullscreen><\/iframe>\n<\/div><\/figure>\n","protected":false},"excerpt":{"rendered":"<p>Le Naginata et le Tendo ryu sont tellement proche que certains membres du club de la For\u00eat de Soignes se r\u00e9unissent r\u00e9guli\u00e8rement pour pratiquer le Tendo ryu. Une pratique libre \u00e0 lieu une fois par mois, le dimanche. Vous pourrez <a class=\"more-link\" href=\"http:\/\/nagibel.com\/index.php\/pratique\/\">Continue reading <span class=\"screen-reader-text\">  Pratique<\/span><span class=\"meta-nav\">&rarr;<\/span><\/a><\/p>\n","protected":false},"author":1,"featured_media":0,"parent":0,"menu_order":0,"comment_status":"closed","ping_status":"closed","template":"","meta":[],"_links":{"self":[{"href":"http:\/\/nagibel.com\/index.php\/wp-json\/wp\/v2\/pages\/630"}],"collection":[{"href":"http:\/\/nagibel.com\/index.php\/wp-json\/wp\/v2\/pages"}],"about":[{"href":"http:\/\/nagibel.com\/index.php\/wp-json\/wp\/v2\/types\/page"}],"author":[{"embeddable":true,"href":"http:\/\/nagibel.com\/index.php\/wp-json\/wp\/v2\/users\/1"}],"replies":[{"embeddable":true,"href":"http:\/\/nagibel.com\/index.php\/wp-json\/wp\/v2\/comments?post=630"}],"version-history":[{"count":4,"href":"http:\/\/nagibel.com\/index.php\/wp-json\/wp\/v2\/pages\/630\/revisions"}],"predecessor-version":[{"id":950,"href":"http:\/\/nagibel.com\/index.php\/wp-json\/wp\/v2\/pages\/630\/revisions\/950"}],"wp:attachment":[{"href":"http:\/\/nagibel.com\/index.php\/wp-json\/wp\/v2\/media?parent=630"}],"curies":[{"name":"wp","href":"https:\/\/api.w.org\/{rel}","templated":true}]}}