{"id":610,"date":"2020-03-13T21:33:15","date_gmt":"2020-03-13T20:33:15","guid":{"rendered":"http:\/\/nagibel.com\/?page_id=610"},"modified":"2020-03-13T21:33:15","modified_gmt":"2020-03-13T20:33:15","slug":"stage-2015","status":"publish","type":"page","link":"http:\/\/nagibel.com\/index.php\/stage-2015\/","title":{"rendered":"Stage 2015"},"content":{"rendered":"\n<p>Juste apr\u00e8s les championnats du monde, nous avon eu la chance de participer \u00e0 un stage de Tendo ryu organis\u00e9 par le Bitokukai \u00e0 Round Hearth (Qu\u00e9bec).<\/p>\n\n\n\n<figure class=\"wp-block-image\"><img decoding=\"async\" src=\"https:\/\/scontent.fbru2-1.fna.fbcdn.net\/v\/t31.0-8\/885990_436538733195602_2625096729791470464_o.jpg?_nc_cat=110&amp;_nc_sid=e007fa&amp;_nc_oc=AQn6hkRI8P_B3youe0ksV0oAdNUHvJtcqOCPKN-gqiLLv5GJU4k1mDDYXaWlUNOtY6w&amp;_nc_ht=scontent.fbru2-1.fna&amp;oh=6dbbb9817e4c2f86543987f271fa645b&amp;oe=5E92E520\" alt=\"L\u2019image contient peut-\u00eatre\u00a0: 22 personnes, personnes souriantes, int\u00e9rieur\"\/><figcaption><br><br><\/figcaption><\/figure>\n\n\n\n<figure class=\"wp-block-image\"><img decoding=\"async\" src=\"https:\/\/scontent.fbru2-1.fna.fbcdn.net\/v\/t31.0-8\/1932571_434630336719775_6591475270670478850_o.jpg?_nc_cat=108&amp;_nc_sid=e007fa&amp;_nc_oc=AQl15O-EZ0Kx7pD8gwQm4hSpbWb-8myok4g5IRIlisDOO-rjYS-zXFTJb3pix6W4SHE&amp;_nc_ht=scontent.fbru2-1.fna&amp;oh=3889e63f23d915be315f8b9edb0b03f9&amp;oe=5E8FEB78\" alt=\"L\u2019image contient peut-\u00eatre\u00a0: ciel, nuage, herbe et plein air\"\/><\/figure>\n","protected":false},"excerpt":{"rendered":"<p>Juste apr\u00e8s les championnats du monde, nous avon eu la chance de participer \u00e0 un stage de Tendo ryu organis\u00e9 par le Bitokukai \u00e0 Round Hearth (Qu\u00e9bec).<\/p>\n","protected":false},"author":1,"featured_media":0,"parent":0,"menu_order":0,"comment_status":"closed","ping_status":"closed","template":"","meta":[],"_links":{"self":[{"href":"http:\/\/nagibel.com\/index.php\/wp-json\/wp\/v2\/pages\/610"}],"collection":[{"href":"http:\/\/nagibel.com\/index.php\/wp-json\/wp\/v2\/pages"}],"about":[{"href":"http:\/\/nagibel.com\/index.php\/wp-json\/wp\/v2\/types\/page"}],"author":[{"embeddable":true,"href":"http:\/\/nagibel.com\/index.php\/wp-json\/wp\/v2\/users\/1"}],"replies":[{"embeddable":true,"href":"http:\/\/nagibel.com\/index.php\/wp-json\/wp\/v2\/comments?post=610"}],"version-history":[{"count":1,"href":"http:\/\/nagibel.com\/index.php\/wp-json\/wp\/v2\/pages\/610\/revisions"}],"predecessor-version":[{"id":611,"href":"http:\/\/nagibel.com\/index.php\/wp-json\/wp\/v2\/pages\/610\/revisions\/611"}],"wp:attachment":[{"href":"http:\/\/nagibel.com\/index.php\/wp-json\/wp\/v2\/media?parent=610"}],"curies":[{"name":"wp","href":"https:\/\/api.w.org\/{rel}","templated":true}]}}