{"id":602,"date":"2020-03-13T21:12:06","date_gmt":"2020-03-13T20:12:06","guid":{"rendered":"http:\/\/nagibel.com\/?page_id=602"},"modified":"2021-06-04T14:26:31","modified_gmt":"2021-06-04T12:26:31","slug":"tendo-ryu","status":"publish","type":"page","link":"http:\/\/nagibel.com\/index.php\/tendo-ryu\/","title":{"rendered":"Tendo ryu"},"content":{"rendered":"\n<p>Le Tendo ryu est une ancienne \u00e9cole de Naginata. <\/p>\n\n\n\n<div class=\"wp-block-image\"><figure class=\"aligncenter\"><img decoding=\"async\" src=\"https:\/\/web.archive.org\/web\/20180904065716im_\/http:\/\/www.nagibel.be\/uploads\/images\/tendo ryu\/wwj09.jpg\" alt=\"\"\/><figcaption>Headmistress Mitamura Takeko (\u00e0 droite) and Sawada Hanae (\u00e0 gauche)<\/figcaption><\/figure><\/div>\n\n\n\n<p>Le Tendo ryu se pratique avec de nombreuses armes dont la naginata, le tachi, le nito, le kusarigama, le kodachi, le tanto et bien d&#8217;autres&#8230;<\/p>\n\n\n\n<p>Cette \u00e9cole d&#8217;art martiaux comporte 239 kata dont 138 sont associ\u00e9es \u00e0 la naginata.<\/p>\n\n\n\n<p>Le fondateur de Tendo-ryu est Saito Denkibo Katsuhide. Son \u00e9cole d&#8217;origine, Ten-ryu a \u00e9t\u00e9 d\u00e9velopp\u00e9 dans les ann\u00e9es 1560. Certains affirment qu&#8217;il \u00e9tudia avec Tsukahara Bokuden, le fondateur de la c\u00e9l\u00e8bre Kashima Shinto-ryu.<\/p>\n\n\n\n<div class=\"wp-block-image\"><figure class=\"alignright\"><img decoding=\"async\" src=\"https:\/\/web.archive.org\/web\/20180904050102im_\/http:\/\/www.nagibel.be\/uploads\/images\/historique\/tendo4.jpg\" alt=\"\"\/><\/figure><\/div>\n\n\n\n<p>Les l\u00e9gendes affirment que Saito fit une retraite dans un sanctuaire de Kamakura. Une nuit, il combattit avec un asc\u00e8te des montagnes. Apr\u00e8s une bataille qui dura jusqu&#8217;\u00e0 l&#8217;aube, Saito demanda \u00e0 son adversaire le nom de son \u00e9cole. Sans rien dire, l&#8217;homme s&#8217;en alla vers le soleil. Marqu\u00e9 par cet \u00e9v\u00e8nement, Saito donna \u00e0 son ryu le nom de &#8220;Tradition du Ciel.&#8221;<\/p>\n\n\n\n<p>Apr\u00e8s de nombreux duels, il fut prit en embuscade par des partisans d&#8217;un d\u00e9funt adversaire. Il fut capable d&#8217;abattre un grand nombre des fl\u00e8ches avec un kamayari, mais fut finalement tu\u00e9. Il avait 38 ans.<\/p>\n\n\n\n<p>Sa m\u00e9thode de blocage de fl\u00e8che devint pr\u00e9tendument la base de certaines des techniques centrales du Tendo-ryu Naginatajutsu.<\/p>\n\n\n\n<p>Mitamura Kengyo isola vers la fin du 19\u00e8me les particularit\u00e9s du naginata pour l&#8217;entrainement sp\u00e9cifique des femmes et des filles. En 1895 le Tendo ryu rejoint l&#8217;association pour la pr\u00e9servation des arts martiaux, le Dai Nippon Butokai.<\/p>\n\n\n\n<p>Mitamura Chiyo, fut la 15\u00e8me et 1ere femme Soke. A partir de cette date, les femmes prirent de l&#8217;importance dans l&#8217;enseignement. L&#8217;\u00e9cole &#8220;Ten-ryu&#8221; prit le nom que nous connaissons &#8220;Tendo ryu&#8221;.<\/p>\n\n\n\n<p>Lorsque le Dai Nippon Butokai annon\u00e7a vouloir cr\u00e9er une forme standardis\u00e9e de naginata, Chiyo s&#8217;opposa fortement au projet et quitta l&#8217;association en signe de protestation.<\/p>\n\n\n\n<p>Tendo-ryu Naginatajutsu illustre bon nombre des changements importants survenus dans la formation martiale de la fin du XVIe si\u00e8cle \u00e0 nos jours. Il s&#8217;agit notamment de:<\/p>\n\n\n\n<ul><li>La transition de l&#8217;art guerrier int\u00e9grant de nombreuses armes \u00e0 une tradition martiale avec un accent mis sur une seule arme<\/li><li>La perception croissante de la naginata comme une arme associ\u00e9e aux femmes<\/li><li>L&#8217;utilisation des arts martiaux dans l&#8217;\u00e9ducation de masse<\/li><\/ul>\n\n\n\n<p>Aujourd&#8217;hui, de nombreux kata ont malheureusement \u00e9t\u00e9 oubli\u00e9.<\/p>\n\n\n\n<figure class=\"wp-block-image\"><img decoding=\"async\" src=\"https:\/\/web.archive.org\/web\/20180904050102im_\/http:\/\/www.nagibel.be\/uploads\/images\/historique\/formation au tendo sous la direction de Mitamura Takeko.jpg\" alt=\"\"\/><figcaption>Cours sous la direction de Mitamura Takeko sensei<\/figcaption><\/figure>\n\n\n\n<p>Certains des kata, proposant \u00e0 la fois la naginata et de l&#8217;\u00e9p\u00e9e courte, sont tr\u00e8s r\u00e9alistes quant aux limites de l&#8217;arme longue: ainsi, comme la naginata n&#8217;est pas tr\u00e8s efficace dans les combats rapproch\u00e9, elle est mis de c\u00f4t\u00e9 lorsque l&#8217;attaquant entre dans le p\u00e9rim\u00e8tre de s\u00e9curit\u00e9.<\/p>\n\n\n\n<p>L&#8217;\u00e9p\u00e9e courte est rapidement tir\u00e9e et utilis\u00e9e pour poignarder l&#8217;attaquant. Ce type d&#8217;attaque est d&#8217;autant plus r\u00e9aliste que les femmes japonaises peuvent facilement utiliser une dague sans devoir recourir \u00e0 de la force brute.<\/p>\n","protected":false},"excerpt":{"rendered":"<p>Le Tendo ryu est une ancienne \u00e9cole de Naginata. Le Tendo ryu se pratique avec de nombreuses armes dont la naginata, le tachi, le nito, le kusarigama, le kodachi, le tanto et bien d&#8217;autres&#8230; Cette \u00e9cole d&#8217;art martiaux comporte 239 <a class=\"more-link\" href=\"http:\/\/nagibel.com\/index.php\/tendo-ryu\/\">Continue reading <span class=\"screen-reader-text\">  Tendo ryu<\/span><span class=\"meta-nav\">&rarr;<\/span><\/a><\/p>\n","protected":false},"author":1,"featured_media":0,"parent":0,"menu_order":0,"comment_status":"closed","ping_status":"closed","template":"","meta":[],"_links":{"self":[{"href":"http:\/\/nagibel.com\/index.php\/wp-json\/wp\/v2\/pages\/602"}],"collection":[{"href":"http:\/\/nagibel.com\/index.php\/wp-json\/wp\/v2\/pages"}],"about":[{"href":"http:\/\/nagibel.com\/index.php\/wp-json\/wp\/v2\/types\/page"}],"author":[{"embeddable":true,"href":"http:\/\/nagibel.com\/index.php\/wp-json\/wp\/v2\/users\/1"}],"replies":[{"embeddable":true,"href":"http:\/\/nagibel.com\/index.php\/wp-json\/wp\/v2\/comments?post=602"}],"version-history":[{"count":4,"href":"http:\/\/nagibel.com\/index.php\/wp-json\/wp\/v2\/pages\/602\/revisions"}],"predecessor-version":[{"id":984,"href":"http:\/\/nagibel.com\/index.php\/wp-json\/wp\/v2\/pages\/602\/revisions\/984"}],"wp:attachment":[{"href":"http:\/\/nagibel.com\/index.php\/wp-json\/wp\/v2\/media?parent=602"}],"curies":[{"name":"wp","href":"https:\/\/api.w.org\/{rel}","templated":true}]}}