{"id":568,"date":"2020-02-17T22:10:46","date_gmt":"2020-02-17T21:10:46","guid":{"rendered":"http:\/\/nagibel.com\/?page_id=568"},"modified":"2020-02-17T22:10:47","modified_gmt":"2020-02-17T21:10:47","slug":"belgium-budo-magazine-2011","status":"publish","type":"page","link":"http:\/\/nagibel.com\/index.php\/belgium-budo-magazine-2011\/","title":{"rendered":"Belgium Budo magazine (2011)"},"content":{"rendered":"\n<p>Jonathan, Fabienne, David et Fran\u00e7ois ont \u00e9cris un article pour le jeune magasine d&#8217;art martiaux belge.<\/p>\n\n\n\n<figure class=\"wp-block-image\"><img decoding=\"async\" src=\"https:\/\/web.archive.org\/web\/20180904043515im_\/http:\/\/www.nagibel.be\/uploads\/images\/Pub\/belgiumbudo1.jpg\" alt=\"\"\/><\/figure>\n\n\n\n<p>Nous souhaitons bonne chance \u00e0 <a href=\"https:\/\/web.archive.org\/web\/20180904043515\/http:\/\/www.belgiumbudo.be\/\">&#8220;Belgium budo&#8221;<\/a>!<\/p>\n","protected":false},"excerpt":{"rendered":"<p>Jonathan, Fabienne, David et Fran\u00e7ois ont \u00e9cris un article pour le jeune magasine d&#8217;art martiaux belge. Nous souhaitons bonne chance \u00e0 &#8220;Belgium budo&#8221;!<\/p>\n","protected":false},"author":1,"featured_media":0,"parent":0,"menu_order":0,"comment_status":"closed","ping_status":"closed","template":"","meta":[],"_links":{"self":[{"href":"http:\/\/nagibel.com\/index.php\/wp-json\/wp\/v2\/pages\/568"}],"collection":[{"href":"http:\/\/nagibel.com\/index.php\/wp-json\/wp\/v2\/pages"}],"about":[{"href":"http:\/\/nagibel.com\/index.php\/wp-json\/wp\/v2\/types\/page"}],"author":[{"embeddable":true,"href":"http:\/\/nagibel.com\/index.php\/wp-json\/wp\/v2\/users\/1"}],"replies":[{"embeddable":true,"href":"http:\/\/nagibel.com\/index.php\/wp-json\/wp\/v2\/comments?post=568"}],"version-history":[{"count":1,"href":"http:\/\/nagibel.com\/index.php\/wp-json\/wp\/v2\/pages\/568\/revisions"}],"predecessor-version":[{"id":569,"href":"http:\/\/nagibel.com\/index.php\/wp-json\/wp\/v2\/pages\/568\/revisions\/569"}],"wp:attachment":[{"href":"http:\/\/nagibel.com\/index.php\/wp-json\/wp\/v2\/media?parent=568"}],"curies":[{"name":"wp","href":"https:\/\/api.w.org\/{rel}","templated":true}]}}