{"id":559,"date":"2020-02-17T21:55:05","date_gmt":"2020-02-17T20:55:05","guid":{"rendered":"http:\/\/nagibel.com\/?page_id=559"},"modified":"2020-02-17T21:55:05","modified_gmt":"2020-02-17T20:55:05","slug":"article-de-master-en-journalisme-2011","status":"publish","type":"page","link":"http:\/\/nagibel.com\/index.php\/article-de-master-en-journalisme-2011\/","title":{"rendered":"Article de master en journalisme (2011)"},"content":{"rendered":"\n<p>Ronak a \u00e9crit pour son TP de journalisme en presse de master un article sur le naginata &#8220;Un art martial de puissance et de grace&#8221;<\/p>\n\n\n\n<p><br><strong>Le naginata s\u2019exporte<\/strong>: <strong>Un art martial de puissance et de gr\u00e2ce<\/strong><\/p>\n\n\n\n<p>Le naginata, un art martial japonais, perce petit \u00e0 petit au sein des f\u00e9d\u00e9rations europ\u00e9ennes d\u2019arts martiaux et sp\u00e9cialement en Belgique. Bien que la discipline et ses pratiquants soient peu connus chez nous, les athl\u00e8tes belges disposent d\u2019une notori\u00e9t\u00e9 sans \u00e9gal \u00e0 l\u2019\u00e9tranger.<\/p>\n\n\n\n<p><em>\u00ab&nbsp;Bien que les pratiquants belges soient l\u2019\u00e9quipe \u00e0 abattre, la pression est moindre par rapport au dernier championnat du monde qui a eu lieu au Japon en juillet 2011 &nbsp;\u00bb,<\/em> t\u00e9moigne Fran\u00e7ois Dermine, professeur de naginata. Fran\u00e7ois Dermine se sent confiant pour le prochain championnat d\u2019Europe qui aura lieu \u00e0 Prague dans quelques mois. La r\u00e9putation des Belges est devenue telle que la pression est parfois \u00e9norme&nbsp;: <em>\u00ab&nbsp;Quand des titres sont en jeu, il est difficile de maintenir son calme&nbsp;\u00bb<\/em>, garantie le professeur. Or la concentration reste l\u2019une des bases du naginata.<\/p>\n\n\n\n<p>Le \u00ab&nbsp;naginatajutsu&nbsp;\u00bb est un art martial japonais apparent\u00e9 au kendo&nbsp;: il se pratique avec une arme qu\u2019on appelle \u00ab&nbsp;naginata&nbsp;\u00bb qui a une apparence proche du fauchard \u00e0 lame courte. Aujourd\u2019hui, le bambou a remplac\u00e9 la lame de m\u00e9tal. L\u2019arme en elle-m\u00eame mesure plus de deux m\u00e8tres vingt. Comme le certifie Fran\u00e7ois Dermine&nbsp;: <em>\u00ab&nbsp;Avec une telle longueur, la force seule n\u2019est pas d\u00e9terminante, ce qui importe c\u2019est le travail sur la technique ainsi que les bons mouvements du corps.&nbsp;\u00bb<\/em><\/p>\n\n\n\n<p>Chaque pratiquant porte une armure qui prot\u00e8ge les zones strat\u00e9giques des membres (t\u00eate, poignets, tronc et jambes).<\/p>\n\n\n\n<p>Pour sortir vainqueur des combats, il faut frapper les diff\u00e9rentes parties de l\u2019armure&nbsp;: <em>\u00ab&nbsp;Tout est codifi\u00e9&nbsp;; les frappes, les cris. Pour qu\u2019une attaque soit accord\u00e9e, au moins deux des trois arbitres doivent valider l\u2019action&nbsp;\u00bb<\/em>, affirme Fran\u00e7ois Dermine. Il suffit que deux frappes soient approuv\u00e9es pour remporter le combat.<\/p>\n\n\n\n<p><em>\u00ab&nbsp;Le naginata est plus qu\u2019un sport pour moi, c\u2019est un art qui comprend des \u00e9tiquettes. Et le plus important, c\u2019est le respect des autres, des adversaires et des plus grad\u00e9s&nbsp;\u00bb,<\/em> pr\u00e9cise le professeur. \u00c0 travers le naginata c\u2019est toute la tradition japonaise qui se d\u00e9voile.<\/p>\n\n\n\n<p><strong>Un art venu du Japon<\/strong><\/p>\n\n\n\n<p>D\u00e8s le neuvi\u00e8me si\u00e8cle, La naginata est utilis\u00e9e par les guerriers japonais. Plus tard, elle devient l\u2019arme des femmes et des filles de samoura\u00efs pour prot\u00e9ger leurs foyers. Cependant, les hommes ont continu\u00e9 \u00e0 l&#8217;utiliser et \u00e0 en d\u00e9velopper la technique au sein de nombreuses \u00e9coles d&#8217;arts martiaux.<\/p>\n\n\n\n<p>C\u2019est en 1953 que la f\u00e9d\u00e9ration de naginata du Japon est fond\u00e9e. Elle synth\u00e9tise les diff\u00e9rentes techniques de nombreuses \u00e9coles existantes pour en faire un art martial sportif, mariant tradition et modernit\u00e9, avec des r\u00e8gles d&#8217;arbitrage pr\u00e9cises pour ses diff\u00e9rentes formes de comp\u00e9tition.<\/p>\n\n\n\n<p>Aujourd&#8217;hui, le naginata reste principalement enseign\u00e9 et pratiqu\u00e9 par des femmes, du moins au Japon. Cependant, le nombre de pratiquants masculins est en constante augmentation. Hors Japon, les sportifs masculins sont d&#8217;ailleurs plus nombreux que leurs homologues f\u00e9minins.<\/p>\n\n\n\n<p><strong>Un art import\u00e9 en Belgique<\/strong><\/p>\n\n\n\n<p>La f\u00e9d\u00e9ration belge de naginata a \u00e9t\u00e9 cr\u00e9\u00e9e en 1990 \u00e0 l\u2019initiative de Roger Hannoset mais c\u2019est en 1996 que l\u2019aventure a v\u00e9ritablement commenc\u00e9&nbsp;: <em>\u00ab&nbsp;Mr Hannoset a cr\u00e9\u00e9 la f\u00e9d\u00e9ration sous forme d&#8217;ASBL parce qu&#8217;il \u00e9tait n\u00e9cessaire d&#8217;avoir une organisation structur\u00e9e officiellement pour faire partie de l&#8217;International Naginata Federation et de l&#8217;European Naginata Federation&nbsp;\u00bb<\/em>, pr\u00e9cise Fabienne Bauwens, pr\u00e9sidente de la f\u00e9d\u00e9ration belge. En 1995, Fabienne Bauwens cr\u00e9e le club de naginata de la For\u00eat de Soignes. C\u2019est actuellement le seul club en Belgique depuis que Mr Hannoset a cess\u00e9 ses activit\u00e9s&nbsp;: <em>\u00ab Au d\u00e9but, mon id\u00e9e \u00e9tait de travailler avec des jeunes&nbsp;de 10-12 ans et de leur proposer un naginata adapt\u00e9 \u00e0 leurs besoins, avec&nbsp;un souci de respecter&nbsp;la dynamique du&nbsp;corps [\u2026] maintenant, le d\u00e9fi auquel est confront\u00e9 le club, c&#8217;est de s&#8217;agrandir en centrant davantage le travail sur les d\u00e9butants \u00bb<\/em>, pr\u00e9cise la pr\u00e9sidente.<\/p>\n\n\n\n<p>Le naginata belge connait de grands succ\u00e8s depuis sa cr\u00e9ation, notamment en 2003 lors du championnat du monde aux Etats-Unis&nbsp;: <em>\u00ab&nbsp;Mon fr\u00e8re jumeau a \u00e9t\u00e9 sacr\u00e9 champion du monde dans la section individuelle&nbsp;\u00bb<\/em>, se r\u00e9jouit Fran\u00e7ois Dermine, professeur de naginata. Depuis, les victoires s\u2019enchainent. Mais une chose est s\u00fbre : <em>\u00ab&nbsp;Aux prochains championnats d\u2019Europe, \u00e0 Prague, les f\u00e9d\u00e9rations internationales nous attendent au tournants.&nbsp;\u00bb<\/em><\/p>\n\n\n\n<p><strong>RONAK KAMALI<\/strong><\/p>\n","protected":false},"excerpt":{"rendered":"<p>Ronak a \u00e9crit pour son TP de journalisme en presse de master un article sur le naginata &#8220;Un art martial de puissance et de grace&#8221; Le naginata s\u2019exporte: Un art martial de puissance et de gr\u00e2ce Le naginata, un art <a class=\"more-link\" href=\"http:\/\/nagibel.com\/index.php\/article-de-master-en-journalisme-2011\/\">Continue reading <span class=\"screen-reader-text\">  Article de master en journalisme (2011)<\/span><span class=\"meta-nav\">&rarr;<\/span><\/a><\/p>\n","protected":false},"author":1,"featured_media":0,"parent":0,"menu_order":0,"comment_status":"closed","ping_status":"closed","template":"","meta":[],"_links":{"self":[{"href":"http:\/\/nagibel.com\/index.php\/wp-json\/wp\/v2\/pages\/559"}],"collection":[{"href":"http:\/\/nagibel.com\/index.php\/wp-json\/wp\/v2\/pages"}],"about":[{"href":"http:\/\/nagibel.com\/index.php\/wp-json\/wp\/v2\/types\/page"}],"author":[{"embeddable":true,"href":"http:\/\/nagibel.com\/index.php\/wp-json\/wp\/v2\/users\/1"}],"replies":[{"embeddable":true,"href":"http:\/\/nagibel.com\/index.php\/wp-json\/wp\/v2\/comments?post=559"}],"version-history":[{"count":1,"href":"http:\/\/nagibel.com\/index.php\/wp-json\/wp\/v2\/pages\/559\/revisions"}],"predecessor-version":[{"id":560,"href":"http:\/\/nagibel.com\/index.php\/wp-json\/wp\/v2\/pages\/559\/revisions\/560"}],"wp:attachment":[{"href":"http:\/\/nagibel.com\/index.php\/wp-json\/wp\/v2\/media?parent=559"}],"curies":[{"name":"wp","href":"https:\/\/api.w.org\/{rel}","templated":true}]}}