{"id":540,"date":"2020-02-17T20:39:16","date_gmt":"2020-02-17T19:39:16","guid":{"rendered":"http:\/\/nagibel.com\/?page_id=540"},"modified":"2020-02-17T20:43:11","modified_gmt":"2020-02-17T19:43:11","slug":"540-2","status":"publish","type":"page","link":"http:\/\/nagibel.com\/index.php\/540-2\/","title":{"rendered":"Un Akidoka au Naginata (2015)"},"content":{"rendered":"\n<div class=\"wp-block-image\"><figure class=\"alignright size-large is-resized\"><img decoding=\"async\" loading=\"lazy\" src=\"http:\/\/nagibel.com\/wp-content\/uploads\/2020\/02\/image-5.png\" alt=\"\" class=\"wp-image-542\" width=\"266\" height=\"373\" srcset=\"http:\/\/nagibel.com\/wp-content\/uploads\/2020\/02\/image-5.png 714w, http:\/\/nagibel.com\/wp-content\/uploads\/2020\/02\/image-5-213x300.png 213w\" sizes=\"(max-width: 266px) 100vw, 266px\" \/><\/figure><\/div>\n\n\n\n<p><\/p>\n\n\n\n<p><\/p>\n\n\n\n<p><\/p>\n\n\n\n<p>Nous avons re\u00e7u la vistite de M. Nabil Messaoudi, vice pr\u00e9sident de l&#8217;Association Francophone d&#8217;Aikido, mais aussi r\u00e9dacteur du magasine &#8220;Flash A\u00efkido&#8221;!<\/p>\n\n\n\n<figure class=\"wp-block-image size-large\"><img decoding=\"async\" loading=\"lazy\" width=\"801\" height=\"1012\" src=\"http:\/\/nagibel.com\/wp-content\/uploads\/2020\/02\/image-6.png\" alt=\"\" class=\"wp-image-543\" srcset=\"http:\/\/nagibel.com\/wp-content\/uploads\/2020\/02\/image-6.png 801w, http:\/\/nagibel.com\/wp-content\/uploads\/2020\/02\/image-6-237x300.png 237w, http:\/\/nagibel.com\/wp-content\/uploads\/2020\/02\/image-6-768x970.png 768w\" sizes=\"(max-width: 801px) 100vw, 801px\" \/><figcaption><br><\/figcaption><\/figure>\n\n\n\n<figure class=\"wp-block-image size-large\"><img decoding=\"async\" loading=\"lazy\" width=\"789\" height=\"1011\" src=\"http:\/\/nagibel.com\/wp-content\/uploads\/2020\/02\/image-7.png\" alt=\"\" class=\"wp-image-545\" srcset=\"http:\/\/nagibel.com\/wp-content\/uploads\/2020\/02\/image-7.png 789w, http:\/\/nagibel.com\/wp-content\/uploads\/2020\/02\/image-7-234x300.png 234w, http:\/\/nagibel.com\/wp-content\/uploads\/2020\/02\/image-7-768x984.png 768w\" sizes=\"(max-width: 789px) 100vw, 789px\" \/><\/figure>\n\n\n\n<figure class=\"wp-block-image size-large\"><img decoding=\"async\" loading=\"lazy\" width=\"791\" height=\"1013\" src=\"http:\/\/nagibel.com\/wp-content\/uploads\/2020\/02\/image-8.png\" alt=\"\" class=\"wp-image-546\" srcset=\"http:\/\/nagibel.com\/wp-content\/uploads\/2020\/02\/image-8.png 791w, http:\/\/nagibel.com\/wp-content\/uploads\/2020\/02\/image-8-234x300.png 234w, http:\/\/nagibel.com\/wp-content\/uploads\/2020\/02\/image-8-768x984.png 768w\" sizes=\"(max-width: 791px) 100vw, 791px\" \/><\/figure>\n\n\n\n<figure class=\"wp-block-image size-large\"><img decoding=\"async\" loading=\"lazy\" width=\"789\" height=\"1009\" src=\"http:\/\/nagibel.com\/wp-content\/uploads\/2020\/02\/image-9.png\" alt=\"\" class=\"wp-image-547\" srcset=\"http:\/\/nagibel.com\/wp-content\/uploads\/2020\/02\/image-9.png 789w, http:\/\/nagibel.com\/wp-content\/uploads\/2020\/02\/image-9-235x300.png 235w, http:\/\/nagibel.com\/wp-content\/uploads\/2020\/02\/image-9-768x982.png 768w\" sizes=\"(max-width: 789px) 100vw, 789px\" \/><\/figure>\n\n\n\n<p><\/p>\n","protected":false},"excerpt":{"rendered":"<p>Nous avons re\u00e7u la vistite de M. Nabil Messaoudi, vice pr\u00e9sident de l&#8217;Association Francophone d&#8217;Aikido, mais aussi r\u00e9dacteur du magasine &#8220;Flash A\u00efkido&#8221;!<\/p>\n","protected":false},"author":1,"featured_media":0,"parent":0,"menu_order":0,"comment_status":"closed","ping_status":"closed","template":"","meta":[],"_links":{"self":[{"href":"http:\/\/nagibel.com\/index.php\/wp-json\/wp\/v2\/pages\/540"}],"collection":[{"href":"http:\/\/nagibel.com\/index.php\/wp-json\/wp\/v2\/pages"}],"about":[{"href":"http:\/\/nagibel.com\/index.php\/wp-json\/wp\/v2\/types\/page"}],"author":[{"embeddable":true,"href":"http:\/\/nagibel.com\/index.php\/wp-json\/wp\/v2\/users\/1"}],"replies":[{"embeddable":true,"href":"http:\/\/nagibel.com\/index.php\/wp-json\/wp\/v2\/comments?post=540"}],"version-history":[{"count":4,"href":"http:\/\/nagibel.com\/index.php\/wp-json\/wp\/v2\/pages\/540\/revisions"}],"predecessor-version":[{"id":550,"href":"http:\/\/nagibel.com\/index.php\/wp-json\/wp\/v2\/pages\/540\/revisions\/550"}],"wp:attachment":[{"href":"http:\/\/nagibel.com\/index.php\/wp-json\/wp\/v2\/media?parent=540"}],"curies":[{"name":"wp","href":"https:\/\/api.w.org\/{rel}","templated":true}]}}