{"id":538,"date":"2020-02-17T20:18:05","date_gmt":"2020-02-17T19:18:05","guid":{"rendered":"http:\/\/nagibel.com\/?page_id=538"},"modified":"2020-02-17T20:18:06","modified_gmt":"2020-02-17T19:18:06","slug":"depart-pour-les-championnats-du-monde-2015","status":"publish","type":"page","link":"http:\/\/nagibel.com\/index.php\/depart-pour-les-championnats-du-monde-2015\/","title":{"rendered":"D\u00e9part pour les championnats du monde (2015)"},"content":{"rendered":"\n<p><strong>Naginata: Les belges attendus au tournant<\/strong><\/p>\n\n\n\n<p>Le 20 juin prochain aura lieu \u00e0 Montr\u00e9al, au Canada, le 6\u00e8me championnat du monde de Naginata, un art martial japonais.<\/p>\n\n\n\n<p>Les pratiquants de la f\u00e9d\u00e9ration belge s\u2019entrainent depuis plusieurs mois afin d\u2019obtenir un maximum de m\u00e9dailles mais aussi pour renforcer la notori\u00e9t\u00e9 qu\u2019ils disposent \u00e0 l\u2019\u00e9tranger depuis de nombreuses ann\u00e9es.<\/p>\n\n\n\n<p><em>\u00ab&nbsp;Nous sommes des outsiders, on nous connait bien mais nous n\u2019avons pas autant de pressions que les japonais, qui eux, ont beaucoup \u00e0 perdre&nbsp;\u00bb<\/em>, t\u00e9moigne Fran\u00e7ois Dermine, professeur de naginata. Arriv\u00e9 en premi\u00e8re position du classement individuel homme au dernier championnat d\u2019Europe, Fran\u00e7ois Dermine se sent confiant pour le prochain championnat du monde qui aura lieu \u00e0 Montr\u00e9al au mois de juin prochain.<\/p>\n\n\n\n<p>La r\u00e9putation des Belges est telle qu\u2019elle est devenu la deuxi\u00e8me \u00e9quipe \u00e0 abattre apr\u00e8s celle des japonais.<em> \u00ab&nbsp;Au dernier championnat d\u2019Europe, la Belgique a tout simplement survol\u00e9 la comp\u00e9tition avec ses neuf m\u00e9dailles, c\u2019\u00e9tait juste incroyable\u2026&nbsp;\u00bb<\/em>, poursuit le professeur.<\/p>\n\n\n\n<p>Avec un tel palmar\u00e8s, nous sommes en droit de nous demander ce qui pourrait bien emp\u00eacher l\u2019\u00e9quipe belge de poursuivre sa lanc\u00e9e.<em> \u00ab&nbsp;Le tirage au sort et les japonais&nbsp;\u00bb<\/em> affirment en ch\u0153ur Fran\u00e7ois Dermine, David D\u2019Hose et Laurence Dumonceau.<\/p>\n\n\n\n<p><em>\u00ab&nbsp;Le Japon est le pays que nous r\u00eavons de battre et il ne faut surtout que nous fassions p\u00e2les figures face \u00e0 eux&nbsp;!&nbsp;\u00bb,<\/em> continue David D\u2019Hose, l\u2019un des fondateurs de la f\u00e9d\u00e9ration belge de naginata, professeur et pratiquant de naginata le plus haut grad\u00e9 de Belgique.<\/p>\n\n\n\n<p><em>\u00ab&nbsp;Oui, et personnellement surtout les femmes japonaises, elles sont juste impressionnantes&nbsp;! Il y a une \u00e9norme diff\u00e9rence entre les japonaises et tous les autres pratiquants. Cette diff\u00e9rence remonte \u00e0 l\u2019histoire m\u00eame du naginata&nbsp;: c\u2019\u00e9tait l\u2019arme des femmes et des filles de samoura\u00efs utilis\u00e9e pour prot\u00e9ger leurs foyers.&nbsp;\u00bb<\/em>, affirme Laurence Dumonceau, arriv\u00e9e en deuxi\u00e8me position individuelle femme lors du dernier championnat d\u2019Europe.<\/p>\n\n\n\n<p>Un art import\u00e9 chez nous Le \u00ab&nbsp;naginatajutsu&nbsp;\u00bb, un art martial japonais apparent\u00e9 au kendo&nbsp;se pratique avec une arme qu\u2019on appelle \u00ab&nbsp;naginata&nbsp;\u00bb qui a une apparence proche du fauchard \u00e0 lame courte.<\/p>\n\n\n\n<p>L\u2019arme en elle-m\u00eame mesure plus de deux m\u00e8tres vingt. Chaque pratiquant porte une armure qui prot\u00e8ge les zones strat\u00e9giques des membres (t\u00eate, poignets, tronc et jambes).<\/p>\n\n\n\n<p>Pour sortir vainqueur des combats, il faut frapper les diff\u00e9rentes parties de l\u2019armure. Il suffit que deux frappes soient approuv\u00e9es pour remporter le combat.<\/p>\n\n\n\n<p><em>\u00ab&nbsp;Le naginata est plus qu\u2019un sport, c\u2019est un art qui comprend des \u00e9tiquettes. Et le plus important, c\u2019est le respect des autres, des adversaires et des plus grad\u00e9s&nbsp;\u00bb,<\/em> pr\u00e9cise Fran\u00e7ois Dermine.<\/p>\n\n\n\n<p>\u00c0 travers le naginata c\u2019est toute la tradition japonaise qui se d\u00e9voile. Les enjeux belges Le naginata belge connait de grands succ\u00e8s depuis sa cr\u00e9ation en 1990 et depuis lors de nombreuses victoires se sont enchain\u00e9es.<\/p>\n\n\n\n<p>L\u2019\u00e9quipe ne cache pas sa r\u00e9solution de sortir victorieuse une fois encore&nbsp;:<em> \u00ab&nbsp;Si nous obtenons un bon tirage au sort, qui nous permettrai de rencontrer les japonais seulement en final, j\u2019ai l\u2019espoir que l\u2019\u00e9quipe rapportera quelques belles m\u00e9dailles&nbsp;\u00bb,<\/em> insiste Fran\u00e7ois Dermine.<\/p>\n\n\n\n<p>Enjeux d\u2019\u00e9quipe et enjeux personnels se regroupent fortement lors de grandes comp\u00e9titions&nbsp;: <em>\u00ab&nbsp;C\u2019est probablement l\u2019un de mes derniers championnats du monde et j\u2019esp\u00e8re finir \u00e0 une bonne place&nbsp;\u00bb<\/em>, affirme David D\u2019Hose.<\/p>\n\n\n\n<p>S\u2019il est clair que la victoire est un enjeu majeur, s\u2019amuser et apprendre de ses erreurs l\u2019est tout autant : <em>\u00ab&nbsp;Apprendre des japonaises, avoir l\u2019occasion d\u2019interagir avec elles et avoir la fiert\u00e9 de dire que j\u2019ai donn\u00e9 le meilleur de moi-m\u00eame, voil\u00e0 mes objectifs&nbsp;!&nbsp;\u00bb<\/em> affirme Laurence Dumonceau.<\/p>\n\n\n\n<p>Quoi qu\u2019il en soit, vingt nations attendent la Belgique au tournant.<\/p>\n\n\n\n<p>RONAK KAMALI<\/p>\n","protected":false},"excerpt":{"rendered":"<p>Naginata: Les belges attendus au tournant Le 20 juin prochain aura lieu \u00e0 Montr\u00e9al, au Canada, le 6\u00e8me championnat du monde de Naginata, un art martial japonais. Les pratiquants de la f\u00e9d\u00e9ration belge s\u2019entrainent depuis plusieurs mois afin d\u2019obtenir un <a class=\"more-link\" href=\"http:\/\/nagibel.com\/index.php\/depart-pour-les-championnats-du-monde-2015\/\">Continue reading <span class=\"screen-reader-text\">  D\u00e9part pour les championnats du monde (2015)<\/span><span class=\"meta-nav\">&rarr;<\/span><\/a><\/p>\n","protected":false},"author":1,"featured_media":0,"parent":0,"menu_order":0,"comment_status":"closed","ping_status":"closed","template":"","meta":[],"_links":{"self":[{"href":"http:\/\/nagibel.com\/index.php\/wp-json\/wp\/v2\/pages\/538"}],"collection":[{"href":"http:\/\/nagibel.com\/index.php\/wp-json\/wp\/v2\/pages"}],"about":[{"href":"http:\/\/nagibel.com\/index.php\/wp-json\/wp\/v2\/types\/page"}],"author":[{"embeddable":true,"href":"http:\/\/nagibel.com\/index.php\/wp-json\/wp\/v2\/users\/1"}],"replies":[{"embeddable":true,"href":"http:\/\/nagibel.com\/index.php\/wp-json\/wp\/v2\/comments?post=538"}],"version-history":[{"count":1,"href":"http:\/\/nagibel.com\/index.php\/wp-json\/wp\/v2\/pages\/538\/revisions"}],"predecessor-version":[{"id":539,"href":"http:\/\/nagibel.com\/index.php\/wp-json\/wp\/v2\/pages\/538\/revisions\/539"}],"wp:attachment":[{"href":"http:\/\/nagibel.com\/index.php\/wp-json\/wp\/v2\/media?parent=538"}],"curies":[{"name":"wp","href":"https:\/\/api.w.org\/{rel}","templated":true}]}}