{"id":536,"date":"2020-02-17T19:01:12","date_gmt":"2020-02-17T18:01:12","guid":{"rendered":"http:\/\/nagibel.com\/?page_id=536"},"modified":"2020-04-17T22:08:14","modified_gmt":"2020-04-17T20:08:14","slug":"rtbf-2015","status":"publish","type":"page","link":"http:\/\/nagibel.com\/index.php\/rtbf-2015\/","title":{"rendered":"RTBF (2015)"},"content":{"rendered":"\n<figure class=\"wp-block-image\"><img decoding=\"async\" src=\"https:\/\/web.archive.org\/web\/20180904032510im_\/http:\/\/www.nagibel.be\/uploads\/images\/Evenement\/11150210_395343967315079_7506443069307392214_n.jpg\" alt=\"\"\/><\/figure>\n\n\n\n<p>Ce mardi 21, l&#8217;\u00e9quipe de la RTBF nous rejoignait \u00e0 l&#8217;occasion d&#8217;une \u00e9mission sur le kendo.<\/p>\n\n\n\n<p>C&#8217;est l&#8217;occasion d&#8217;interview, de d\u00e9monstration de kata, de combat (pas toujours \u00e9vident avec le matos de son), et de montrer les 1\u00e8re seconde de notre rythmique..<a href=\"https:\/\/web.archive.org\/web\/20180904032510\/http:\/\/www.rtbf.be\/video\/detail_en-terrain-inconnu?id=2011158\">http:\/\/www.rtbf.be\/video\/detail_en-terrain-inconnu?id=2011158<\/a><\/p>\n\n\n\n<figure class=\"wp-block-image\"><img decoding=\"async\" src=\"https:\/\/web.archive.org\/web\/20180904032510im_\/http:\/\/www.nagibel.be\/uploads\/images\/Evenement\/11071943_395336810649128_1424227305812300806_n.jpg\" alt=\"\"\/><\/figure>\n\n\n\n<div class=\"wp-block-image\"><figure class=\"aligncenter is-resized\"><img decoding=\"async\" loading=\"lazy\" src=\"https:\/\/web.archive.org\/web\/20180904032510im_\/http:\/\/www.nagibel.be\/uploads\/images\/Evenement\/11159492_395325257316950_8156825922499111760_n.jpg\" alt=\"\" width=\"476\" height=\"315\"\/><\/figure><\/div>\n\n\n\n<figure class=\"wp-block-image is-resized\"><img decoding=\"async\" loading=\"lazy\" src=\"https:\/\/web.archive.org\/web\/20180904032510im_\/http:\/\/www.nagibel.be\/uploads\/images\/Evenement\/11182247_395322703983872_2899321246446218278_n.jpg\" alt=\"\" width=\"372\" height=\"242\"\/><\/figure>\n\n\n\n<div class=\"wp-block-image\"><figure class=\"alignright is-resized\"><img decoding=\"async\" loading=\"lazy\" src=\"https:\/\/web.archive.org\/web\/20180904032510im_\/http:\/\/www.nagibel.be\/uploads\/images\/Evenement\/11156324_395322373983905_8355677860660614184_n.jpg\" alt=\"\" width=\"254\" height=\"306\"\/><\/figure><\/div>\n","protected":false},"excerpt":{"rendered":"<p>Ce mardi 21, l&#8217;\u00e9quipe de la RTBF nous rejoignait \u00e0 l&#8217;occasion d&#8217;une \u00e9mission sur le kendo. C&#8217;est l&#8217;occasion d&#8217;interview, de d\u00e9monstration de kata, de combat (pas toujours \u00e9vident avec le matos de son), et de montrer les 1\u00e8re seconde de <a class=\"more-link\" href=\"http:\/\/nagibel.com\/index.php\/rtbf-2015\/\">Continue reading <span class=\"screen-reader-text\">  RTBF (2015)<\/span><span class=\"meta-nav\">&rarr;<\/span><\/a><\/p>\n","protected":false},"author":1,"featured_media":0,"parent":0,"menu_order":0,"comment_status":"closed","ping_status":"closed","template":"","meta":[],"_links":{"self":[{"href":"http:\/\/nagibel.com\/index.php\/wp-json\/wp\/v2\/pages\/536"}],"collection":[{"href":"http:\/\/nagibel.com\/index.php\/wp-json\/wp\/v2\/pages"}],"about":[{"href":"http:\/\/nagibel.com\/index.php\/wp-json\/wp\/v2\/types\/page"}],"author":[{"embeddable":true,"href":"http:\/\/nagibel.com\/index.php\/wp-json\/wp\/v2\/users\/1"}],"replies":[{"embeddable":true,"href":"http:\/\/nagibel.com\/index.php\/wp-json\/wp\/v2\/comments?post=536"}],"version-history":[{"count":6,"href":"http:\/\/nagibel.com\/index.php\/wp-json\/wp\/v2\/pages\/536\/revisions"}],"predecessor-version":[{"id":833,"href":"http:\/\/nagibel.com\/index.php\/wp-json\/wp\/v2\/pages\/536\/revisions\/833"}],"wp:attachment":[{"href":"http:\/\/nagibel.com\/index.php\/wp-json\/wp\/v2\/media?parent=536"}],"curies":[{"name":"wp","href":"https:\/\/api.w.org\/{rel}","templated":true}]}}