{"id":530,"date":"2020-02-17T18:47:10","date_gmt":"2020-02-17T17:47:10","guid":{"rendered":"http:\/\/nagibel.com\/?page_id=530"},"modified":"2020-02-17T18:48:03","modified_gmt":"2020-02-17T17:48:03","slug":"wnc-2015","status":"publish","type":"page","link":"http:\/\/nagibel.com\/index.php\/wnc-2015\/","title":{"rendered":"WNC 2015"},"content":{"rendered":"\n<p>A un \u00ab&nbsp;Men&nbsp;\u00bb de la victoire&nbsp;!<\/p>\n\n\n\n<p>Ce 20 juin dernier, l\u2019\u00e9quipe belge de Naginata a de nouveau fait ses preuves au 6\u00e8me championnat du monde qui avait lieu \u00e0 Montr\u00e9al, au Canada.<\/p>\n\n\n\n<p>C\u2019est avec fiert\u00e9 que notre \u00e9quipe belge revient du Canada avec dans les poches de belles m\u00e9dailles.&nbsp;&nbsp; En effet, les membres de l\u2019\u00e9quipe ont arrach\u00e9 deux belles places en final&nbsp;:<\/p>\n\n\n\n<figure class=\"wp-block-image is-resized\"><img decoding=\"async\" loading=\"lazy\" src=\"https:\/\/web.archive.org\/web\/20180904052713im_\/http:\/\/www.nagibel.be\/uploads\/images\/Pub\/1375219_448970715285737_7134947405637256402_n.jpg\" alt=\"\" width=\"383\" height=\"298\"\/><\/figure>\n\n\n\n<p>Fran\u00e7ois Dermine, arriv\u00e9 en premi\u00e8re position du classement homme au dernier championnat d\u2019Europe, s\u2019est hiss\u00e9 en final et a obtenu la deuxi\u00e8me place derri\u00e8re le japonais et tenant du titre K.Tanaka.<\/p>\n\n\n\n<p>L\u2019\u00e9quipe homme n\u2019\u00e9tait pas non plus en reste&nbsp;: David D\u2019Hose, Fran\u00e7ois Dermine et Tyl Dermine ont honorablement arrach\u00e9 la deuxi\u00e8me place du classement, derri\u00e8re l\u2019\u00e9quipe japonaise.<\/p>\n\n\n\n<div class=\"wp-block-image\"><figure class=\"alignright is-resized\"><img decoding=\"async\" loading=\"lazy\" src=\"https:\/\/web.archive.org\/web\/20180904052713im_\/http:\/\/www.nagibel.be\/uploads\/images\/Pub\/11141180_448971905285618_6028310070765658757_n.jpg\" alt=\"\" width=\"371\" height=\"216\"\/><\/figure><\/div>\n\n\n\n<p>N\u2019oublions pas les femmes de l\u2019\u00e9quipe, Laurence Dumonceau, Pascale De Coster, Charlotte Vandersleyen et Yolanda Vanneste, qui ont fait leur maximum face aux redoutables japonaises, jamais battues \u00e0 ce jour.<\/p>\n\n\n\n<p>A noter que la plus belle performance de notre \u00e9quipe fut sans doute leur prestation pour la partie \u00ab&nbsp;Rythmique&nbsp;\u00bb de la comp\u00e9tition qui fut sans pr\u00e9tention \u00ab&nbsp;magnifique&nbsp;\u00bb.<\/p>\n\n\n\n<p>Ce sont des mois de r\u00e9p\u00e9titions et de travailles acharn\u00e9s qui ont \u00e9t\u00e9 r\u00e9compens\u00e9s. Que se soit du point de vu personnel ou du point vu de l\u2019\u00e9quipe, les membres sortent plus forts et plus d\u00e9termin\u00e9s que jamais.<\/p>\n\n\n\n<p>La r\u00e9putation des Belges ne s\u2019est fait que renforcer. Le ton est donn\u00e9.<\/p>\n\n\n\n<p>RONAK KAMALI<\/p>\n\n\n\n<div class=\"wp-block-image\"><figure class=\"aligncenter\"><img decoding=\"async\" src=\"https:\/\/web.archive.org\/web\/20180904052713im_\/http:\/\/www.nagibel.be\/uploads\/images\/Pub\/11698530_438601742989301_8420332012577780763_n.jpg\" alt=\"\"\/><\/figure><\/div>\n","protected":false},"excerpt":{"rendered":"<p>A un \u00ab&nbsp;Men&nbsp;\u00bb de la victoire&nbsp;! Ce 20 juin dernier, l\u2019\u00e9quipe belge de Naginata a de nouveau fait ses preuves au 6\u00e8me championnat du monde qui avait lieu \u00e0 Montr\u00e9al, au Canada. C\u2019est avec fiert\u00e9 que notre \u00e9quipe belge revient <a class=\"more-link\" href=\"http:\/\/nagibel.com\/index.php\/wnc-2015\/\">Continue reading <span class=\"screen-reader-text\">  WNC 2015<\/span><span class=\"meta-nav\">&rarr;<\/span><\/a><\/p>\n","protected":false},"author":1,"featured_media":0,"parent":0,"menu_order":0,"comment_status":"closed","ping_status":"closed","template":"","meta":[],"_links":{"self":[{"href":"http:\/\/nagibel.com\/index.php\/wp-json\/wp\/v2\/pages\/530"}],"collection":[{"href":"http:\/\/nagibel.com\/index.php\/wp-json\/wp\/v2\/pages"}],"about":[{"href":"http:\/\/nagibel.com\/index.php\/wp-json\/wp\/v2\/types\/page"}],"author":[{"embeddable":true,"href":"http:\/\/nagibel.com\/index.php\/wp-json\/wp\/v2\/users\/1"}],"replies":[{"embeddable":true,"href":"http:\/\/nagibel.com\/index.php\/wp-json\/wp\/v2\/comments?post=530"}],"version-history":[{"count":2,"href":"http:\/\/nagibel.com\/index.php\/wp-json\/wp\/v2\/pages\/530\/revisions"}],"predecessor-version":[{"id":532,"href":"http:\/\/nagibel.com\/index.php\/wp-json\/wp\/v2\/pages\/530\/revisions\/532"}],"wp:attachment":[{"href":"http:\/\/nagibel.com\/index.php\/wp-json\/wp\/v2\/media?parent=530"}],"curies":[{"name":"wp","href":"https:\/\/api.w.org\/{rel}","templated":true}]}}