{"id":502,"date":"2020-02-16T16:07:32","date_gmt":"2020-02-16T15:07:32","guid":{"rendered":"http:\/\/nagibel.com\/?page_id=502"},"modified":"2020-02-16T16:07:32","modified_gmt":"2020-02-16T15:07:32","slug":"demo-a-lulb","status":"publish","type":"page","link":"http:\/\/nagibel.com\/index.php\/demo-a-lulb\/","title":{"rendered":"D\u00e9mo \u00e0 l&#8217;ULB"},"content":{"rendered":"\n<figure class=\"wp-block-image\"><img decoding=\"async\" src=\"https:\/\/web.archive.org\/web\/20180904035641im_\/http:\/\/www.nagibel.be\/uploads\/images\/Evenement\/ULB3118_058_JOURNEE_SPORTS_21JUIN2011.JPG\" alt=\"\"\/><\/figure>\n\n\n\n<p>Les Journ\u00e9es &#8220;Bourse des sports &#8221; : organisation d\u2019une journ\u00e9e sportive afin de sensibiliser les jeunes \u00e0 la pratique sportive ou de leur faire d\u00e9couvrir des nouvelles disciplines. En plus des 24 disciplines propos\u00e9es, des ateliers sur le th\u00e8me de la protection de l l\u2019environnement, de la sant\u00e9,\u2026sont organis\u00e9s (3e \u00e0 6e primaire)<\/p>\n\n\n\n<p>Et bien sur, nous serons de la partie!<\/p>\n\n\n\n<p>Fran\u00e7ois et Philibert passeront donc toute la journ\u00e9e \u00e0 animer des petits cours pour leur faire d\u00e9couvrir le naginata.<\/p>\n\n\n\n<p>Merci \u00e0 Fran\u00e7ois pour cette super opportunit\u00e9!<\/p>\n\n\n\n<p>Avec l&#8217;aide de Marianne, Fran\u00e7ois a cr\u00e9\u00e9 des supers naginata en mousse pour les enfants\/d\u00e9butants..<\/p>\n\n\n\n<figure class=\"wp-block-image\"><img decoding=\"async\" src=\"https:\/\/web.archive.org\/web\/20180904035641im_\/http:\/\/www.nagibel.be\/uploads\/images\/Evenement\/ULB3118_037_JOURNEE_SPORTS_21JUIN2011.JPG\" alt=\"\"\/><\/figure>\n","protected":false},"excerpt":{"rendered":"<p>Les Journ\u00e9es &#8220;Bourse des sports &#8221; : organisation d\u2019une journ\u00e9e sportive afin de sensibiliser les jeunes \u00e0 la pratique sportive ou de leur faire d\u00e9couvrir des nouvelles disciplines. En plus des 24 disciplines propos\u00e9es, des ateliers sur le th\u00e8me de <a class=\"more-link\" href=\"http:\/\/nagibel.com\/index.php\/demo-a-lulb\/\">Continue reading <span class=\"screen-reader-text\">  D\u00e9mo \u00e0 l&#8217;ULB<\/span><span class=\"meta-nav\">&rarr;<\/span><\/a><\/p>\n","protected":false},"author":1,"featured_media":0,"parent":0,"menu_order":0,"comment_status":"closed","ping_status":"closed","template":"","meta":[],"_links":{"self":[{"href":"http:\/\/nagibel.com\/index.php\/wp-json\/wp\/v2\/pages\/502"}],"collection":[{"href":"http:\/\/nagibel.com\/index.php\/wp-json\/wp\/v2\/pages"}],"about":[{"href":"http:\/\/nagibel.com\/index.php\/wp-json\/wp\/v2\/types\/page"}],"author":[{"embeddable":true,"href":"http:\/\/nagibel.com\/index.php\/wp-json\/wp\/v2\/users\/1"}],"replies":[{"embeddable":true,"href":"http:\/\/nagibel.com\/index.php\/wp-json\/wp\/v2\/comments?post=502"}],"version-history":[{"count":1,"href":"http:\/\/nagibel.com\/index.php\/wp-json\/wp\/v2\/pages\/502\/revisions"}],"predecessor-version":[{"id":503,"href":"http:\/\/nagibel.com\/index.php\/wp-json\/wp\/v2\/pages\/502\/revisions\/503"}],"wp:attachment":[{"href":"http:\/\/nagibel.com\/index.php\/wp-json\/wp\/v2\/media?parent=502"}],"curies":[{"name":"wp","href":"https:\/\/api.w.org\/{rel}","templated":true}]}}