{"id":500,"date":"2020-02-16T16:01:13","date_gmt":"2020-02-16T15:01:13","guid":{"rendered":"http:\/\/nagibel.com\/?page_id=500"},"modified":"2020-02-16T16:01:13","modified_gmt":"2020-02-16T15:01:13","slug":"interview-pour-noomba-sport","status":"publish","type":"page","link":"http:\/\/nagibel.com\/index.php\/interview-pour-noomba-sport\/","title":{"rendered":"Interview pour Noomba sport"},"content":{"rendered":"\n<p>Petite interview pour le site &#8220;noomba sport&#8221;<\/p>\n\n\n\n<figure class=\"wp-block-image\"><img decoding=\"async\" src=\"https:\/\/www.noomba.com\/images\/fresque-noomba.png\" alt=\"\"\/><\/figure>\n\n\n\n<p><em>Comment \u00eates-vous devenu responsable de club ? et quels ont \u00e9t\u00e9 vos motivations pour le devenir ?<\/em><\/p>\n\n\n\n<p>&#8211; L\u2019anciennet\u00e9, je n\u2019ai pas cherch\u00e9 \u00e0 devenir instructeur&nbsp;! Mais je rempli cette fonction du mieux que je peux.<\/p>\n\n\n\n<p><em>Avez-vous un r\u00f4le autre que celui de responsable dans votre club ?<\/em><\/p>\n\n\n\n<p>&#8211; Etudiant, j\u2019ai autant \u00e0 apprendre de mes \u00e9l\u00e8ves que eux de moi.<\/p>\n\n\n\n<p><em>Depuis combien de temps votre club existe-t-il ?<\/em><\/p>\n\n\n\n<p>&#8211; 1996<\/p>\n\n\n\n<p><em>Parlez nous de vos disciplines enseign\u00e9es et des m\u00e9thodes d&#8217;enseignement des instructeurs ?<\/em><\/p>\n\n\n\n<p>&#8211; Nous essayons d\u2019appliquer ce que nous apprenons des sensei japonaises et nous int\u00e9grons des m\u00e9thodes d\u2019enseignements d\u00e9riv\u00e9 d\u2019autres philosophies ou arts martiaux.<\/p>\n\n\n\n<p><em>Depuis sa cr\u00e9ation, votre club est-il en constante \u00e9volution ?<\/em><\/p>\n\n\n\n<p>&#8211; Constante non, mais il \u00e9volue&nbsp;!<\/p>\n\n\n\n<p><em>Pensez-vous que votre club soit suffisamment connu dans votre r\u00e9gion ?<\/em><\/p>\n\n\n\n<p>&#8211; On peut toujours faire mieux&#8230;<\/p>\n\n\n\n<p><em>Parmi vos licenci\u00e9s, avez-vous quelques athl\u00e8tes de renomm\u00e9e r\u00e9gionale, nationale ou internationale ?<\/em><\/p>\n\n\n\n<p>&#8211; Dans notre discipline nous sommes connut mondialement.<\/p>\n\n\n\n<p><em>Si vous deviez \u00e9num\u00e9rer les points forts de votre club, quels seraient-ils ?<\/em><\/p>\n\n\n\n<p>&#8211; L\u2019amiti\u00e9, la pratique d\u2019un art martial sans prise de t\u00eate&nbsp;!<\/p>\n\n\n\n<p><em>G\u00e9rez-vous seul(e) votre club ou \u00eates-vous \u00e9paul\u00e9(e) dans votre t\u00e2che ?<\/em><\/p>\n\n\n\n<p>&#8211; Nous g\u00e9rons tous ensemble&nbsp;!<\/p>\n\n\n\n<p><em>Organisez vous des \u00e9v\u00e9nements sportifs ?<\/em><\/p>\n\n\n\n<p>&#8211; Oui, des stages&#8230;<\/p>\n\n\n\n<p><em>Suivez vous vos licenci\u00e9s lors des comp\u00e9titions, des stages ou autre ?<\/em><\/p>\n\n\n\n<p>-J\u2019pense bien&nbsp;!<\/p>\n\n\n\n<p><em>Dans un avenir proche, vous \u00eates-vous fix\u00e9 un objectif pr\u00e9cis \u00e0 atteindre ? Si oui, pensez-vous y arriver seul ou souhaiteriez-vous de l\u2019aide ?<\/em><\/p>\n\n\n\n<p>&#8211; Nous organisons les championnats du monde 2007, et un peu d\u2019aide serait la bienvenue&nbsp;!<\/p>\n\n\n\n<p><em>La f\u00e9d\u00e9ration, \u00e0 laquelle vous d\u00e9pendez, vous informe-t-elle suffisamment ?<\/em><\/p>\n\n\n\n<p>&#8211; Autant qu\u2019elle le peut, mais elle est aussi limit\u00e9e en moyen.<\/p>\n\n\n\n<p><em>La discipline que vous enseignez est-elle connue du grand public ? Si tel n\u2019est pas le cas, pouvez-vous en quelques lignes la d\u00e9crire en donnant peut-\u00eatre quelques d\u00e9tails sp\u00e9cifiques \u00e0 son enseignement dans votre club ?<\/em><\/p>\n\n\n\n<p>&#8211; H\u00e9las non je le crains. Alors, je dirais qu\u2019il s\u2019agit du petit fr\u00e8re du Kendo&nbsp;! C\u2019est un art martial japonais, o\u00f9 l\u2019on s\u2019affronte avec des hallebardes. Au Japon il a la r\u00e9putation d\u2019\u00eatre le pendant f\u00e9minin du kendo. (\u00e0 d\u00e9couvrir&nbsp;!)<\/p>\n\n\n\n<p><em>Avez-vous des sponsors ? Si oui, qu\u2019offrent-ils \u00e0 votre club ? Si non, en recherchez-vous ?<\/em><\/p>\n\n\n\n<p>&#8211; Nous n\u2019en avons pas et en cherchons&nbsp;!<\/p>\n\n\n\n<p><em>Que pensez-vous de l\u2019annuaire Noomba Sport ?<\/em><\/p>\n\n\n\n<p>&#8211; C\u2019est g\u00e9nial, du reste nous avons d\u00e9j\u00e0 une personne qui est venue \u00e0 nous par ce genre d\u2019annuaire&nbsp;!<\/p>\n","protected":false},"excerpt":{"rendered":"<p>Petite interview pour le site &#8220;noomba sport&#8221; Comment \u00eates-vous devenu responsable de club ? et quels ont \u00e9t\u00e9 vos motivations pour le devenir ? &#8211; L\u2019anciennet\u00e9, je n\u2019ai pas cherch\u00e9 \u00e0 devenir instructeur&nbsp;! Mais je rempli cette fonction du mieux <a class=\"more-link\" href=\"http:\/\/nagibel.com\/index.php\/interview-pour-noomba-sport\/\">Continue reading <span class=\"screen-reader-text\">  Interview pour Noomba sport<\/span><span class=\"meta-nav\">&rarr;<\/span><\/a><\/p>\n","protected":false},"author":1,"featured_media":0,"parent":0,"menu_order":0,"comment_status":"closed","ping_status":"closed","template":"","meta":[],"_links":{"self":[{"href":"http:\/\/nagibel.com\/index.php\/wp-json\/wp\/v2\/pages\/500"}],"collection":[{"href":"http:\/\/nagibel.com\/index.php\/wp-json\/wp\/v2\/pages"}],"about":[{"href":"http:\/\/nagibel.com\/index.php\/wp-json\/wp\/v2\/types\/page"}],"author":[{"embeddable":true,"href":"http:\/\/nagibel.com\/index.php\/wp-json\/wp\/v2\/users\/1"}],"replies":[{"embeddable":true,"href":"http:\/\/nagibel.com\/index.php\/wp-json\/wp\/v2\/comments?post=500"}],"version-history":[{"count":1,"href":"http:\/\/nagibel.com\/index.php\/wp-json\/wp\/v2\/pages\/500\/revisions"}],"predecessor-version":[{"id":501,"href":"http:\/\/nagibel.com\/index.php\/wp-json\/wp\/v2\/pages\/500\/revisions\/501"}],"wp:attachment":[{"href":"http:\/\/nagibel.com\/index.php\/wp-json\/wp\/v2\/media?parent=500"}],"curies":[{"name":"wp","href":"https:\/\/api.w.org\/{rel}","templated":true}]}}