{"id":498,"date":"2020-02-16T15:48:53","date_gmt":"2020-02-16T14:48:53","guid":{"rendered":"http:\/\/nagibel.com\/?page_id=498"},"modified":"2020-02-16T15:48:53","modified_gmt":"2020-02-16T14:48:53","slug":"rotary-club-2017","status":"publish","type":"page","link":"http:\/\/nagibel.com\/index.php\/rotary-club-2017\/","title":{"rendered":"Rotary club (2017)"},"content":{"rendered":"\n<figure class=\"wp-block-table\"><table><tbody><tr><td>Le 18 mars 2017, nous avons fait une d\u00e9monstration au th\u00e9\u00e2tre St Michel \u00e0 l&#8217;occasion d&#8217;une soir\u00e9e culturelle promouvant l&#8217;amiti\u00e9 entre la Belgique et le Japon. <img decoding=\"async\" loading=\"lazy\" src=\"https:\/\/web.archive.org\/web\/20180904062021im_\/http:\/\/www.nagibel.be\/uploads\/images\/Pub\/demo_18mars2017.jpg\" alt=\"\" width=\"543\" height=\"768\"><\/td><td><\/td><td><\/td><\/tr><\/tbody><\/table><\/figure>\n","protected":false},"excerpt":{"rendered":"<p>Le 18 mars 2017, nous avons fait une d\u00e9monstration au th\u00e9\u00e2tre St Michel \u00e0 l&#8217;occasion d&#8217;une soir\u00e9e culturelle promouvant l&#8217;amiti\u00e9 entre la Belgique et le Japon.<\/p>\n","protected":false},"author":1,"featured_media":0,"parent":0,"menu_order":0,"comment_status":"closed","ping_status":"closed","template":"","meta":[],"_links":{"self":[{"href":"http:\/\/nagibel.com\/index.php\/wp-json\/wp\/v2\/pages\/498"}],"collection":[{"href":"http:\/\/nagibel.com\/index.php\/wp-json\/wp\/v2\/pages"}],"about":[{"href":"http:\/\/nagibel.com\/index.php\/wp-json\/wp\/v2\/types\/page"}],"author":[{"embeddable":true,"href":"http:\/\/nagibel.com\/index.php\/wp-json\/wp\/v2\/users\/1"}],"replies":[{"embeddable":true,"href":"http:\/\/nagibel.com\/index.php\/wp-json\/wp\/v2\/comments?post=498"}],"version-history":[{"count":1,"href":"http:\/\/nagibel.com\/index.php\/wp-json\/wp\/v2\/pages\/498\/revisions"}],"predecessor-version":[{"id":499,"href":"http:\/\/nagibel.com\/index.php\/wp-json\/wp\/v2\/pages\/498\/revisions\/499"}],"wp:attachment":[{"href":"http:\/\/nagibel.com\/index.php\/wp-json\/wp\/v2\/media?parent=498"}],"curies":[{"name":"wp","href":"https:\/\/api.w.org\/{rel}","templated":true}]}}