{"id":478,"date":"2020-02-06T18:26:24","date_gmt":"2020-02-06T17:26:24","guid":{"rendered":"http:\/\/nagibel.com\/?page_id=478"},"modified":"2020-02-06T18:49:57","modified_gmt":"2020-02-06T17:49:57","slug":"obernai-2017","status":"publish","type":"page","link":"http:\/\/nagibel.com\/index.php\/obernai-2017\/","title":{"rendered":"Obernai (2017)"},"content":{"rendered":"\n<p>Le dernier week-end de juin, le club Kendo d&#8217;Obernai, en Alsace, a invit\u00e9 Tyl Dermine Sense\u00ef, 4\u00e8me dan et David D&#8217;Hose Sense\u00ef, 5\u00e8me dan de Naginata, pour leur apprendre \u00e0 pratiquer la Naginata et \u00e0 appr\u00e9hender la pratique du Kendo face \u00e0 un autre Art Martial. Comme en 2016, c&#8217;\u00e9tait une excellente fa\u00e7on de partager notre passion des Arts Martiaux et d&#8217;apprendre les uns des autres.<br>On se donne rendez-vous en 2018 pour la 3\u00e8me \u00e9ditions !<\/p>\n\n\n\n<figure class=\"wp-block-image\"><img decoding=\"async\" src=\"https:\/\/image.jimcdn.com\/app\/cms\/image\/transf\/dimension=392x1024:format=jpg\/path\/s62b1657542dfdd11\/image\/i84b1f0d40c27632c\/version\/1502973354\/image.jpg\" alt=\"\"\/><figcaption><img decoding=\"async\" src=\"https:\/\/image.jimcdn.com\/app\/cms\/image\/transf\/dimension=682x2048:format=jpg\/path\/s62b1657542dfdd11\/image\/i0fbf51af61075a85\/version\/1502973473\/image.jpg\" alt=\"\"><\/figcaption><\/figure>\n\n\n\n<p><\/p>\n","protected":false},"excerpt":{"rendered":"<p>Le dernier week-end de juin, le club Kendo d&#8217;Obernai, en Alsace, a invit\u00e9 Tyl Dermine Sense\u00ef, 4\u00e8me dan et David D&#8217;Hose Sense\u00ef, 5\u00e8me dan de Naginata, pour leur apprendre \u00e0 pratiquer la Naginata et \u00e0 appr\u00e9hender la pratique du Kendo <a class=\"more-link\" href=\"http:\/\/nagibel.com\/index.php\/obernai-2017\/\">Continue reading <span class=\"screen-reader-text\">  Obernai (2017)<\/span><span class=\"meta-nav\">&rarr;<\/span><\/a><\/p>\n","protected":false},"author":1,"featured_media":0,"parent":0,"menu_order":0,"comment_status":"closed","ping_status":"closed","template":"","meta":[],"_links":{"self":[{"href":"http:\/\/nagibel.com\/index.php\/wp-json\/wp\/v2\/pages\/478"}],"collection":[{"href":"http:\/\/nagibel.com\/index.php\/wp-json\/wp\/v2\/pages"}],"about":[{"href":"http:\/\/nagibel.com\/index.php\/wp-json\/wp\/v2\/types\/page"}],"author":[{"embeddable":true,"href":"http:\/\/nagibel.com\/index.php\/wp-json\/wp\/v2\/users\/1"}],"replies":[{"embeddable":true,"href":"http:\/\/nagibel.com\/index.php\/wp-json\/wp\/v2\/comments?post=478"}],"version-history":[{"count":1,"href":"http:\/\/nagibel.com\/index.php\/wp-json\/wp\/v2\/pages\/478\/revisions"}],"predecessor-version":[{"id":479,"href":"http:\/\/nagibel.com\/index.php\/wp-json\/wp\/v2\/pages\/478\/revisions\/479"}],"wp:attachment":[{"href":"http:\/\/nagibel.com\/index.php\/wp-json\/wp\/v2\/media?parent=478"}],"curies":[{"name":"wp","href":"https:\/\/api.w.org\/{rel}","templated":true}]}}