{"id":475,"date":"2020-02-06T18:23:44","date_gmt":"2020-02-06T17:23:44","guid":{"rendered":"http:\/\/nagibel.com\/?page_id=475"},"modified":"2020-02-06T18:24:35","modified_gmt":"2020-02-06T17:24:35","slug":"obernai","status":"publish","type":"page","link":"http:\/\/nagibel.com\/index.php\/obernai\/","title":{"rendered":"Obernai (2016)"},"content":{"rendered":"\n<figure class=\"wp-block-image\"><img decoding=\"async\" src=\"https:\/\/web.archive.org\/web\/20180904034646im_\/http:\/\/www.nagibel.be\/uploads\/images\/stages\/13418494_1815130015376859_2590272539306604406_o.jpg\" alt=\"\"\/><\/figure>\n\n\n\n<p>&#8220;Le kendo Club Obernai organise son 1er stage d&#8217;initiation de Naginata \u00e0 destination des kendokas. Un rdv riche en \u00e9changes et en apprentissage. Quand choisir son arme devient corn\u00e9lien.&#8221;<\/p>\n\n\n\n<p>David, Tyl et Laurence sont all\u00e9s donn\u00e9 une initiation de naginata et de techniques d&#8217;Ishujiai \u00e0 Obernai avec l&#8217;aide d&#8217;Olivier, Marion et H\u00e9lo\u00efse.<\/p>\n\n\n\n<p>Un vrais plaisir!<\/p>\n\n\n\n<p>Le partage et la convivialit\u00e9 \u00e9taient les ma\u00eetres mots de ce stage.<br><br><img decoding=\"async\" loading=\"lazy\" src=\"https:\/\/web.archive.org\/web\/20180904034646im_\/http:\/\/www.nagibel.be\/uploads\/images\/stages\/13391402_1815127702043757_3166068991490551592_o.jpg\" alt=\"\" width=\"394\" height=\"590\"><\/p>\n","protected":false},"excerpt":{"rendered":"<p>&#8220;Le kendo Club Obernai organise son 1er stage d&#8217;initiation de Naginata \u00e0 destination des kendokas. Un rdv riche en \u00e9changes et en apprentissage. Quand choisir son arme devient corn\u00e9lien.&#8221; David, Tyl et Laurence sont all\u00e9s donn\u00e9 une initiation de naginata <a class=\"more-link\" href=\"http:\/\/nagibel.com\/index.php\/obernai\/\">Continue reading <span class=\"screen-reader-text\">  Obernai (2016)<\/span><span class=\"meta-nav\">&rarr;<\/span><\/a><\/p>\n","protected":false},"author":1,"featured_media":0,"parent":0,"menu_order":0,"comment_status":"closed","ping_status":"closed","template":"","meta":[],"_links":{"self":[{"href":"http:\/\/nagibel.com\/index.php\/wp-json\/wp\/v2\/pages\/475"}],"collection":[{"href":"http:\/\/nagibel.com\/index.php\/wp-json\/wp\/v2\/pages"}],"about":[{"href":"http:\/\/nagibel.com\/index.php\/wp-json\/wp\/v2\/types\/page"}],"author":[{"embeddable":true,"href":"http:\/\/nagibel.com\/index.php\/wp-json\/wp\/v2\/users\/1"}],"replies":[{"embeddable":true,"href":"http:\/\/nagibel.com\/index.php\/wp-json\/wp\/v2\/comments?post=475"}],"version-history":[{"count":2,"href":"http:\/\/nagibel.com\/index.php\/wp-json\/wp\/v2\/pages\/475\/revisions"}],"predecessor-version":[{"id":477,"href":"http:\/\/nagibel.com\/index.php\/wp-json\/wp\/v2\/pages\/475\/revisions\/477"}],"wp:attachment":[{"href":"http:\/\/nagibel.com\/index.php\/wp-json\/wp\/v2\/media?parent=475"}],"curies":[{"name":"wp","href":"https:\/\/api.w.org\/{rel}","templated":true}]}}